{"id":4447,"date":"2020-10-08T11:27:21","date_gmt":"2020-10-08T09:27:21","guid":{"rendered":"http:\/\/www.italfil.it\/quality\/"},"modified":"2025-12-09T13:41:36","modified_gmt":"2025-12-09T12:41:36","slug":"cestoni-metallici-qualita-certificata","status":"publish","type":"page","link":"https:\/\/www.italfil.it\/it\/cestoni-metallici-qualita-certificata\/","title":{"rendered":"Cestoni Metallici Qualit\u00e0 Certificata"},"content":{"rendered":"<div class=\"wpb-content-wrapper\"><p>[vc_row][vc_column][vc_empty_space][vc_column_text]<\/p>\n<h1 class=\"p1\">Produzione di cestoni metallici, contenitori e roll con qualit\u00e0 certificata<\/h1>\n<p>[\/vc_column_text][vc_empty_space][vc_column_text]<\/p>\n<p class=\"p1\">La mission di Italfil, azienda <strong>produttrice di contenitori in filo metallico<\/strong>, <strong>roll container<\/strong>, <strong>cestoni metallici<\/strong> e <strong>roll per supermercati<\/strong>, \u00e8 stata fin dalla sua costituzione, quella di fornire prodotti di altissima qualit\u00e0, selezionando accuratamente fornitori e collaboratori.<\/p>\n<p class=\"p1\"><em>La qualit\u00e0 del prodotto finale per\u00f2 \u00e8 frutto della qualit\u00e0 del lavoro e delle condizioni dei lavoratori e degli ambienti.<\/em><\/p>\n<p class=\"p1\">Condizioni che stanno a a cuore all&#8217;azienda che persegue gli standard internazionali con certosino impegno. <strong>Un impegno riconosciuto e certificato dagli standard di sicurezza in vigore a livello internazionale.<\/strong><\/p>\n<p class=\"p1\">Da anni, con grande soddisfazione e conseguente comprovato successo, Italfil \u00e8 titolare delle certificazioni di qualit\u00e0 SA800, ISO 9001_2015, ISO 45001:2018 e ISO 14001_2015 sposandone gli obiettivi e soddisfacendo pienamente i requisiti richiesti.<\/p>\n<p>[\/vc_column_text][vc_empty_space][vc_column_text]<\/p>\n<h2 class=\"p1\">Le certificazioni di qualit\u00e0 riconosciute ad Italfil per la progettazione, produzione, vendita e assistenza di contenitori, cestoni metallici ed accessori per la movimentazione e gestione materiali.<\/h2>\n<p>[\/vc_column_text][vc_empty_space][vc_column_text]<\/p>\n<p class=\"p1\"><strong>Focus sulle condizioni del lavoro: Certificazione SA8000<\/strong><\/p>\n<p class=\"p1\"><em>SA8000 \u00e8 un sistema di gestione focalizzato sulle condizioni di lavoro.<\/em><\/p>\n<p class=\"p1\">Si tratta di uno standard accreditato riconosciuto a livello internazionale rilasciato ad Italfil per l&#8217;impegno nello sviluppo sostenibile e sociale.<\/p>\n<p class=\"p1\">Lo scopo della certificazione si riferisce alla responsabilizzazione e alla protezione di tutto il personale che fornisce prodotti o servizi, compreso quello impiegato dall&#8217;organizzazione per le attivit\u00e0 di progettazione, produzione, vendita e assistenza di contenitori metallici ed accessori per la movimentazione e gestione materiali.<\/p>\n<p>[\/vc_column_text][\/vc_column][\/vc_row][vc_row][vc_column width=&#8221;1\/4&#8243;][vc_empty_space height=&#8221;50px&#8221;][vc_single_image image=&#8221;6843&#8243; img_size=&#8221;full&#8221; alignment=&#8221;center&#8221;][\/vc_column][vc_column width=&#8221;3\/4&#8243;][vc_empty_space height=&#8221;50px&#8221;][vc_column_text]<\/p>\n<ul>\n<li><a href=\"https:\/\/www.italfil.it\/wp-content\/uploads\/2024\/01\/Certificate-ITALFIL-DI-GUERRA-D.-E-C.-S.N.C-SA-8000-REV1.pdf\">ITALFIL DI GUERRA D. e C. S.N.C.- SA8000<\/a><\/li>\n<li><a href=\"https:\/\/www.italfil.it\/wp-content\/uploads\/2024\/01\/ISO-9001.pdf\" target=\"_blank\" rel=\"noopener\">ITALFIL DI GUERRA D. E C. S.N.C. ISO 9001_2015<\/a><\/li>\n<li><a href=\"https:\/\/www.italfil.it\/wp-content\/uploads\/2024\/01\/2023_2026_ITALFIL-DI-GUERRA-D.-E-C.-S.N.C._ISO-45001_Cert.pdf\">ITALFIL DI GUERRA D. E C. S.N.C._ISO 45001_Cert_2020_2023<\/a><\/li>\n<li><a href=\"https:\/\/www.italfil.it\/wp-content\/uploads\/2024\/01\/ISO-14001.pdf\" target=\"_blank\" rel=\"noopener\">ITALFIL DI GUERRA D. E C. S.N.C._ISO_1400 EMS_Cert_Rev.23.10.18<\/a><\/li>\n<li><a href=\"https:\/\/www.italfil.it\/wp-content\/uploads\/2022\/06\/Politiche-per-la-qualita\u0300.pdf\" target=\"_blank\" rel=\"noopener\">LA NOSTRA POLITICA<\/a><\/li>\n<li><a href=\"https:\/\/www.italfil.it\/wp-content\/uploads\/2025\/12\/Italfil-Politica-ed-Obiettivi-per-la-qualita-07-06-2024.pdf\" target=\"_blank\" rel=\"noopener\">LE POLITICHE DI ITALFIL SNC PER LA QUALIT\u00c0, LA SICUREZZA SUL LAVORO, L\u2019AMBIENTE E L\u2019ETICA<\/a><\/li>\n<\/ul>\n<p>[\/vc_column_text][\/vc_column][\/vc_row][vc_row][vc_column][vc_column_text]<strong>Focus sulle condizioni del lavoro: Certificazione SA8000<\/strong><\/p>\n<p>SA8000 \u00e8 un sistema di gestione focalizzato sulle condizioni di lavoro.<br \/>\nSi tratta di uno <strong>standard accreditato riconosciuto a livello internazionale<\/strong> rilasciato ad Italfil <strong>per l&#8217;impegno nello sviluppo sostenibile e sociale<\/strong>.<\/p>\n<p>Lo scopo della certificazione si riferisce alla responsabilizzazione e alla protezione di tutto il personale che fornisce prodotti o servizi, compreso quello impiegato dall&#8217;organizzazione per le attivit\u00e0 di progettazione, produzione, vendita e assistenza di contenitori metallici ed accessori per la movimentazione e gestione materiali.[\/vc_column_text][vc_column_text]<\/p>\n<p class=\"p1\"><a href=\"https:\/\/www.italfil.it\/wp-content\/uploads\/2024\/01\/ISO-9001.pdf\">ITALFIL DI GUERRA D. E C. S.N.C. ISO 9001_2015 &#8211; Scarica il Certificato<\/a><\/p>\n<p>[\/vc_column_text][vc_empty_space][vc_column_text]<\/p>\n<p class=\"p1\"><strong>Salute e sicurezza sul lavoro: la Certificazione ISO 45001:2018<\/strong><\/p>\n<p class=\"p1\">La ISO 45001 \u2013 \u201cSistemi di gestione per la salute e sicurezza sul lavoro \u2013 Requisiti e guida per l\u2019uso\u201d \u2013 specifica i requisiti di Italfil per la progettazione e implementazione di un sistema di gestione per la salute e sicurezza sul lavoro (SSL), al fine di consentire all&#8217;azienda di predisporre luoghi di lavoro sicuri e salubri, prevenendo lesioni e malattie correlate al lavoro, nonch\u00e9 migliorando proattivamente le proprie prestazioni relative alla SSL.<\/p>\n<p>[\/vc_column_text][vc_column_text]<a href=\"https:\/\/www.italfil.it\/wp-content\/uploads\/2024\/01\/2023_2026_ITALFIL-DI-GUERRA-D.-E-C.-S.N.C._ISO-45001_Cert.pdf\">ITALFIL DI GUERRA D. E C. S.N.C._ISO 45001_Cert_2020_2023 &#8211; Scarica il Certificato<\/a>[\/vc_column_text][vc_empty_space][vc_column_text]<\/p>\n<p class=\"p1\"><strong>Gestione ambientale: la certificazione ISO 14001_2015<\/strong><\/p>\n<p class=\"p1\"><em>La norma specifica i requisiti di un sistema di gestione ambientale.<\/em><\/p>\n<p class=\"p1\">La norma \u00e8 destinata a quelle realt\u00e0 che, come Italfil, desiderano gestire le proprie responsabilit\u00e0 ambientali in un modo sistematico contribeundo alla sostenibilit\u00e0 ambientale. La norma consente il raggiungimento degli esiti attesi dal sistema di gestione ambientale, che forniscono valore aggiunto per l&#8217;ambiente, per l&#8217;organizzazione stessa e per le parti interessate. Coerentemente con la politica ambientale dell&#8217;organizzazione, gli esiti attesi del sistema di gestione ambientale comprendono:<\/p>\n<p class=\"p1\">\u2013 il raggiungimento delle prestazioni ambientali;<\/p>\n<p class=\"p1\">\u2013 l&#8217;adempimento degli obblighi di conformit\u00e0;<\/p>\n<p class=\"p1\">\u2013 il raggiungimento degli obiettivi ambientali.<\/p>\n<p class=\"p1\"><a href=\"https:\/\/www.italfil.it\/wp-content\/uploads\/2020\/11\/ITALFIL-DI-GUERRA-D.-E-C.-S.N.C._EMS_Cert_Rev.23.10.18.pdf\">ITALFIL DI GUERRA D. E C. S.N.C._ISO_1400 EMS_Cert_Rev.23.10.18 &#8211; Scarica il Certificato<\/a><\/p>\n<p>[\/vc_column_text][vc_empty_space][vc_column_text]<\/p>\n<p class=\"p1\"><a href=\"https:\/\/www.italfil.it\/it\/indice-dei-prodotti\/\">Scopri i nostri prodotti &gt;<\/a><\/p>\n<p>[\/vc_column_text][vc_empty_space][vc_column_text]<\/p>\n<p class=\"p1\" style=\"text-align: center;\"><strong><a href=\"https:\/\/www.italfil.it\/it\/contatti\/\">Contattaci per un preventivo &gt;<\/a><\/strong><\/p>\n<p>[\/vc_column_text][vc_empty_space][\/vc_column][\/vc_row]<\/p>\n<\/div>","protected":false},"excerpt":{"rendered":"<p>[vc_row][vc_column][vc_empty_space][vc_column_text] Produzione di cestoni metallici, contenitori e roll con qualit\u00e0 certificata [\/vc_column_text][vc_empty_space][vc_column_text] La mission di Italfil, azienda produttrice di contenitori in filo metallico, roll container, cestoni metallici e roll per supermercati, \u00e8 stata fin dalla sua costituzione, quella di fornire prodotti di altissima qualit\u00e0, selezionando accuratamente fornitori e collaboratori. La qualit\u00e0 del prodotto finale per\u00f2 &hellip;<\/p>\n","protected":false},"author":1,"featured_media":0,"parent":0,"menu_order":0,"comment_status":"closed","ping_status":"closed","template":"","meta":[],"yoast_head":"<!-- This site is optimized with the Yoast SEO plugin v18.2 - https:\/\/yoast.com\/wordpress\/plugins\/seo\/ -->\n<title>Cestoni Metallici: progettazione e produzione certificata<\/title>\n<meta name=\"description\" content=\"La produzione di cestoni metallici e contenitori in filo metallico Italfil risponde ai pi\u00f9 alti standard di qualit\u00e0 internazionali.\" \/>\n<meta name=\"robots\" content=\"index, follow, max-snippet:-1, max-image-preview:large, max-video-preview:-1\" \/>\n<link rel=\"canonical\" href=\"https:\/\/www.italfil.it\/it\/cestoni-metallici-qualita-certificata\/\" \/>\n<meta property=\"og:locale\" content=\"it_IT\" \/>\n<meta property=\"og:type\" content=\"article\" \/>\n<meta property=\"og:title\" content=\"Cestoni Metallici: progettazione e produzione certificata\" \/>\n<meta property=\"og:description\" content=\"La produzione di cestoni metallici e contenitori in filo metallico Italfil risponde ai pi\u00f9 alti standard di qualit\u00e0 internazionali.\" \/>\n<meta property=\"og:url\" content=\"https:\/\/www.italfil.it\/it\/cestoni-metallici-qualita-certificata\/\" \/>\n<meta property=\"og:site_name\" content=\"Italfil\" \/>\n<meta property=\"article:publisher\" content=\"https:\/\/www.facebook.com\/italfil\/\" \/>\n<meta property=\"article:modified_time\" content=\"2025-12-09T12:41:36+00:00\" \/>\n<meta property=\"og:image\" content=\"https:\/\/www.italfil.it\/wp-content\/uploads\/2019\/04\/Schermata-2019-04-13-alle-14.53.40.png\" \/>\n\t<meta property=\"og:image:width\" content=\"3350\" \/>\n\t<meta property=\"og:image:height\" content=\"1606\" \/>\n\t<meta property=\"og:image:type\" content=\"image\/png\" \/>\n<meta name=\"twitter:card\" content=\"summary_large_image\" \/>\n<meta name=\"twitter:label1\" content=\"Tempo di lettura stimato\" \/>\n\t<meta name=\"twitter:data1\" content=\"3 minuti\" \/>\n<script type=\"application\/ld+json\" class=\"yoast-schema-graph\">{\"@context\":\"https:\/\/schema.org\",\"@graph\":[{\"@type\":\"Organization\",\"@id\":\"https:\/\/www.italfil.it\/de\/#organization\",\"name\":\"Italfil\",\"url\":\"https:\/\/www.italfil.it\/de\/\",\"sameAs\":[\"https:\/\/www.facebook.com\/italfil\/\",\"https:\/\/www.instagram.com\/italfil_italia\/\"],\"logo\":{\"@type\":\"ImageObject\",\"@id\":\"https:\/\/www.italfil.it\/de\/#logo\",\"inLanguage\":\"it-IT\",\"url\":\"https:\/\/www.italfil.it\/wp-content\/uploads\/2018\/06\/italfil-marchio-bandiera.png\",\"contentUrl\":\"https:\/\/www.italfil.it\/wp-content\/uploads\/2018\/06\/italfil-marchio-bandiera.png\",\"width\":1036,\"height\":1010,\"caption\":\"Italfil\"},\"image\":{\"@id\":\"https:\/\/www.italfil.it\/de\/#logo\"}},{\"@type\":\"WebSite\",\"@id\":\"https:\/\/www.italfil.it\/de\/#website\",\"url\":\"https:\/\/www.italfil.it\/de\/\",\"name\":\"Italfil\",\"description\":\"Realt\u00e0 in movimento\",\"publisher\":{\"@id\":\"https:\/\/www.italfil.it\/de\/#organization\"},\"potentialAction\":[{\"@type\":\"SearchAction\",\"target\":{\"@type\":\"EntryPoint\",\"urlTemplate\":\"https:\/\/www.italfil.it\/de\/?s={search_term_string}\"},\"query-input\":\"required name=search_term_string\"}],\"inLanguage\":\"it-IT\"},{\"@type\":\"WebPage\",\"@id\":\"https:\/\/www.italfil.it\/it\/cestoni-metallici-qualita-certificata\/#webpage\",\"url\":\"https:\/\/www.italfil.it\/it\/cestoni-metallici-qualita-certificata\/\",\"name\":\"Cestoni Metallici: progettazione e produzione certificata\",\"isPartOf\":{\"@id\":\"https:\/\/www.italfil.it\/de\/#website\"},\"datePublished\":\"2020-10-08T09:27:21+00:00\",\"dateModified\":\"2025-12-09T12:41:36+00:00\",\"description\":\"La produzione di cestoni metallici e contenitori in filo metallico Italfil risponde ai pi\u00f9 alti standard di qualit\u00e0 internazionali.\",\"breadcrumb\":{\"@id\":\"https:\/\/www.italfil.it\/it\/cestoni-metallici-qualita-certificata\/#breadcrumb\"},\"inLanguage\":\"it-IT\",\"potentialAction\":[{\"@type\":\"ReadAction\",\"target\":[\"https:\/\/www.italfil.it\/it\/cestoni-metallici-qualita-certificata\/\"]}]},{\"@type\":\"BreadcrumbList\",\"@id\":\"https:\/\/www.italfil.it\/it\/cestoni-metallici-qualita-certificata\/#breadcrumb\",\"itemListElement\":[{\"@type\":\"ListItem\",\"position\":1,\"name\":\"Home\",\"item\":\"https:\/\/www.italfil.it\/it\/\"},{\"@type\":\"ListItem\",\"position\":2,\"name\":\"Cestoni Metallici Qualit\u00e0 Certificata\"}]}]}<\/script>\n<!-- \/ Yoast SEO plugin. -->","yoast_head_json":{"title":"Cestoni Metallici: progettazione e produzione certificata","description":"La produzione di cestoni metallici e contenitori in filo metallico Italfil risponde ai pi\u00f9 alti standard di qualit\u00e0 internazionali.","robots":{"index":"index","follow":"follow","max-snippet":"max-snippet:-1","max-image-preview":"max-image-preview:large","max-video-preview":"max-video-preview:-1"},"canonical":"https:\/\/www.italfil.it\/it\/cestoni-metallici-qualita-certificata\/","og_locale":"it_IT","og_type":"article","og_title":"Cestoni Metallici: progettazione e produzione certificata","og_description":"La produzione di cestoni metallici e contenitori in filo metallico Italfil risponde ai pi\u00f9 alti standard di qualit\u00e0 internazionali.","og_url":"https:\/\/www.italfil.it\/it\/cestoni-metallici-qualita-certificata\/","og_site_name":"Italfil","article_publisher":"https:\/\/www.facebook.com\/italfil\/","article_modified_time":"2025-12-09T12:41:36+00:00","og_image":[{"width":3350,"height":1606,"url":"https:\/\/www.italfil.it\/wp-content\/uploads\/2019\/04\/Schermata-2019-04-13-alle-14.53.40.png","type":"image\/png"}],"twitter_card":"summary_large_image","twitter_misc":{"Tempo di lettura stimato":"3 minuti"},"schema":{"@context":"https:\/\/schema.org","@graph":[{"@type":"Organization","@id":"https:\/\/www.italfil.it\/de\/#organization","name":"Italfil","url":"https:\/\/www.italfil.it\/de\/","sameAs":["https:\/\/www.facebook.com\/italfil\/","https:\/\/www.instagram.com\/italfil_italia\/"],"logo":{"@type":"ImageObject","@id":"https:\/\/www.italfil.it\/de\/#logo","inLanguage":"it-IT","url":"https:\/\/www.italfil.it\/wp-content\/uploads\/2018\/06\/italfil-marchio-bandiera.png","contentUrl":"https:\/\/www.italfil.it\/wp-content\/uploads\/2018\/06\/italfil-marchio-bandiera.png","width":1036,"height":1010,"caption":"Italfil"},"image":{"@id":"https:\/\/www.italfil.it\/de\/#logo"}},{"@type":"WebSite","@id":"https:\/\/www.italfil.it\/de\/#website","url":"https:\/\/www.italfil.it\/de\/","name":"Italfil","description":"Realt\u00e0 in movimento","publisher":{"@id":"https:\/\/www.italfil.it\/de\/#organization"},"potentialAction":[{"@type":"SearchAction","target":{"@type":"EntryPoint","urlTemplate":"https:\/\/www.italfil.it\/de\/?s={search_term_string}"},"query-input":"required name=search_term_string"}],"inLanguage":"it-IT"},{"@type":"WebPage","@id":"https:\/\/www.italfil.it\/it\/cestoni-metallici-qualita-certificata\/#webpage","url":"https:\/\/www.italfil.it\/it\/cestoni-metallici-qualita-certificata\/","name":"Cestoni Metallici: progettazione e produzione certificata","isPartOf":{"@id":"https:\/\/www.italfil.it\/de\/#website"},"datePublished":"2020-10-08T09:27:21+00:00","dateModified":"2025-12-09T12:41:36+00:00","description":"La produzione di cestoni metallici e contenitori in filo metallico Italfil risponde ai pi\u00f9 alti standard di qualit\u00e0 internazionali.","breadcrumb":{"@id":"https:\/\/www.italfil.it\/it\/cestoni-metallici-qualita-certificata\/#breadcrumb"},"inLanguage":"it-IT","potentialAction":[{"@type":"ReadAction","target":["https:\/\/www.italfil.it\/it\/cestoni-metallici-qualita-certificata\/"]}]},{"@type":"BreadcrumbList","@id":"https:\/\/www.italfil.it\/it\/cestoni-metallici-qualita-certificata\/#breadcrumb","itemListElement":[{"@type":"ListItem","position":1,"name":"Home","item":"https:\/\/www.italfil.it\/it\/"},{"@type":"ListItem","position":2,"name":"Cestoni Metallici Qualit\u00e0 Certificata"}]}]}},"_links":{"self":[{"href":"https:\/\/www.italfil.it\/it\/wp-json\/wp\/v2\/pages\/4447"}],"collection":[{"href":"https:\/\/www.italfil.it\/it\/wp-json\/wp\/v2\/pages"}],"about":[{"href":"https:\/\/www.italfil.it\/it\/wp-json\/wp\/v2\/types\/page"}],"author":[{"embeddable":true,"href":"https:\/\/www.italfil.it\/it\/wp-json\/wp\/v2\/users\/1"}],"replies":[{"embeddable":true,"href":"https:\/\/www.italfil.it\/it\/wp-json\/wp\/v2\/comments?post=4447"}],"version-history":[{"count":25,"href":"https:\/\/www.italfil.it\/it\/wp-json\/wp\/v2\/pages\/4447\/revisions"}],"predecessor-version":[{"id":6886,"href":"https:\/\/www.italfil.it\/it\/wp-json\/wp\/v2\/pages\/4447\/revisions\/6886"}],"wp:attachment":[{"href":"https:\/\/www.italfil.it\/it\/wp-json\/wp\/v2\/media?parent=4447"}],"curies":[{"name":"wp","href":"https:\/\/api.w.org\/{rel}","templated":true}]}}