{"id":3805,"date":"2019-03-15T11:36:34","date_gmt":"2019-03-15T10:36:34","guid":{"rendered":"http:\/\/www.italfil.it\/cookie\/"},"modified":"2019-03-15T11:36:34","modified_gmt":"2019-03-15T10:36:34","slug":"cookie","status":"publish","type":"page","link":"https:\/\/www.italfil.it\/it\/cookie\/","title":{"rendered":"Cookie"},"content":{"rendered":"<h1>INFORMATIVA SULLA PRIVACY<\/h1>\n<h1>INFORMATIVA ESTESA SULL&#8217;UTILIZZO DI COOKIES NEL SITO www.italfil.it<\/h1>\n<div>\n<p>Durante la navigazione sul sito\u00a0<strong>www.italfil.it<\/strong>\u00a0possono essere registrate nel computer dell&#8217;utente alcune informazioni sotto forma di Cookies. www.italfil.it fa uso esclusivamente di cookies di tipo &#8220;tecnico&#8221;, cos\u00ec come definiti dal\u00a0<a href=\"\/\/www.garanteprivacy.it\/web\/guest\/home\/docweb\/-\/docweb-display\/docweb\/3118884\" target=\"_blank\" rel=\"noopener noreferrer\">provvedimento del Garante per la Privacy dell&#8217;8 maggio 2014<\/a>\u00a0e pertanto, relativamente a questi, non \u00e8 soggetto all&#8217;obbligo di informativa da esso previsto, poich\u00e8 si tratta di informazioni esclusivamente funzionali alla fruizione delle caratteristiche del sito stesso.<\/p>\n<p>Durante la navigazione su www.italfil.it possono per\u00f2 essere presentate all&#8217;utente inserzioni pubblicitarie provenienti dal circuito Google Adsense. Tali inserzioni si avvalgono invece di cookies definiti &#8220;di terze parti&#8221; e possono registrare sui server di Google alcune informazioni circa le abitudini e le preferenze di consumo degli utenti. L&#8217;onere di ricevere il consenso in merito ai cookies di terze parti ricade sulle terze parti stesse, come chiarito nelle\u00a0<a href=\"\/\/www.garanteprivacy.it\/web\/guest\/home\/docweb\/-\/docweb-display\/docweb\/3585077\" target=\"_blank\" rel=\"noopener noreferrer\">FAQ del Garante<\/a>.<\/p>\n<p>Qualora desiderassi essere informato sulla natura dei cookies di terze parti presenti su www.italfil.it e sulla possibilit\u00e0\u00a0 di optare per la loro disattivazione dovrai pertanto consultare il link\u00a0<a href=\"\/\/www.google.com\/policies\/technologies\/ads\/\" target=\"_blank\" rel=\"noopener noreferrer\">\/\/www.google.com\/policies\/technologies\/ads\/<\/a><\/p>\n<p>A titolo di completezza, desideriamo comunque informarti del fatto che puoi operare una scelta preventiva attraverso le impostazioni del tuo browser o di altri software di Internet Security. Tale operazione pu\u00f2 tuttavia inficiare il modo con cui si \u00e8 in grado di interagire con il nostro sito cos\u00ec come altri siti web, comportando l&#8217; impossibilit\u00e0\u00a0 di accedere a determinati servizi.<\/p>\n<p>Per ulteriori dettagli tecnici in merito puoi consultare le risorse di assistenza dei browser pi\u00f9 diffusi:<br \/>\n<strong>FIREFOX<\/strong>:\u00a0<a href=\"https:\/\/support.mozilla.org\/it\/kb\/Attivare%20e%20disattivare%20i%20cookie\" target=\"_blank\" rel=\"noopener noreferrer\">https:\/\/support.mozilla.org\/it\/kb\/Attivare e disattivare i cookie<\/a><br \/>\n<strong>CHROME<\/strong>:\u00a0<a href=\"\/\/www.google.it\/intl\/it\/policies\/technologies\/managing\/\" target=\"_blank\" rel=\"noopener noreferrer\">\/\/www.google.it\/intl\/it\/policies\/technologies\/managing\/<\/a><br \/>\n<strong>IE<\/strong>:\u00a0<a href=\"\/\/windows.microsoft.com\/it-it\/windows7\/block-enable-or-allow-cookies\" target=\"_blank\" rel=\"noopener noreferrer\">\/\/windows.microsoft.com\/it-it\/windows7\/block-enable-or-allow-cookies<\/a><br \/>\n<strong>SAFARI<\/strong>:\u00a0<a href=\"https:\/\/support.apple.com\/it-it\/HT201265\" target=\"_blank\" rel=\"noopener noreferrer\">https:\/\/support.apple.com\/it-it\/HT201265<\/a><\/p>\n<\/div>\n","protected":false},"excerpt":{"rendered":"<p>INFORMATIVA SULLA PRIVACY INFORMATIVA ESTESA SULL&#8217;UTILIZZO DI COOKIES NEL SITO www.italfil.it Durante la navigazione sul sito\u00a0www.italfil.it\u00a0possono essere registrate nel computer dell&#8217;utente alcune informazioni sotto forma di Cookies. www.italfil.it fa uso esclusivamente di cookies di tipo &#8220;tecnico&#8221;, cos\u00ec come definiti dal\u00a0provvedimento del Garante per la Privacy dell&#8217;8 maggio 2014\u00a0e pertanto, relativamente a questi, non \u00e8 soggetto &hellip;<\/p>\n","protected":false},"author":1,"featured_media":0,"parent":0,"menu_order":0,"comment_status":"closed","ping_status":"closed","template":"","meta":[],"yoast_head":"<!-- This site is optimized with the Yoast SEO plugin v18.2 - https:\/\/yoast.com\/wordpress\/plugins\/seo\/ -->\n<title>Cookie | Italfil<\/title>\n<meta name=\"description\" content=\"INFORMATIVA SULLA PRIVACY INFORMATIVA ESTESA SULL&#039;UTILIZZO DI COOKIES NEL SITO www.italfil.it Durante la navigazione sul sito\u00a0www.italfil.it\u00a0possono\" \/>\n<meta name=\"robots\" content=\"index, follow, max-snippet:-1, max-image-preview:large, max-video-preview:-1\" \/>\n<link rel=\"canonical\" href=\"https:\/\/www.italfil.it\/it\/cookie\/\" \/>\n<meta property=\"og:locale\" content=\"it_IT\" \/>\n<meta property=\"og:type\" content=\"article\" \/>\n<meta property=\"og:title\" content=\"Cookie | Italfil\" \/>\n<meta property=\"og:description\" content=\"INFORMATIVA SULLA PRIVACY INFORMATIVA ESTESA SULL&#039;UTILIZZO DI COOKIES NEL SITO www.italfil.it Durante la navigazione sul sito\u00a0www.italfil.it\u00a0possono\" \/>\n<meta property=\"og:url\" content=\"https:\/\/www.italfil.it\/it\/cookie\/\" \/>\n<meta property=\"og:site_name\" content=\"Italfil\" \/>\n<meta property=\"article:publisher\" content=\"https:\/\/www.facebook.com\/italfil\/\" \/>\n<meta property=\"og:image\" content=\"https:\/\/www.italfil.it\/wp-content\/uploads\/2019\/04\/Schermata-2019-04-13-alle-14.53.40.png\" \/>\n\t<meta property=\"og:image:width\" content=\"3350\" \/>\n\t<meta property=\"og:image:height\" content=\"1606\" \/>\n\t<meta property=\"og:image:type\" content=\"image\/png\" \/>\n<meta name=\"twitter:card\" content=\"summary_large_image\" \/>\n<meta name=\"twitter:label1\" content=\"Tempo di lettura stimato\" \/>\n\t<meta name=\"twitter:data1\" content=\"2 minuti\" \/>\n<script type=\"application\/ld+json\" class=\"yoast-schema-graph\">{\"@context\":\"https:\/\/schema.org\",\"@graph\":[{\"@type\":\"Organization\",\"@id\":\"https:\/\/www.italfil.it\/de\/#organization\",\"name\":\"Italfil\",\"url\":\"https:\/\/www.italfil.it\/de\/\",\"sameAs\":[\"https:\/\/www.facebook.com\/italfil\/\",\"https:\/\/www.instagram.com\/italfil_italia\/\"],\"logo\":{\"@type\":\"ImageObject\",\"@id\":\"https:\/\/www.italfil.it\/de\/#logo\",\"inLanguage\":\"it-IT\",\"url\":\"https:\/\/www.italfil.it\/wp-content\/uploads\/2018\/06\/italfil-marchio-bandiera.png\",\"contentUrl\":\"https:\/\/www.italfil.it\/wp-content\/uploads\/2018\/06\/italfil-marchio-bandiera.png\",\"width\":1036,\"height\":1010,\"caption\":\"Italfil\"},\"image\":{\"@id\":\"https:\/\/www.italfil.it\/de\/#logo\"}},{\"@type\":\"WebSite\",\"@id\":\"https:\/\/www.italfil.it\/de\/#website\",\"url\":\"https:\/\/www.italfil.it\/de\/\",\"name\":\"Italfil\",\"description\":\"Realt\u00e0 in movimento\",\"publisher\":{\"@id\":\"https:\/\/www.italfil.it\/de\/#organization\"},\"potentialAction\":[{\"@type\":\"SearchAction\",\"target\":{\"@type\":\"EntryPoint\",\"urlTemplate\":\"https:\/\/www.italfil.it\/de\/?s={search_term_string}\"},\"query-input\":\"required name=search_term_string\"}],\"inLanguage\":\"it-IT\"},{\"@type\":\"WebPage\",\"@id\":\"https:\/\/www.italfil.it\/it\/cookie\/#webpage\",\"url\":\"https:\/\/www.italfil.it\/it\/cookie\/\",\"name\":\"Cookie | Italfil\",\"isPartOf\":{\"@id\":\"https:\/\/www.italfil.it\/de\/#website\"},\"datePublished\":\"2019-03-15T10:36:34+00:00\",\"dateModified\":\"2019-03-15T10:36:34+00:00\",\"description\":\"INFORMATIVA SULLA PRIVACY INFORMATIVA ESTESA SULL'UTILIZZO DI COOKIES NEL SITO www.italfil.it Durante la navigazione sul sito\u00a0www.italfil.it\u00a0possono\",\"breadcrumb\":{\"@id\":\"https:\/\/www.italfil.it\/it\/cookie\/#breadcrumb\"},\"inLanguage\":\"it-IT\",\"potentialAction\":[{\"@type\":\"ReadAction\",\"target\":[\"https:\/\/www.italfil.it\/it\/cookie\/\"]}]},{\"@type\":\"BreadcrumbList\",\"@id\":\"https:\/\/www.italfil.it\/it\/cookie\/#breadcrumb\",\"itemListElement\":[{\"@type\":\"ListItem\",\"position\":1,\"name\":\"Home\",\"item\":\"https:\/\/www.italfil.it\/it\/\"},{\"@type\":\"ListItem\",\"position\":2,\"name\":\"Cookie\"}]}]}<\/script>\n<!-- \/ Yoast SEO plugin. -->","yoast_head_json":{"title":"Cookie | Italfil","description":"INFORMATIVA SULLA PRIVACY INFORMATIVA ESTESA SULL'UTILIZZO DI COOKIES NEL SITO www.italfil.it Durante la navigazione sul sito\u00a0www.italfil.it\u00a0possono","robots":{"index":"index","follow":"follow","max-snippet":"max-snippet:-1","max-image-preview":"max-image-preview:large","max-video-preview":"max-video-preview:-1"},"canonical":"https:\/\/www.italfil.it\/it\/cookie\/","og_locale":"it_IT","og_type":"article","og_title":"Cookie | Italfil","og_description":"INFORMATIVA SULLA PRIVACY INFORMATIVA ESTESA SULL'UTILIZZO DI COOKIES NEL SITO www.italfil.it Durante la navigazione sul sito\u00a0www.italfil.it\u00a0possono","og_url":"https:\/\/www.italfil.it\/it\/cookie\/","og_site_name":"Italfil","article_publisher":"https:\/\/www.facebook.com\/italfil\/","og_image":[{"width":3350,"height":1606,"url":"https:\/\/www.italfil.it\/wp-content\/uploads\/2019\/04\/Schermata-2019-04-13-alle-14.53.40.png","type":"image\/png"}],"twitter_card":"summary_large_image","twitter_misc":{"Tempo di lettura stimato":"2 minuti"},"schema":{"@context":"https:\/\/schema.org","@graph":[{"@type":"Organization","@id":"https:\/\/www.italfil.it\/de\/#organization","name":"Italfil","url":"https:\/\/www.italfil.it\/de\/","sameAs":["https:\/\/www.facebook.com\/italfil\/","https:\/\/www.instagram.com\/italfil_italia\/"],"logo":{"@type":"ImageObject","@id":"https:\/\/www.italfil.it\/de\/#logo","inLanguage":"it-IT","url":"https:\/\/www.italfil.it\/wp-content\/uploads\/2018\/06\/italfil-marchio-bandiera.png","contentUrl":"https:\/\/www.italfil.it\/wp-content\/uploads\/2018\/06\/italfil-marchio-bandiera.png","width":1036,"height":1010,"caption":"Italfil"},"image":{"@id":"https:\/\/www.italfil.it\/de\/#logo"}},{"@type":"WebSite","@id":"https:\/\/www.italfil.it\/de\/#website","url":"https:\/\/www.italfil.it\/de\/","name":"Italfil","description":"Realt\u00e0 in movimento","publisher":{"@id":"https:\/\/www.italfil.it\/de\/#organization"},"potentialAction":[{"@type":"SearchAction","target":{"@type":"EntryPoint","urlTemplate":"https:\/\/www.italfil.it\/de\/?s={search_term_string}"},"query-input":"required name=search_term_string"}],"inLanguage":"it-IT"},{"@type":"WebPage","@id":"https:\/\/www.italfil.it\/it\/cookie\/#webpage","url":"https:\/\/www.italfil.it\/it\/cookie\/","name":"Cookie | Italfil","isPartOf":{"@id":"https:\/\/www.italfil.it\/de\/#website"},"datePublished":"2019-03-15T10:36:34+00:00","dateModified":"2019-03-15T10:36:34+00:00","description":"INFORMATIVA SULLA PRIVACY INFORMATIVA ESTESA SULL'UTILIZZO DI COOKIES NEL SITO www.italfil.it Durante la navigazione sul sito\u00a0www.italfil.it\u00a0possono","breadcrumb":{"@id":"https:\/\/www.italfil.it\/it\/cookie\/#breadcrumb"},"inLanguage":"it-IT","potentialAction":[{"@type":"ReadAction","target":["https:\/\/www.italfil.it\/it\/cookie\/"]}]},{"@type":"BreadcrumbList","@id":"https:\/\/www.italfil.it\/it\/cookie\/#breadcrumb","itemListElement":[{"@type":"ListItem","position":1,"name":"Home","item":"https:\/\/www.italfil.it\/it\/"},{"@type":"ListItem","position":2,"name":"Cookie"}]}]}},"_links":{"self":[{"href":"https:\/\/www.italfil.it\/it\/wp-json\/wp\/v2\/pages\/3805"}],"collection":[{"href":"https:\/\/www.italfil.it\/it\/wp-json\/wp\/v2\/pages"}],"about":[{"href":"https:\/\/www.italfil.it\/it\/wp-json\/wp\/v2\/types\/page"}],"author":[{"embeddable":true,"href":"https:\/\/www.italfil.it\/it\/wp-json\/wp\/v2\/users\/1"}],"replies":[{"embeddable":true,"href":"https:\/\/www.italfil.it\/it\/wp-json\/wp\/v2\/comments?post=3805"}],"version-history":[{"count":0,"href":"https:\/\/www.italfil.it\/it\/wp-json\/wp\/v2\/pages\/3805\/revisions"}],"wp:attachment":[{"href":"https:\/\/www.italfil.it\/it\/wp-json\/wp\/v2\/media?parent=3805"}],"curies":[{"name":"wp","href":"https:\/\/api.w.org\/{rel}","templated":true}]}}