{"id":358,"date":"2015-08-12T12:27:19","date_gmt":"2015-08-12T10:27:19","guid":{"rendered":"http:\/\/savoy.nordicmade.com\/?page_id=358"},"modified":"2025-04-18T14:12:38","modified_gmt":"2025-04-18T12:12:38","slug":"roll-container-produzione-contenitori-metallici","status":"publish","type":"page","link":"https:\/\/www.italfil.it\/it\/roll-container-produzione-contenitori-metallici\/","title":{"rendered":"Roll Container: produzione Contenitori Metallici"},"content":{"rendered":"<div class=\"wpb-content-wrapper\"><p>[vc_row type=\u201dboxed\u201d][vc_column][vc_empty_space height=\u201d47px\u201d][vc_column_text]<\/p>\n<h1>Italfil: soluzioni logistiche per lo stoccaggio in Roll Container e movimentazione di prodotti e materiali.<\/h1>\n<p>[\/vc_column_text][\/vc_column][\/vc_row][vc_row type=\u201dboxed\u201d][vc_column][vc_empty_space height=\u201d43px\u201d]\n\t\t\t<div class=\"nm-banner content-full image-type-fluid text-color-dark\" style=\"\"><img src=\"https:\/\/www.italfil.it\/wp-content\/uploads\/2019\/05\/capannone-1-e1640622321428.jpg\" alt=\"roll container\" \/>\n\t\t\t<\/div>[vc_empty_space height=\u201d47px\u201d][\/vc_column][\/vc_row][vc_row type=\u201dboxed\u201d][vc_column width=\u201d1\/4\u2033 offset=\u201dvc_col-sm-offset-1\u2033][vc_column_text]<strong>Chi siamo<\/strong>[\/vc_column_text][vc_empty_space height=\u201d17px\u201d][\/vc_column][vc_column width=\u201d7\/12\u2033][vc_column_text]<\/p>\n<h2>Da quarant\u2019anni il punto di riferimento nella produzione di roll container, contenitori in filo metallico e cestoni metallici<\/h2>\n<p class=\"p1\">Fondata nel 1981, e forte della costante ricerca e di un continuo perfezionamento nelle metodologie di produzione, <strong>Italfil<\/strong> \u00e8 oggi leader di mercato nella produzione e distribuzione di contenitori in filo metallico, tra cui <strong>roll container<\/strong> e <strong>cestoni metallici<\/strong> per diversi campi applicativi.<\/p>\n<p class=\"p1\">L\u2019osservazione continua dei nostri mercati di riferimento ci ha consentito di sviluppare negli anni centinaia di nuovi prodotti, raccogliendo le esigenze manifestate e concentrando la nostra attivit\u00e0 sulla flessibilit\u00e0 e sulla <strong>capacit\u00e0 di fornire risposte adeguate alle necessit\u00e0 di diverse tipologie di clienti<\/strong>.<\/p>\n<p class=\"p1\">Queste peculiarit\u00e0 ci consentono oggi di essere partner di riferimento di una vasta gamma di realt\u00e0, che sono alla ricerca di contenitori pieghevoli e impilabili atti allo stoccaggio, al trasporto e alla logistica, oltre che alla movimentazione di merci e all\u2019esposizione. <strong>Realizziamo infatti contenitori metallici e roll container di alta qualit\u00e0<\/strong>, robusti, affidabili e di massima durata destinati ai settori dell\u2019<a href=\"https:\/\/www.italfil.it\/it\/prodotti\/enologia\/\">enologia<\/a>, la grande <a href=\"https:\/\/www.italfil.it\/it\/prodotti\/gdo\/\">distribuzione<\/a>, l\u2019industria e il commercio.<\/p>\n<p>[\/vc_column_text][\/vc_column][\/vc_row][vc_row][vc_column][vc_empty_space height=\u201d100px\u201d][\/vc_column][\/vc_row][vc_row type=\u201dfull-nopad\u201d css=\u201d.vc_custom_1528555197454{background-color: #c1dfc4 !important;}\u201d][vc_column][vc_empty_space height=\u201d100\u2033][vc_row_inner type=\u201dboxed\u201d content_placement=\u201dmiddle\u201d][vc_column_inner width=\u201d1\/12\u2033][\/vc_column_inner][vc_column_inner width=\u201d2\/12\u2033][vc_single_image image=\u201d994\u2033 img_size=\u201d193\u00d7100\u2033 alignment=\u201dcenter\u201d][\/vc_column_inner][vc_column_inner width=\u201d1\/12\u2033][\/vc_column_inner][vc_column_inner width=\u201d7\/12\u2033][vc_column_text]<\/p>\n<h3 style=\"text-align: left;\"><span style=\"color: #111111;\">Impresa associata a Confindustria<\/span><\/h3>\n<p>[\/vc_column_text][vc_empty_space height=\u201d47px\u201d][vc_column_text]<\/p>\n<p class=\"p1\">La Carta Confederale dei Principi per la Sostenibilit\u00e0 Ambientale rappresenta, per le imprese e le associazioni aderenti a <a href=\"https:\/\/www.confindustria.it\/\">Confindustria<\/a>, la bussola dei valori di riferimento nel loro cammino per uno sviluppo sostenibile.<\/p>\n<p>[\/vc_column_text][\/vc_column_inner][vc_column_inner width=\u201d1\/12\u2033][\/vc_column_inner][\/vc_row_inner][vc_empty_space height=\u201d100\u2033][\/vc_column][\/vc_row][vc_row][vc_column][vc_empty_space height=\u201d100px\u201d][\/vc_column][\/vc_row][vc_row type=\u201dboxed\u201d][vc_column width=\u201d1\/4\u2033 offset=\u201dvc_col-sm-offset-1\u2033][vc_pie value=\u201d60\u2033 label_value=\u201d60\u2033 color=\u201dcustom\u201d custom_color=\u201d#c7dec6\u2033 units=\u201d%\u201d][vc_column_text]<\/p>\n<p style=\"text-align: center;\"><strong>Produzione esportata all\u2019estero<\/strong><\/p>\n<p>[\/vc_column_text][vc_empty_space height=\u201d17px\u201d][\/vc_column][vc_column width=\u201d7\/12\u2033][vc_column_text]<\/p>\n<h3>Impianti di produzione altamente performanti e uno staff variegato di professionisti specializzati<\/h3>\n<p>\u00a0<\/p>\n<p class=\"p1\">I nostri impianti di produzione sono situati nel Nord Italia, a Travagliato, in provincia di Brescia. Moderni e completamente automatizzati, coprono una superficie di 7.000 m2 (coperti). L\u2019automazione performante delle nostre linee di produzione garantisce una grande capacit\u00e0 produttiva. Grazie al nostro staff composto da 40 professionisti che si occupano di ricerca, sviluppo e produzione, siamo in grado di garantire standard qualitativi elevati che ci permettono di offrire ai nostri clienti consegne rapide combinate a prezzi estremamente competitivi.<\/p>\n<p class=\"p1\"><a href=\"https:\/\/www.italfil.it\/it\/indice-dei-prodotti\/\"><strong>Scopri di pi\u00f9 su roll container, contenitori il filo mettalico e cestoni metallici<\/strong><\/a><\/p>\n<p class=\"p1\">La rete di vendita e distribuzione di ITALFIL \u00e8 costituita da agenti diretti che operano, non solo in tutta Italia, ma anche in diversi Paesi europei. La nostra politica di trattare con agenti guidati direttamente dal nostro quartier generale ci consente di essere il partner perfetto per i nostri clienti e di offrire un servizio professionale e rapido in qualsiasi momento.<\/p>\n<p class=\"p1\">Grazie alla nostra gestione flessibile e alla capacit\u00e0 di produzione customizzata, nel corso degli anni abbiamo costantemente aumentato il nostro fatturato, sviluppando nuovi prodotti per molte tipologie di clienti. Tutti i nostri contenitori sono progettati, sviluppati e realizzati direttamente da ITALFIL. Garantiamo l\u2019adeguata finitura di tutti i prodotti attraverso il reparto tecnico e produttivo interno e secondo gli standard e le linee guida pi\u00f9 severi. Attualmente esportiamo il 60% della nostra produzione all\u2019estero, in tutto il mondo.<\/p>\n<p>[\/vc_column_text][\/vc_column][\/vc_row][vc_row][vc_column][vc_empty_space height=\u201d100px\u201d][\/vc_column][\/vc_row][vc_row type=\u201dboxed\u201d][vc_column][vc_empty_space height=\u201d43px\u201d]\n\t\t\t<div class=\"nm-banner content-full image-type-fluid text-color-dark\" style=\"\"><img src=\"https:\/\/www.italfil.it\/wp-content\/uploads\/2018\/09\/30073581_1901109329913171_9048365817728260328_o-1.jpg\" alt=\"contenitori metallici\" \/>\n\t\t\t<\/div>[vc_empty_space height=\u201d47px\u201d][\/vc_column][\/vc_row][vc_row type=\u201dboxed\u201d][vc_column width=\u201d1\/4\u2033 offset=\u201dvc_col-sm-offset-1\u2033][vc_column_text]<strong>Be4 S.r.l.<\/strong>[\/vc_column_text][vc_empty_space height=\u201d17px\u201d][\/vc_column][vc_column width=\u201d7\/12\u2033][vc_column_text]<\/p>\n<h3>Be4 S.r.l. Per la fornitura di contenitori metallici al mercato del Retail Organizzato<\/h3>\n<p>Le esigenze del Retail Organizzato e le richieste sempre maggiori pervenuteci da questo specifico settore ci hanno spinto a voler ottimizzare le sinergie interne e creare una filiale dedicata. Ecco che nel Settebre 2000 nasce, parallelamente ad ad Italfil, Be4 una realt\u00e0 specalizzata in prodotti e servizi dedicati al mercato del Retail Organizzato.<\/p>\n<p>[\/vc_column_text][\/vc_column][\/vc_row][vc_row][vc_column][vc_empty_space height=\u201d100px\u201d][\/vc_column][\/vc_row][vc_row type=\u201dboxed\u201d][vc_column width=\u201d1\/4\u2033 offset=\u201dvc_col-sm-offset-1\u2033][vc_column_text]<strong>Eco-sostenibile con il fotovoltaico<\/strong>[\/vc_column_text][vc_empty_space height=\u201d17px\u201d][\/vc_column][vc_column width=\u201d7\/12\u2033][vc_column_text]<\/p>\n<h3 class=\"p1\">Produzione s\u00ec, ma con attenzione alla sostenbilit\u00e0 ambientale, etico-sociale ed economica<\/h3>\n<p class=\"p1\">Sostenibilit\u00e0 ambientale, etico-sociale ed econosmica non sono concetti vuoti in Italfil, ma obiettivi che hanno guidato negli anni le nostre scelte. Nel 2011 abbiamo infatti deciso di investire nel \u201csolare\u201d per poter contribuire alla minimizzazione dell\u2019impatto ambientale dei nostri processi produttivi . Abbiamo cos\u00ec installato un impianto fotovoltaico di 3000 mq per consentire all\u2019azienda di produrre in un\u2019ottica di ecosostenibilit\u00e0 e rispetto.<\/p>\n<p>[\/vc_column_text][\/vc_column][\/vc_row][vc_row][vc_column][vc_empty_space height=\u201d100px\u201d][vc_column_text]<\/p>\n<p class=\"p1\" style=\"text-align: center;\"><strong><a href=\"http:\/\/www.italfil.it\/it\/contatti\/\">Contattaci ora per un preventivo<\/a><\/strong><\/p>\n<p>[\/vc_column_text][vc_empty_space height=\u201d100px\u201d][\/vc_column][\/vc_row]<\/p>\n<\/div>","protected":false},"excerpt":{"rendered":"<p>[vc_row type=\u201dboxed\u201d][vc_column][vc_empty_space height=\u201d47px\u201d][vc_column_text] Italfil: soluzioni logistiche per lo stoccaggio in Roll Container e movimentazione di prodotti e materiali. [\/vc_column_text][\/vc_column][\/vc_row][vc_row type=\u201dboxed\u201d][vc_column][vc_empty_space height=\u201d43px\u201d][vc_empty_space height=\u201d47px\u201d][\/vc_column][\/vc_row][vc_row type=\u201dboxed\u201d][vc_column width=\u201d1\/4\u2033 offset=\u201dvc_col-sm-offset-1\u2033][vc_column_text]Chi siamo[\/vc_column_text][vc_empty_space height=\u201d17px\u201d][\/vc_column][vc_column width=\u201d7\/12\u2033][vc_column_text] Da quarant\u2019anni il punto di riferimento nella produzione di roll container, contenitori in filo metallico e cestoni metallici Fondata nel 1981, e forte della costante ricerca e &hellip;<\/p>\n","protected":false},"author":1,"featured_media":0,"parent":0,"menu_order":0,"comment_status":"closed","ping_status":"closed","template":"","meta":[],"yoast_head":"<!-- This site is optimized with the Yoast SEO plugin v18.2 - https:\/\/yoast.com\/wordpress\/plugins\/seo\/ -->\n<title>Roll Container: contenitori metallici per Industria e Commercio<\/title>\n<meta name=\"description\" content=\"Italfil \u00e8 azienda leader nella produzione e distribuzione di Roll Container e Cestoni Metallici per l&#039;industria, l&#039;enologia e commercio.\" \/>\n<meta name=\"robots\" content=\"index, follow, max-snippet:-1, max-image-preview:large, max-video-preview:-1\" \/>\n<link rel=\"canonical\" href=\"https:\/\/www.italfil.it\/it\/roll-container-produzione-contenitori-metallici\/\" \/>\n<meta property=\"og:locale\" content=\"it_IT\" \/>\n<meta property=\"og:type\" content=\"article\" \/>\n<meta property=\"og:title\" content=\"Roll Container: contenitori metallici per industria, commercio, enologia\" \/>\n<meta property=\"og:description\" content=\"Italfil \u00e8 azienda leader nella produzione e distribuzione di Roll Container e Cestoni Metallici per l&#039;industria, l&#039;enologia e commercio.\" \/>\n<meta property=\"og:url\" content=\"https:\/\/www.italfil.it\/it\/roll-container-produzione-contenitori-metallici\/\" \/>\n<meta property=\"og:site_name\" content=\"Italfil\" \/>\n<meta property=\"article:publisher\" content=\"https:\/\/www.facebook.com\/italfil\/\" \/>\n<meta property=\"article:modified_time\" content=\"2025-04-18T12:12:38+00:00\" \/>\n<meta property=\"og:image\" content=\"https:\/\/www.italfil.it\/wp-content\/uploads\/2019\/05\/capannone-1-e1640622321428.jpg\" \/>\n\t<meta property=\"og:image:width\" content=\"1500\" \/>\n\t<meta property=\"og:image:height\" content=\"1001\" \/>\n\t<meta property=\"og:image:type\" content=\"image\/jpeg\" \/>\n<meta name=\"twitter:card\" content=\"summary_large_image\" \/>\n<meta name=\"twitter:title\" content=\"Roll Container: contenitori metallici per industria, commercio, enologia\" \/>\n<meta name=\"twitter:description\" content=\"Italfil \u00e8 azienda leader nella produzione e distribuzione di Roll Container e Cestoni Metallici per l&#039;industria, l&#039;enologia e commercio.\" \/>\n<meta name=\"twitter:image\" content=\"https:\/\/www.italfil.it\/wp-content\/uploads\/2019\/05\/capannone-1-e1640622321428.jpg\" \/>\n<meta name=\"twitter:label1\" content=\"Tempo di lettura stimato\" \/>\n\t<meta name=\"twitter:data1\" content=\"4 minuti\" \/>\n<script type=\"application\/ld+json\" class=\"yoast-schema-graph\">{\"@context\":\"https:\/\/schema.org\",\"@graph\":[{\"@type\":\"Organization\",\"@id\":\"https:\/\/www.italfil.it\/#organization\",\"name\":\"Italfil\",\"url\":\"https:\/\/www.italfil.it\/\",\"sameAs\":[\"https:\/\/www.facebook.com\/italfil\/\",\"https:\/\/www.instagram.com\/italfil_italia\/\"],\"logo\":{\"@type\":\"ImageObject\",\"@id\":\"https:\/\/www.italfil.it\/#logo\",\"inLanguage\":\"it-IT\",\"url\":\"https:\/\/www.italfil.it\/wp-content\/uploads\/2018\/06\/italfil-marchio-bandiera.png\",\"contentUrl\":\"https:\/\/www.italfil.it\/wp-content\/uploads\/2018\/06\/italfil-marchio-bandiera.png\",\"width\":1036,\"height\":1010,\"caption\":\"Italfil\"},\"image\":{\"@id\":\"https:\/\/www.italfil.it\/#logo\"}},{\"@type\":\"WebSite\",\"@id\":\"https:\/\/www.italfil.it\/#website\",\"url\":\"https:\/\/www.italfil.it\/\",\"name\":\"Italfil\",\"description\":\"Realt\u00e0 in movimento\",\"publisher\":{\"@id\":\"https:\/\/www.italfil.it\/#organization\"},\"potentialAction\":[{\"@type\":\"SearchAction\",\"target\":{\"@type\":\"EntryPoint\",\"urlTemplate\":\"https:\/\/www.italfil.it\/?s={search_term_string}\"},\"query-input\":\"required name=search_term_string\"}],\"inLanguage\":\"it-IT\"},{\"@type\":\"ImageObject\",\"@id\":\"https:\/\/www.italfil.it\/it\/roll-container-produzione-contenitori-metallici\/#primaryimage\",\"inLanguage\":\"it-IT\",\"url\":\"https:\/\/www.italfil.it\/wp-content\/uploads\/2019\/05\/capannone-1-e1640622321428.jpg\",\"contentUrl\":\"https:\/\/www.italfil.it\/wp-content\/uploads\/2019\/05\/capannone-1-e1640622321428.jpg\",\"width\":1500,\"height\":1001,\"caption\":\"roll container\"},{\"@type\":\"WebPage\",\"@id\":\"https:\/\/www.italfil.it\/it\/roll-container-produzione-contenitori-metallici\/#webpage\",\"url\":\"https:\/\/www.italfil.it\/it\/roll-container-produzione-contenitori-metallici\/\",\"name\":\"Roll Container: contenitori metallici per Industria e Commercio\",\"isPartOf\":{\"@id\":\"https:\/\/www.italfil.it\/#website\"},\"datePublished\":\"2015-08-12T10:27:19+00:00\",\"dateModified\":\"2025-04-18T12:12:38+00:00\",\"description\":\"Italfil \u00e8 azienda leader nella produzione e distribuzione di Roll Container e Cestoni Metallici per l'industria, l'enologia e commercio.\",\"breadcrumb\":{\"@id\":\"https:\/\/www.italfil.it\/it\/roll-container-produzione-contenitori-metallici\/#breadcrumb\"},\"inLanguage\":\"it-IT\",\"potentialAction\":[{\"@type\":\"ReadAction\",\"target\":[\"https:\/\/www.italfil.it\/it\/roll-container-produzione-contenitori-metallici\/\"]}]},{\"@type\":\"BreadcrumbList\",\"@id\":\"https:\/\/www.italfil.it\/it\/roll-container-produzione-contenitori-metallici\/#breadcrumb\",\"itemListElement\":[{\"@type\":\"ListItem\",\"position\":1,\"name\":\"Home\",\"item\":\"https:\/\/www.italfil.it\/it\/\"},{\"@type\":\"ListItem\",\"position\":2,\"name\":\"Roll Container: produzione Contenitori Metallici\"}]}]}<\/script>\n<!-- \/ Yoast SEO plugin. -->","yoast_head_json":{"title":"Roll Container: contenitori metallici per Industria e Commercio","description":"Italfil \u00e8 azienda leader nella produzione e distribuzione di Roll Container e Cestoni Metallici per l'industria, l'enologia e commercio.","robots":{"index":"index","follow":"follow","max-snippet":"max-snippet:-1","max-image-preview":"max-image-preview:large","max-video-preview":"max-video-preview:-1"},"canonical":"https:\/\/www.italfil.it\/it\/roll-container-produzione-contenitori-metallici\/","og_locale":"it_IT","og_type":"article","og_title":"Roll Container: contenitori metallici per industria, commercio, enologia","og_description":"Italfil \u00e8 azienda leader nella produzione e distribuzione di Roll Container e Cestoni Metallici per l'industria, l'enologia e commercio.","og_url":"https:\/\/www.italfil.it\/it\/roll-container-produzione-contenitori-metallici\/","og_site_name":"Italfil","article_publisher":"https:\/\/www.facebook.com\/italfil\/","article_modified_time":"2025-04-18T12:12:38+00:00","og_image":[{"width":1500,"height":1001,"url":"https:\/\/www.italfil.it\/wp-content\/uploads\/2019\/05\/capannone-1-e1640622321428.jpg","type":"image\/jpeg"}],"twitter_card":"summary_large_image","twitter_title":"Roll Container: contenitori metallici per industria, commercio, enologia","twitter_description":"Italfil \u00e8 azienda leader nella produzione e distribuzione di Roll Container e Cestoni Metallici per l'industria, l'enologia e commercio.","twitter_image":"https:\/\/www.italfil.it\/wp-content\/uploads\/2019\/05\/capannone-1-e1640622321428.jpg","twitter_misc":{"Tempo di lettura stimato":"4 minuti"},"schema":{"@context":"https:\/\/schema.org","@graph":[{"@type":"Organization","@id":"https:\/\/www.italfil.it\/#organization","name":"Italfil","url":"https:\/\/www.italfil.it\/","sameAs":["https:\/\/www.facebook.com\/italfil\/","https:\/\/www.instagram.com\/italfil_italia\/"],"logo":{"@type":"ImageObject","@id":"https:\/\/www.italfil.it\/#logo","inLanguage":"it-IT","url":"https:\/\/www.italfil.it\/wp-content\/uploads\/2018\/06\/italfil-marchio-bandiera.png","contentUrl":"https:\/\/www.italfil.it\/wp-content\/uploads\/2018\/06\/italfil-marchio-bandiera.png","width":1036,"height":1010,"caption":"Italfil"},"image":{"@id":"https:\/\/www.italfil.it\/#logo"}},{"@type":"WebSite","@id":"https:\/\/www.italfil.it\/#website","url":"https:\/\/www.italfil.it\/","name":"Italfil","description":"Realt\u00e0 in movimento","publisher":{"@id":"https:\/\/www.italfil.it\/#organization"},"potentialAction":[{"@type":"SearchAction","target":{"@type":"EntryPoint","urlTemplate":"https:\/\/www.italfil.it\/?s={search_term_string}"},"query-input":"required name=search_term_string"}],"inLanguage":"it-IT"},{"@type":"ImageObject","@id":"https:\/\/www.italfil.it\/it\/roll-container-produzione-contenitori-metallici\/#primaryimage","inLanguage":"it-IT","url":"https:\/\/www.italfil.it\/wp-content\/uploads\/2019\/05\/capannone-1-e1640622321428.jpg","contentUrl":"https:\/\/www.italfil.it\/wp-content\/uploads\/2019\/05\/capannone-1-e1640622321428.jpg","width":1500,"height":1001,"caption":"roll container"},{"@type":"WebPage","@id":"https:\/\/www.italfil.it\/it\/roll-container-produzione-contenitori-metallici\/#webpage","url":"https:\/\/www.italfil.it\/it\/roll-container-produzione-contenitori-metallici\/","name":"Roll Container: contenitori metallici per Industria e Commercio","isPartOf":{"@id":"https:\/\/www.italfil.it\/#website"},"datePublished":"2015-08-12T10:27:19+00:00","dateModified":"2025-04-18T12:12:38+00:00","description":"Italfil \u00e8 azienda leader nella produzione e distribuzione di Roll Container e Cestoni Metallici per l'industria, l'enologia e commercio.","breadcrumb":{"@id":"https:\/\/www.italfil.it\/it\/roll-container-produzione-contenitori-metallici\/#breadcrumb"},"inLanguage":"it-IT","potentialAction":[{"@type":"ReadAction","target":["https:\/\/www.italfil.it\/it\/roll-container-produzione-contenitori-metallici\/"]}]},{"@type":"BreadcrumbList","@id":"https:\/\/www.italfil.it\/it\/roll-container-produzione-contenitori-metallici\/#breadcrumb","itemListElement":[{"@type":"ListItem","position":1,"name":"Home","item":"https:\/\/www.italfil.it\/it\/"},{"@type":"ListItem","position":2,"name":"Roll Container: produzione Contenitori Metallici"}]}]}},"_links":{"self":[{"href":"https:\/\/www.italfil.it\/it\/wp-json\/wp\/v2\/pages\/358"}],"collection":[{"href":"https:\/\/www.italfil.it\/it\/wp-json\/wp\/v2\/pages"}],"about":[{"href":"https:\/\/www.italfil.it\/it\/wp-json\/wp\/v2\/types\/page"}],"author":[{"embeddable":true,"href":"https:\/\/www.italfil.it\/it\/wp-json\/wp\/v2\/users\/1"}],"replies":[{"embeddable":true,"href":"https:\/\/www.italfil.it\/it\/wp-json\/wp\/v2\/comments?post=358"}],"version-history":[{"count":55,"href":"https:\/\/www.italfil.it\/it\/wp-json\/wp\/v2\/pages\/358\/revisions"}],"predecessor-version":[{"id":6745,"href":"https:\/\/www.italfil.it\/it\/wp-json\/wp\/v2\/pages\/358\/revisions\/6745"}],"wp:attachment":[{"href":"https:\/\/www.italfil.it\/it\/wp-json\/wp\/v2\/media?parent=358"}],"curies":[{"name":"wp","href":"https:\/\/api.w.org\/{rel}","templated":true}]}}