{"id":3787,"date":"2019-03-15T11:29:41","date_gmt":"2019-03-15T10:29:41","guid":{"rendered":"http:\/\/www.italfil.it\/privacy-policy\/"},"modified":"2019-03-15T15:05:16","modified_gmt":"2019-03-15T14:05:16","slug":"privacy-policy","status":"publish","type":"page","link":"https:\/\/www.italfil.it\/fr\/privacy-policy\/","title":{"rendered":"Privacy Policy"},"content":{"rendered":"<div class=\"wpb-content-wrapper\"><p>[vc_row][vc_column width=\u00a0\u00bb1\/6&Prime;][\/vc_column][vc_column width=\u00a0\u00bb2\/3&Prime;][vc_empty_space][vc_column_text]<\/p>\n<h1 style=\"font-weight: 400;\"><strong>Privacy Policy<\/strong><\/h1>\n<p>[\/vc_column_text][vc_empty_space][vc_column_text]<\/p>\n<h1>Ce site internet est administr\u00e9 par \u00ab\u00a0Italfil snc di Guerra D. &amp; C\u00a0\u00bb<\/h1>\n<p>Nous vous informons que Italfil snc di Guerra D. &amp; C recueille des donn\u00e9es personnelles, et directement (demandant \u00e0 l&rsquo;utilisateur de les fournir) et indirectement (par des cookies). Italfil snc di Guerra D. &amp; C. garantit la conformit\u00e9 du traitement des donn\u00e9es personnelles avec la pr\u00e9sente politique de confidentialit\u00e9 et s&rsquo;engage \u00e0 utiliser respectueusement les informations collect\u00e9es. Ci-dessous sont illustr\u00e9es les finalit\u00e9s du traitement des donn\u00e9s personnelles, notamment en ce qui concerne la collecte de donn\u00e9es par ce site internet, l&rsquo;utilisation des cookies et les droits des utilisateurs en mati\u00e8re de politique de confidentialit\u00e9.<\/p>\n<h1>\nFinalit\u00e9s du traitement<\/h1>\n<p>Italfil snc di Guerra D. &amp; C recueille et traite les donn\u00e9es personnelles des clients afin d&rsquo;am\u00e9liorer ses activit\u00e9s, de mettre \u00e0 disposition des information et des services utiles \u00e0 ses clients et, enfin, d&rsquo;\u00e9laborer des statistiques concernant l&rsquo;utilisation du site internet. Les informations fournies par les clients sont utilis\u00e9es afin de les contacter en cas de n\u00e9cessit\u00e9, par exemple, pour leur communiquer des modifications dans le site internet ou bien, au cas o\u00f9 ils le souhaitent, des offertes et des services. Les finalit\u00e9s du traitement des donn\u00e9es personnelles \u00e0 travers le pr\u00e9sent site internet ou \u00e0 travers des modalit\u00e9s diff\u00e9rentes sont conformes \u00e0 l&rsquo;ordonnance n.196 du 30 juin 2003, dont le texte en version int\u00e9grale \u2013 incluant les droits pr\u00e9vus par l&rsquo;article 7\u2013 est disponible sur le site www.garanteprivacy.it<\/p>\n<h1>\nDonn\u00e9es sensibles<\/h1>\n<p>Italfil snc di Guerra D. &amp; C ne recueille pas de donn\u00e9es personnelles sensibles (informations concernant les origines raciales ou ethniques, les opinions politiques, philosophiques ou religieuses, ou qui sont relatives \u00e0 la sant\u00e9 ou \u00e0 leur vie sexuelle). Au contraire, une autorisation \u00e9crite sera demand\u00e9e \u00e0 l&rsquo;utilisateur.<\/p>\n<h1>\nCookies<\/h1>\n<p>Italfil snc di Guerra D. &amp; C est susceptible de recueillir des informations sur l&rsquo;utilisation que vous faites du site Web, telles que par exemple le nom de domaine, la quantit\u00e9 d&rsquo;acc\u00e8s, les pages visit\u00e9es, les sites visit\u00e9s pr\u00e9c\u00e9demment ou successivement, la dur\u00e9e de la connexion. \u00c0 cette fin, des cookies peuvent \u00eatre utilis\u00e9s. Les cookies sont de petits volumes d&rsquo;informations stock\u00e9s par votre navigateur Web sur le disque dur de votre ordinateur. Lorsque vous acc\u00e9dez \u00e0 nouveau \u00e0 notre site Web, notre serveur reconna\u00eet automatiquement le cookie, qui nous renseigne alors sur votre derni\u00e8re visite. Vous pouvez choisir si activer ou d\u00e9sactiver les cookies, modifiant la configuration de votre navigateur. D&rsquo;habitude, l&rsquo;activation des cookies rend la navigation sur le site plus rapide et facile..<\/p>\n<h1>\nSites internet de tiers<\/h1>\n<p>Nous vous informons que la pr\u00e9sente politique de confidentialit\u00e9 ne se r\u00e9f\u00e8re pas \u00e0 d&rsquo;autres sites internet auxquels notre site pourrait \u00eatre link\u00e9.<\/p>\n<h1>Exercice des droits des utilisateurs<\/h1>\n<p>Comment contacter Italfil snc di Guerra D. &amp; C<br \/>\nSi l&rsquo;utilisateur est un client, le traitement des donn\u00e9es personnelles avec des finalit\u00e9s statistiques ou commerciales d\u00e9pend directement de sa pr\u00e9ventive autorisation. Au cas o\u00f9 vous ne voulez pas recevoir de messages publicitaires, vous \u00eates pri\u00e9s de nous contacter \u00e0 l&rsquo;adresse suivante :<br \/>\nItalfil snc di Guerra D. &amp; C Via dell&rsquo;Artigianato,45 &#8211; 25039 Travagliato (BS) ITALY. Tel. +39 030 6864006-4655 &#8211; FAX +39 030 6864764. E-mail:\u00a0<a href=\"mailto:italfil@italfil.it\">italfil@italfil.it<\/a>\u00a0.Si vous souhaitez recevoir des informations ult\u00e9rieures concernant la pr\u00e9sente politique de confidentialit\u00e9 et la navigation sur ce site internet, n&rsquo;h\u00e9sitez pas \u00e0 nous contacter.<\/p>\n<h1>\nModifications<\/h1>\n<p>Italfil snc di Guerra D. &amp; C se r\u00e9serve le droit de modifier, partiellement ou totalement, \u00e0 tout moment, la pr\u00e9sente politique de confidentialit\u00e9. Vous \u00eates pri\u00e9s de la consulter \u00e0 chaque visite afin de v\u00e9rifier des \u00e9ventuelles modifications.[\/vc_column_text][vc_empty_space][\/vc_column][vc_column width=\u00a0\u00bb1\/6&Prime;][\/vc_column][\/vc_row]<\/p>\n<\/div>","protected":false},"excerpt":{"rendered":"<p>[vc_row][vc_column width=\u00a0\u00bb1\/6&Prime;][\/vc_column][vc_column width=\u00a0\u00bb2\/3&Prime;][vc_empty_space][vc_column_text] Privacy Policy [\/vc_column_text][vc_empty_space][vc_column_text] Ce site internet est administr\u00e9 par \u00ab\u00a0Italfil snc di Guerra D. &amp; C\u00a0\u00bb Nous vous informons que Italfil snc di Guerra D. &amp; C recueille des donn\u00e9es personnelles, et directement (demandant \u00e0 l&rsquo;utilisateur de les fournir) et indirectement (par des cookies). Italfil snc di Guerra D. &amp; C. garantit &hellip;<\/p>\n","protected":false},"author":1,"featured_media":0,"parent":0,"menu_order":0,"comment_status":"closed","ping_status":"open","template":"","meta":[],"yoast_head":"<!-- This site is optimized with the Yoast SEO plugin v18.2 - https:\/\/yoast.com\/wordpress\/plugins\/seo\/ -->\n<title>Privacy Policy | Italfil<\/title>\n<meta name=\"description\" content=\"Privacy Policy Ce site internet est administr\u00e9 par &quot;Italfil snc di Guerra D. &amp; C&quot; Nous vous informons que Italfil snc di Guerra D. &amp; C recueille\" \/>\n<meta name=\"robots\" content=\"index, follow, max-snippet:-1, max-image-preview:large, max-video-preview:-1\" \/>\n<link rel=\"canonical\" href=\"https:\/\/www.italfil.it\/fr\/privacy-policy\/\" \/>\n<meta property=\"og:locale\" content=\"fr_FR\" \/>\n<meta property=\"og:type\" content=\"article\" \/>\n<meta property=\"og:title\" content=\"Privacy Policy | Italfil\" \/>\n<meta property=\"og:description\" content=\"Privacy Policy Ce site internet est administr\u00e9 par &quot;Italfil snc di Guerra D. &amp; C&quot; Nous vous informons que Italfil snc di Guerra D. &amp; C recueille\" \/>\n<meta property=\"og:url\" content=\"https:\/\/www.italfil.it\/fr\/privacy-policy\/\" \/>\n<meta property=\"og:site_name\" content=\"Italfil\" \/>\n<meta property=\"article:publisher\" content=\"https:\/\/www.facebook.com\/italfil\/\" \/>\n<meta property=\"article:modified_time\" content=\"2019-03-15T14:05:16+00:00\" \/>\n<meta property=\"og:image\" content=\"https:\/\/www.italfil.it\/wp-content\/uploads\/2019\/04\/Schermata-2019-04-13-alle-14.53.40.png\" \/>\n\t<meta property=\"og:image:width\" content=\"3350\" \/>\n\t<meta property=\"og:image:height\" content=\"1606\" \/>\n\t<meta property=\"og:image:type\" content=\"image\/png\" \/>\n<meta name=\"twitter:card\" content=\"summary_large_image\" \/>\n<meta name=\"twitter:label1\" content=\"Dur\u00e9e de lecture estim\u00e9e\" \/>\n\t<meta name=\"twitter:data1\" content=\"3 minutes\" \/>\n<script type=\"application\/ld+json\" class=\"yoast-schema-graph\">{\"@context\":\"https:\/\/schema.org\",\"@graph\":[{\"@type\":\"Organization\",\"@id\":\"https:\/\/www.italfil.it\/de\/#organization\",\"name\":\"Italfil\",\"url\":\"https:\/\/www.italfil.it\/de\/\",\"sameAs\":[\"https:\/\/www.facebook.com\/italfil\/\",\"https:\/\/www.instagram.com\/italfil_italia\/\"],\"logo\":{\"@type\":\"ImageObject\",\"@id\":\"https:\/\/www.italfil.it\/de\/#logo\",\"inLanguage\":\"fr-FR\",\"url\":\"https:\/\/www.italfil.it\/wp-content\/uploads\/2018\/06\/italfil-marchio-bandiera.png\",\"contentUrl\":\"https:\/\/www.italfil.it\/wp-content\/uploads\/2018\/06\/italfil-marchio-bandiera.png\",\"width\":1036,\"height\":1010,\"caption\":\"Italfil\"},\"image\":{\"@id\":\"https:\/\/www.italfil.it\/de\/#logo\"}},{\"@type\":\"WebSite\",\"@id\":\"https:\/\/www.italfil.it\/de\/#website\",\"url\":\"https:\/\/www.italfil.it\/de\/\",\"name\":\"Italfil\",\"description\":\"Realt\u00e0 in movimento\",\"publisher\":{\"@id\":\"https:\/\/www.italfil.it\/de\/#organization\"},\"potentialAction\":[{\"@type\":\"SearchAction\",\"target\":{\"@type\":\"EntryPoint\",\"urlTemplate\":\"https:\/\/www.italfil.it\/de\/?s={search_term_string}\"},\"query-input\":\"required name=search_term_string\"}],\"inLanguage\":\"fr-FR\"},{\"@type\":\"WebPage\",\"@id\":\"https:\/\/www.italfil.it\/fr\/privacy-policy\/#webpage\",\"url\":\"https:\/\/www.italfil.it\/fr\/privacy-policy\/\",\"name\":\"Privacy Policy | Italfil\",\"isPartOf\":{\"@id\":\"https:\/\/www.italfil.it\/de\/#website\"},\"datePublished\":\"2019-03-15T10:29:41+00:00\",\"dateModified\":\"2019-03-15T14:05:16+00:00\",\"description\":\"Privacy Policy Ce site internet est administr\u00e9 par \\\"Italfil snc di Guerra D. &amp; C\\\" Nous vous informons que Italfil snc di Guerra D. &amp; C recueille\",\"breadcrumb\":{\"@id\":\"https:\/\/www.italfil.it\/fr\/privacy-policy\/#breadcrumb\"},\"inLanguage\":\"fr-FR\",\"potentialAction\":[{\"@type\":\"ReadAction\",\"target\":[\"https:\/\/www.italfil.it\/fr\/privacy-policy\/\"]}]},{\"@type\":\"BreadcrumbList\",\"@id\":\"https:\/\/www.italfil.it\/fr\/privacy-policy\/#breadcrumb\",\"itemListElement\":[{\"@type\":\"ListItem\",\"position\":1,\"name\":\"Home\",\"item\":\"https:\/\/www.italfil.it\/fr\/\"},{\"@type\":\"ListItem\",\"position\":2,\"name\":\"Privacy Policy\"}]}]}<\/script>\n<!-- \/ Yoast SEO plugin. -->","yoast_head_json":{"title":"Privacy Policy | Italfil","description":"Privacy Policy Ce site internet est administr\u00e9 par \"Italfil snc di Guerra D. &amp; C\" Nous vous informons que Italfil snc di Guerra D. &amp; C recueille","robots":{"index":"index","follow":"follow","max-snippet":"max-snippet:-1","max-image-preview":"max-image-preview:large","max-video-preview":"max-video-preview:-1"},"canonical":"https:\/\/www.italfil.it\/fr\/privacy-policy\/","og_locale":"fr_FR","og_type":"article","og_title":"Privacy Policy | Italfil","og_description":"Privacy Policy Ce site internet est administr\u00e9 par \"Italfil snc di Guerra D. &amp; C\" Nous vous informons que Italfil snc di Guerra D. &amp; C recueille","og_url":"https:\/\/www.italfil.it\/fr\/privacy-policy\/","og_site_name":"Italfil","article_publisher":"https:\/\/www.facebook.com\/italfil\/","article_modified_time":"2019-03-15T14:05:16+00:00","og_image":[{"width":3350,"height":1606,"url":"https:\/\/www.italfil.it\/wp-content\/uploads\/2019\/04\/Schermata-2019-04-13-alle-14.53.40.png","type":"image\/png"}],"twitter_card":"summary_large_image","twitter_misc":{"Dur\u00e9e de lecture estim\u00e9e":"3 minutes"},"schema":{"@context":"https:\/\/schema.org","@graph":[{"@type":"Organization","@id":"https:\/\/www.italfil.it\/de\/#organization","name":"Italfil","url":"https:\/\/www.italfil.it\/de\/","sameAs":["https:\/\/www.facebook.com\/italfil\/","https:\/\/www.instagram.com\/italfil_italia\/"],"logo":{"@type":"ImageObject","@id":"https:\/\/www.italfil.it\/de\/#logo","inLanguage":"fr-FR","url":"https:\/\/www.italfil.it\/wp-content\/uploads\/2018\/06\/italfil-marchio-bandiera.png","contentUrl":"https:\/\/www.italfil.it\/wp-content\/uploads\/2018\/06\/italfil-marchio-bandiera.png","width":1036,"height":1010,"caption":"Italfil"},"image":{"@id":"https:\/\/www.italfil.it\/de\/#logo"}},{"@type":"WebSite","@id":"https:\/\/www.italfil.it\/de\/#website","url":"https:\/\/www.italfil.it\/de\/","name":"Italfil","description":"Realt\u00e0 in movimento","publisher":{"@id":"https:\/\/www.italfil.it\/de\/#organization"},"potentialAction":[{"@type":"SearchAction","target":{"@type":"EntryPoint","urlTemplate":"https:\/\/www.italfil.it\/de\/?s={search_term_string}"},"query-input":"required name=search_term_string"}],"inLanguage":"fr-FR"},{"@type":"WebPage","@id":"https:\/\/www.italfil.it\/fr\/privacy-policy\/#webpage","url":"https:\/\/www.italfil.it\/fr\/privacy-policy\/","name":"Privacy Policy | Italfil","isPartOf":{"@id":"https:\/\/www.italfil.it\/de\/#website"},"datePublished":"2019-03-15T10:29:41+00:00","dateModified":"2019-03-15T14:05:16+00:00","description":"Privacy Policy Ce site internet est administr\u00e9 par \"Italfil snc di Guerra D. &amp; C\" Nous vous informons que Italfil snc di Guerra D. &amp; C recueille","breadcrumb":{"@id":"https:\/\/www.italfil.it\/fr\/privacy-policy\/#breadcrumb"},"inLanguage":"fr-FR","potentialAction":[{"@type":"ReadAction","target":["https:\/\/www.italfil.it\/fr\/privacy-policy\/"]}]},{"@type":"BreadcrumbList","@id":"https:\/\/www.italfil.it\/fr\/privacy-policy\/#breadcrumb","itemListElement":[{"@type":"ListItem","position":1,"name":"Home","item":"https:\/\/www.italfil.it\/fr\/"},{"@type":"ListItem","position":2,"name":"Privacy Policy"}]}]}},"_links":{"self":[{"href":"https:\/\/www.italfil.it\/fr\/wp-json\/wp\/v2\/pages\/3787"}],"collection":[{"href":"https:\/\/www.italfil.it\/fr\/wp-json\/wp\/v2\/pages"}],"about":[{"href":"https:\/\/www.italfil.it\/fr\/wp-json\/wp\/v2\/types\/page"}],"author":[{"embeddable":true,"href":"https:\/\/www.italfil.it\/fr\/wp-json\/wp\/v2\/users\/1"}],"replies":[{"embeddable":true,"href":"https:\/\/www.italfil.it\/fr\/wp-json\/wp\/v2\/comments?post=3787"}],"version-history":[{"count":2,"href":"https:\/\/www.italfil.it\/fr\/wp-json\/wp\/v2\/pages\/3787\/revisions"}],"predecessor-version":[{"id":3828,"href":"https:\/\/www.italfil.it\/fr\/wp-json\/wp\/v2\/pages\/3787\/revisions\/3828"}],"wp:attachment":[{"href":"https:\/\/www.italfil.it\/fr\/wp-json\/wp\/v2\/media?parent=3787"}],"curies":[{"name":"wp","href":"https:\/\/api.w.org\/{rel}","templated":true}]}}