{"id":1963,"date":"2015-08-12T12:27:19","date_gmt":"2015-08-12T10:27:19","guid":{"rendered":"http:\/\/www.italfil.it\/lazienda\/"},"modified":"2020-10-19T22:24:06","modified_gmt":"2020-10-19T20:24:06","slug":"la-societe","status":"publish","type":"page","link":"https:\/\/www.italfil.it\/fr\/la-societe\/","title":{"rendered":"La soci\u00e9t\u00e9"},"content":{"rendered":"<div class=\"wpb-content-wrapper\"><p>[vc_row type=\u00a0\u00bbboxed\u00a0\u00bb][vc_column][vc_empty_space height=\u00a0\u00bb47px\u00a0\u00bb][vc_column_text]<\/p>\n<h1>La soci\u00e9t\u00e9<\/h1>\n<p>[\/vc_column_text][\/vc_column][\/vc_row][vc_row type=\u00a0\u00bbboxed\u00a0\u00bb][vc_column][vc_empty_space height=\u00a0\u00bb43px\u00a0\u00bb]\n\t\t\t<div class=\"nm-banner content-full image-type-fluid text-color-dark\" style=\"\"><img src=\"https:\/\/www.italfil.it\/wp-content\/uploads\/2019\/05\/capannone-2-scaled.jpg\" alt=\"capannone\" \/>\n\t\t\t<\/div>[vc_empty_space height=\u00a0\u00bb47px\u00a0\u00bb][\/vc_column][\/vc_row][vc_row type=\u00a0\u00bbboxed\u00a0\u00bb][vc_column width=\u00a0\u00bb1\/4\u2033 offset=\u00a0\u00bbvc_col-sm-offset-1\u2033][vc_column_text]<\/p>\n<h4>Qui sommes nous<\/h4>\n<p>[\/vc_column_text][vc_empty_space height=\u00a0\u00bb17px\u00a0\u00bb][\/vc_column][vc_column width=\u00a0\u00bb7\/12\u2033][vc_column_text]Italfil fut fond\u00e9e en 1981 et pendant les ann\u00e9es est devenue leader sur le march\u00e9 dans la production de conteneurs en fil en acier pliants et empilables pour le mise en r\u00e9servoir , le transport et la logistique, le secteur oenologique, pour les d\u00e9taillants et pour l\u2019exposition de produits de commerce.<\/p>\n<p>Pendant notre activit\u00e9 de 30 ans nous avons d\u00e9velopp\u00e9 des centaines de nouveaux produits, en \u00e9coutant les besoins du march\u00e9 et en concentrant notre travail sur la flexibilit\u00e9 et la capacit\u00e9 de donner les meilleures r\u00e9ponses \u00e0 toutes les sollicitations et necessit\u00e9s des nos clients.<\/p>\n<p>Nos sites de production moderns et compl\u00e8tement automatis\u00e9s \u00e0 Travagliato , pr\u00e8s de Brescia dans le nord d\u2019Italie, couvrent une surface de 7.000 m2.<br>\nL\u2019automation performante de notre production garantit une grande capacit\u00e9 productive en respectant standards qualitatifs tr\u00e8s elev\u00e9s qui nous permettent d\u2019offrir \u00e0 tous nos clients livraisons rapides avec des prix tr\u00e8s comp\u00e9titifs. Notre \u00e9quipe de travail est constitu\u00e9e par 40 personnes qui s\u2019occupent de la production, de la recherche et du d\u00e9veloppement.[\/vc_column_text][\/vc_column][\/vc_row][vc_row][vc_column][vc_empty_space height=\u00a0\u00bb100px\u00a0\u00bb][\/vc_column][\/vc_row][vc_row type=\u00a0\u00bbfull-nopad\u00a0\u00bb css=\u00a0\u00bb.vc_custom_1528555197454{background-color: #c1dfc4 !important;}\u00a0\u00bb][vc_column][vc_empty_space height=\u00a0\u00bb100\u2033][vc_row_inner type=\u00a0\u00bbboxed\u00a0\u00bb content_placement=\u00a0\u00bbmiddle\u00a0\u00bb][vc_column_inner width=\u00a0\u00bb1\/12\u2033][\/vc_column_inner][vc_column_inner width=\u00a0\u00bb2\/12\u2033][vc_single_image image=\u00a0\u00bb994\u2033 img_size=\u00a0\u00bb193\u00d7100\u2033 alignment=\u00a0\u00bbcenter\u00a0\u00bb][\/vc_column_inner][vc_column_inner width=\u00a0\u00bb1\/12\u2033][\/vc_column_inner][vc_column_inner width=\u00a0\u00bb7\/12\u2033][vc_column_text]<\/p>\n<h3 style=\"text-align: left;\">Entreprise associ\u00e9e a Confindustria<\/h3>\n<p>[\/vc_column_text][vc_empty_space height=\u00a0\u00bb47px\u00a0\u00bb][vc_column_text]<\/p>\n<p style=\"text-align: left;\">La Carte confederale des principes pour la soutenabilit\u00e9 environnementale (Confindustria en Italie) repr\u00e9sente, pour toutes les entreprises et les associations qui font partie de Confindustria, la boussole du point de d\u00e9part dans leur chemin vers un d\u00e9veloppement durable.<\/p>\n<p>[\/vc_column_text][\/vc_column_inner][vc_column_inner width=\u00a0\u00bb1\/12\u2033][\/vc_column_inner][\/vc_row_inner][vc_empty_space height=\u00a0\u00bb100\u2033][\/vc_column][\/vc_row][vc_row][vc_column][vc_empty_space height=\u00a0\u00bb100px\u00a0\u00bb][\/vc_column][\/vc_row][vc_row type=\u00a0\u00bbboxed\u00a0\u00bb][vc_column width=\u00a0\u00bb1\/4\u2033 offset=\u00a0\u00bbvc_col-sm-offset-1\u2033][vc_pie value=\u00a0\u00bb60\u2033 label_value=\u00a0\u00bb60\u2033 color=\u00a0\u00bbcustom\u00a0\u00bb custom_color=\u00a0\u00bb#c7dec6\u2033 units=\u00a0\u00bb%\u00a0\u00bb title=\u00a0\u00bbProduction export\u00e9e \u00e0 l\u2019\u00e9tranger\u00a0\u00bb][vc_empty_space height=\u00a0\u00bb17px\u00a0\u00bb][\/vc_column][vc_column width=\u00a0\u00bb7\/12\u2033][vc_column_text]La cha\u00eene de vente de Italfil est constitu\u00e9e par un ensemble d\u2019agents qui travaillent en Italie et en toute Europe. Notre politique de n\u00e9gocier avec des agents dirig\u00e9s directement par notre quartier g\u00e9neral, nous consent d\u2019\u1ec7tre le partner parfait pour tous nos clients en offrant toujours un service rapide et professionnel. Pendant les anne\u00e9s, \u00e0 travers notre gestion flexible et notre capacit\u00e9 de production, nous avons sans cesse augment\u00e9 nos chiffres des ventes en developpant nouveaux produits pour un bon nombre de clients. Tous nos produits sont projet\u00e9s, developp\u00e9s et realis\u00e9s directement par Italfil. Nous garantissons la convenble finition de tous nos produits \u00e0 travers le secteur technique et productif, en respectant tous les standards et les r\u00e8gles les plus s\u00e9v\u00e8res. Maintenant nous exportons le 60% de notre production \u00e0 l\u2019 \u00e9trangere et dans tout le monde.[\/vc_column_text][\/vc_column][\/vc_row][vc_row][vc_column][vc_empty_space height=\u00a0\u00bb100px\u00a0\u00bb][\/vc_column][\/vc_row][vc_row type=\u00a0\u00bbboxed\u00a0\u00bb][vc_column][vc_empty_space height=\u00a0\u00bb43px\u00a0\u00bb]\n\t\t\t<div class=\"nm-banner content-full image-type-fluid text-color-dark\" style=\"\"><img src=\"https:\/\/www.italfil.it\/wp-content\/uploads\/2018\/09\/30073581_1901109329913171_9048365817728260328_o-1.jpg\" alt=\"contenitori metallici\" \/>\n\t\t\t<\/div>[vc_empty_space height=\u00a0\u00bb47px\u00a0\u00bb][\/vc_column][\/vc_row][vc_row type=\u00a0\u00bbboxed\u00a0\u00bb][vc_column width=\u00a0\u00bb1\/4\u2033 offset=\u00a0\u00bbvc_col-sm-offset-1\u2033][vc_column_text]<\/p>\n<h4>Be4 S.r.l.<\/h4>\n<p>[\/vc_column_text][vc_empty_space height=\u00a0\u00bb17px\u00a0\u00bb][\/vc_column][vc_column width=\u00a0\u00bb7\/12\u2033][vc_column_text]Pour optimizer les synergies \u00e0 l\u2019interieur de notre entreprise , dans le mois de Septembre 2000, Italfil a cr\u00e9e Be4, avec l\u2019objectif d\u2019 offrir des services et des produits dedi\u00e9s seulement au march\u00e9 du Retail Organis\u00e9.[\/vc_column_text][\/vc_column][\/vc_row][vc_row][vc_column][vc_empty_space height=\u00a0\u00bb100px\u00a0\u00bb][\/vc_column][\/vc_row][vc_row type=\u00a0\u00bbboxed\u00a0\u00bb][vc_column width=\u00a0\u00bb1\/4\u2033 offset=\u00a0\u00bbvc_col-sm-offset-1\u2033][vc_column_text]<\/p>\n<h4>Eco-durable avec le photovolta\u00efque<\/h4>\n<p>[\/vc_column_text][vc_empty_space height=\u00a0\u00bb17px\u00a0\u00bb][\/vc_column][vc_column width=\u00a0\u00bb7\/12\u2033][vc_column_text]En 2001 Italfil a decid\u00e9 d\u2019investir dans les panneaux solaires. Nous avons un syst\u00e8me photovolta\u00efque de 3000 mc qui nous consent d\u2019obtenir une optique de eco-soutenabilit\u00e9 avec zero \u00e9missions sur le territoire. Nos objectifs sont: la soutenabilit\u00e9 de l\u2019environnement et l\u2019\u00e9tique sociale et \u00e9conomique.[\/vc_column_text][\/vc_column][\/vc_row][vc_row][vc_column][vc_empty_space height=\u00a0\u00bb100px\u00a0\u00bb][\/vc_column][\/vc_row]<\/p>\n<\/div>","protected":false},"excerpt":{"rendered":"<p>[vc_row type=\u00a0\u00bbboxed\u00a0\u00bb][vc_column][vc_empty_space height=\u00a0\u00bb47px\u00a0\u00bb][vc_column_text] La soci\u00e9t\u00e9 [\/vc_column_text][\/vc_column][\/vc_row][vc_row type=\u00a0\u00bbboxed\u00a0\u00bb][vc_column][vc_empty_space height=\u00a0\u00bb43px\u00a0\u00bb][vc_empty_space height=\u00a0\u00bb47px\u00a0\u00bb][\/vc_column][\/vc_row][vc_row type=\u00a0\u00bbboxed\u00a0\u00bb][vc_column width=\u00a0\u00bb1\/4\u2033 offset=\u00a0\u00bbvc_col-sm-offset-1\u2033][vc_column_text] Qui sommes nous [\/vc_column_text][vc_empty_space height=\u00a0\u00bb17px\u00a0\u00bb][\/vc_column][vc_column width=\u00a0\u00bb7\/12\u2033][vc_column_text]Italfil fut fond\u00e9e en 1981 et pendant les ann\u00e9es est devenue leader sur le march\u00e9 dans la production de conteneurs en fil en acier pliants et empilables pour le mise en r\u00e9servoir , le transport et la logistique, &hellip;<\/p>\n","protected":false},"author":1,"featured_media":0,"parent":0,"menu_order":0,"comment_status":"closed","ping_status":"closed","template":"","meta":[],"yoast_head":"<!-- This site is optimized with the Yoast SEO plugin v18.2 - https:\/\/yoast.com\/wordpress\/plugins\/seo\/ -->\n<title>La soci\u00e9t\u00e9 | Italfil<\/title>\n<meta name=\"description\" content=\"La soci\u00e9t\u00e9 Qui sommes nous Italfil fut fond\u00e9e en 1981 et pendant les ann\u00e9es est devenue leader sur le march\u00e9 dans la production de conteneurs en fil en\" \/>\n<meta name=\"robots\" content=\"index, follow, max-snippet:-1, max-image-preview:large, max-video-preview:-1\" \/>\n<link rel=\"canonical\" href=\"https:\/\/www.italfil.it\/fr\/la-societe\/\" \/>\n<meta property=\"og:locale\" content=\"fr_FR\" \/>\n<meta property=\"og:type\" content=\"article\" \/>\n<meta property=\"og:title\" content=\"La soci\u00e9t\u00e9 | Italfil\" \/>\n<meta property=\"og:description\" content=\"La soci\u00e9t\u00e9 Qui sommes nous Italfil fut fond\u00e9e en 1981 et pendant les ann\u00e9es est devenue leader sur le march\u00e9 dans la production de conteneurs en fil en\" \/>\n<meta property=\"og:url\" content=\"https:\/\/www.italfil.it\/fr\/la-societe\/\" \/>\n<meta property=\"og:site_name\" content=\"Italfil\" \/>\n<meta property=\"article:publisher\" content=\"https:\/\/www.facebook.com\/italfil\/\" \/>\n<meta property=\"article:modified_time\" content=\"2020-10-19T20:24:06+00:00\" \/>\n<meta property=\"og:image\" content=\"https:\/\/www.italfil.it\/wp-content\/uploads\/2019\/04\/Schermata-2019-04-13-alle-14.53.40.png\" \/>\n\t<meta property=\"og:image:width\" content=\"3350\" \/>\n\t<meta property=\"og:image:height\" content=\"1606\" \/>\n\t<meta property=\"og:image:type\" content=\"image\/png\" \/>\n<meta name=\"twitter:card\" content=\"summary_large_image\" \/>\n<meta name=\"twitter:label1\" content=\"Dur\u00e9e de lecture estim\u00e9e\" \/>\n\t<meta name=\"twitter:data1\" content=\"4 minutes\" \/>\n<script type=\"application\/ld+json\" class=\"yoast-schema-graph\">{\"@context\":\"https:\/\/schema.org\",\"@graph\":[{\"@type\":\"Organization\",\"@id\":\"https:\/\/www.italfil.it\/#organization\",\"name\":\"Italfil\",\"url\":\"https:\/\/www.italfil.it\/\",\"sameAs\":[\"https:\/\/www.facebook.com\/italfil\/\",\"https:\/\/www.instagram.com\/italfil_italia\/\"],\"logo\":{\"@type\":\"ImageObject\",\"@id\":\"https:\/\/www.italfil.it\/#logo\",\"inLanguage\":\"fr-FR\",\"url\":\"https:\/\/www.italfil.it\/wp-content\/uploads\/2018\/06\/italfil-marchio-bandiera.png\",\"contentUrl\":\"https:\/\/www.italfil.it\/wp-content\/uploads\/2018\/06\/italfil-marchio-bandiera.png\",\"width\":1036,\"height\":1010,\"caption\":\"Italfil\"},\"image\":{\"@id\":\"https:\/\/www.italfil.it\/#logo\"}},{\"@type\":\"WebSite\",\"@id\":\"https:\/\/www.italfil.it\/#website\",\"url\":\"https:\/\/www.italfil.it\/\",\"name\":\"Italfil\",\"description\":\"Realt\u00e0 in movimento\",\"publisher\":{\"@id\":\"https:\/\/www.italfil.it\/#organization\"},\"potentialAction\":[{\"@type\":\"SearchAction\",\"target\":{\"@type\":\"EntryPoint\",\"urlTemplate\":\"https:\/\/www.italfil.it\/?s={search_term_string}\"},\"query-input\":\"required name=search_term_string\"}],\"inLanguage\":\"fr-FR\"},{\"@type\":\"WebPage\",\"@id\":\"https:\/\/www.italfil.it\/fr\/la-societe\/#webpage\",\"url\":\"https:\/\/www.italfil.it\/fr\/la-societe\/\",\"name\":\"La soci\u00e9t\u00e9 | Italfil\",\"isPartOf\":{\"@id\":\"https:\/\/www.italfil.it\/#website\"},\"datePublished\":\"2015-08-12T10:27:19+00:00\",\"dateModified\":\"2020-10-19T20:24:06+00:00\",\"description\":\"La soci\u00e9t\u00e9 Qui sommes nous Italfil fut fond\u00e9e en 1981 et pendant les ann\u00e9es est devenue leader sur le march\u00e9 dans la production de conteneurs en fil en\",\"breadcrumb\":{\"@id\":\"https:\/\/www.italfil.it\/fr\/la-societe\/#breadcrumb\"},\"inLanguage\":\"fr-FR\",\"potentialAction\":[{\"@type\":\"ReadAction\",\"target\":[\"https:\/\/www.italfil.it\/fr\/la-societe\/\"]}]},{\"@type\":\"BreadcrumbList\",\"@id\":\"https:\/\/www.italfil.it\/fr\/la-societe\/#breadcrumb\",\"itemListElement\":[{\"@type\":\"ListItem\",\"position\":1,\"name\":\"Home\",\"item\":\"https:\/\/www.italfil.it\/fr\/\"},{\"@type\":\"ListItem\",\"position\":2,\"name\":\"La soci\u00e9t\u00e9\"}]}]}<\/script>\n<!-- \/ Yoast SEO plugin. -->","yoast_head_json":{"title":"La soci\u00e9t\u00e9 | Italfil","description":"La soci\u00e9t\u00e9 Qui sommes nous Italfil fut fond\u00e9e en 1981 et pendant les ann\u00e9es est devenue leader sur le march\u00e9 dans la production de conteneurs en fil en","robots":{"index":"index","follow":"follow","max-snippet":"max-snippet:-1","max-image-preview":"max-image-preview:large","max-video-preview":"max-video-preview:-1"},"canonical":"https:\/\/www.italfil.it\/fr\/la-societe\/","og_locale":"fr_FR","og_type":"article","og_title":"La soci\u00e9t\u00e9 | Italfil","og_description":"La soci\u00e9t\u00e9 Qui sommes nous Italfil fut fond\u00e9e en 1981 et pendant les ann\u00e9es est devenue leader sur le march\u00e9 dans la production de conteneurs en fil en","og_url":"https:\/\/www.italfil.it\/fr\/la-societe\/","og_site_name":"Italfil","article_publisher":"https:\/\/www.facebook.com\/italfil\/","article_modified_time":"2020-10-19T20:24:06+00:00","og_image":[{"width":3350,"height":1606,"url":"https:\/\/www.italfil.it\/wp-content\/uploads\/2019\/04\/Schermata-2019-04-13-alle-14.53.40.png","type":"image\/png"}],"twitter_card":"summary_large_image","twitter_misc":{"Dur\u00e9e de lecture estim\u00e9e":"4 minutes"},"schema":{"@context":"https:\/\/schema.org","@graph":[{"@type":"Organization","@id":"https:\/\/www.italfil.it\/#organization","name":"Italfil","url":"https:\/\/www.italfil.it\/","sameAs":["https:\/\/www.facebook.com\/italfil\/","https:\/\/www.instagram.com\/italfil_italia\/"],"logo":{"@type":"ImageObject","@id":"https:\/\/www.italfil.it\/#logo","inLanguage":"fr-FR","url":"https:\/\/www.italfil.it\/wp-content\/uploads\/2018\/06\/italfil-marchio-bandiera.png","contentUrl":"https:\/\/www.italfil.it\/wp-content\/uploads\/2018\/06\/italfil-marchio-bandiera.png","width":1036,"height":1010,"caption":"Italfil"},"image":{"@id":"https:\/\/www.italfil.it\/#logo"}},{"@type":"WebSite","@id":"https:\/\/www.italfil.it\/#website","url":"https:\/\/www.italfil.it\/","name":"Italfil","description":"Realt\u00e0 in movimento","publisher":{"@id":"https:\/\/www.italfil.it\/#organization"},"potentialAction":[{"@type":"SearchAction","target":{"@type":"EntryPoint","urlTemplate":"https:\/\/www.italfil.it\/?s={search_term_string}"},"query-input":"required name=search_term_string"}],"inLanguage":"fr-FR"},{"@type":"WebPage","@id":"https:\/\/www.italfil.it\/fr\/la-societe\/#webpage","url":"https:\/\/www.italfil.it\/fr\/la-societe\/","name":"La soci\u00e9t\u00e9 | Italfil","isPartOf":{"@id":"https:\/\/www.italfil.it\/#website"},"datePublished":"2015-08-12T10:27:19+00:00","dateModified":"2020-10-19T20:24:06+00:00","description":"La soci\u00e9t\u00e9 Qui sommes nous Italfil fut fond\u00e9e en 1981 et pendant les ann\u00e9es est devenue leader sur le march\u00e9 dans la production de conteneurs en fil en","breadcrumb":{"@id":"https:\/\/www.italfil.it\/fr\/la-societe\/#breadcrumb"},"inLanguage":"fr-FR","potentialAction":[{"@type":"ReadAction","target":["https:\/\/www.italfil.it\/fr\/la-societe\/"]}]},{"@type":"BreadcrumbList","@id":"https:\/\/www.italfil.it\/fr\/la-societe\/#breadcrumb","itemListElement":[{"@type":"ListItem","position":1,"name":"Home","item":"https:\/\/www.italfil.it\/fr\/"},{"@type":"ListItem","position":2,"name":"La soci\u00e9t\u00e9"}]}]}},"_links":{"self":[{"href":"https:\/\/www.italfil.it\/fr\/wp-json\/wp\/v2\/pages\/1963"}],"collection":[{"href":"https:\/\/www.italfil.it\/fr\/wp-json\/wp\/v2\/pages"}],"about":[{"href":"https:\/\/www.italfil.it\/fr\/wp-json\/wp\/v2\/types\/page"}],"author":[{"embeddable":true,"href":"https:\/\/www.italfil.it\/fr\/wp-json\/wp\/v2\/users\/1"}],"replies":[{"embeddable":true,"href":"https:\/\/www.italfil.it\/fr\/wp-json\/wp\/v2\/comments?post=1963"}],"version-history":[{"count":7,"href":"https:\/\/www.italfil.it\/fr\/wp-json\/wp\/v2\/pages\/1963\/revisions"}],"predecessor-version":[{"id":4491,"href":"https:\/\/www.italfil.it\/fr\/wp-json\/wp\/v2\/pages\/1963\/revisions\/4491"}],"wp:attachment":[{"href":"https:\/\/www.italfil.it\/fr\/wp-json\/wp\/v2\/media?parent=1963"}],"curies":[{"name":"wp","href":"https:\/\/api.w.org\/{rel}","templated":true}]}}