{"id":3788,"date":"2019-03-15T11:30:34","date_gmt":"2019-03-15T10:30:34","guid":{"rendered":"http:\/\/www.italfil.it\/privacy-policy\/"},"modified":"2019-03-15T15:06:57","modified_gmt":"2019-03-15T14:06:57","slug":"privacy-policy","status":"publish","type":"page","link":"https:\/\/www.italfil.it\/es\/privacy-policy\/","title":{"rendered":"Privacy Policy"},"content":{"rendered":"<div class=\"wpb-content-wrapper\"><p>[vc_row][vc_column width=\u00bb1\/6&#8243;][\/vc_column][vc_column width=\u00bb2\/3&#8243;][vc_empty_space][vc_column_text]<\/p>\n<h1 style=\"font-weight: 400;\"><strong>Privacy Policy<\/strong><\/h1>\n<p>[\/vc_column_text][vc_empty_space][vc_column_text]<\/p>\n<h1>Esta p\u00e1gina web es administrada por \u00abItalfil snc di Guerra D. &amp; C\u00bb<\/h1>\n<p>Italfil snc di Guerra D. &amp; Cpuede recoger los datos personales de los usuarios sea de forma directa (cuando se les solicita facilitar sus datos), sea de forma indirecta. De todas formas, Italfil snc di Guerra D. &amp; C garantiza el tratamiento confidencial de los datos personales de los usuarios, conforme a lo establecido en esta Informativa de Privacidad. Dicha informativa indica la finalidad del tratamiento de los datos personales recogidos por Italfil snc di Guerra D. &amp; C a trav\u00e9s de la p\u00e1gina web, el uso de \u00abcookies\u00bb y la modalidad de ejercicio de los derechos reconocidos al usuario con respecto a sus datos.<\/p>\n<h1>\nFinalidad del tratamiento<\/h1>\n<p>Italfil snc di Guerra D. &amp; C recoge y trata los datos personales de los clientes y de los usuarios de la p\u00e1gina para realizar sus actividades y negocios, para proporcionar informaci\u00f3n, productos y servicios que pueden despertar alg\u00fan inter\u00e9s y tambi\u00e9n para recoger estad\u00edsticas sobre el uso de la misma p\u00e1gina. Toda informac\u00edon proporcionada se emplear\u00e1 para ponerse en contacto con el usuario cuando sea necesario, por ejemplo para notificar modificaciones en el funcionamiento de la p\u00e1gina web o comunicar \u2013 previo consentimiento del usuario \u2013 ofertas de servicios que le puedan interesar. La finalidad y la modalidad de tratamiento de los datos personales recogidos por medio de esta p\u00e1gina web o a trav\u00e9s de otras formas respetan lo establecido en el decreto legislativo 196\/2003 (Protecci\u00f3n de datos de car\u00e1cter personal), cuyo texto \u2013 derechos del interesado previstos en el art\u00edculo 7 incluidos \u2013 se puede consultar en www.garanteprivacy.it<\/p>\n<h1>\nDatos confidenciales<\/h1>\n<p>Italfil snc di Guerra D. &amp; C no solicita y no recoge datos confidenciales (origen racial o \u00e9tnico, creencias pol\u00edticas, filos\u00f3ficas o religiosa, vida sexual, salud) a trav\u00e9s de esta p\u00e1gina web. En caso de que resulte necesario recabar datos confidenciales, se solicitar\u00e1 al usuario su previo consentimiento escrito o equivalente.<\/p>\n<h1>\nCookies<\/h1>\n<p>Italfil snc di Guerra D. &amp; C podr\u00eda recoger, tratar y analizar datos relativos al uso de esta p\u00e1gina, incluidos: nombres de dominios, n\u00famero de accesos, secciones visitadas, p\u00e1ginas web consultadas anterior o posteriormente, duraci\u00f3n de las sesiones de conexi\u00f3n. Dicha informaci\u00f3n puede ser recabada por medio de los \u00abcookies\u00bb. El \u00abcookie\u00bb es un archivo de texto que desde la p\u00e1gina web de nuestro servidor llega hasta el disco duro del usuario. Este puede elegir si activar o inhabilitar los \u00abcookies\u00bb cuando quiera, modificando las impostaciones de su navegador. Generalmente, el empleo de los \u00abcookies\u00bb permite una navegaci\u00f3n m\u00e1s f\u00e1cil y m\u00e1s r\u00e1pida en la p\u00e1gina.<\/p>\n<h1>\nP\u00e1ginas web para terceras partes<\/h1>\n<p>Se informan los usuarios que esta Informativa de Privacidad no incluye las pol\u00edticas de privacidad adoptadas por p\u00e1ginas web de terceras partes en las que puede aparecer (a trav\u00e9s de un enlace) nuestra p\u00e1gina.<\/p>\n<h1>\nEjercicio de los derechos del usuario:<\/h1>\n<p>contactar con Italfil snc di Guerra D. &amp; C Si el usuario es un consumidor, el tratamiento de los datos personales para fines comerciales o de mercadotecnia se basar\u00e1 en la adquisici\u00f3n del previo y espec\u00edfico consentimiento. Si el usuario es un profesional y no quiere recibir mensajes publicitarios de Italfil snc di Guerra D. &amp; C, puede contactar con nosotros a la direcci\u00f3n: Italfil snc di Guerra D. &amp; C Via dell&#8217;Artigianato,45 &#8211; 25039 Travagliato (BS) ITALY. Tel. +39 030 6864006-4655 &#8211; FAX +39 030 6864764. E-mail:\u00a0<a href=\"mailto:italfil@italfil.it\">italfil@italfil.it<\/a>\u00a0. Quedamos a disposici\u00f3n en caso de que el usuario necesitara otra informaci\u00f3n sobre la Informativa de Privacidad, el tratamiento de los datos personales o la navegaci\u00f3n en nuestra p\u00e1gina web.<\/p>\n<h1>\nModificaciones<\/h1>\n<p>Italfil snc di Guerra D. &amp; C se reserva en todo momento el derecho de modificar total o parcialmente esta Informativa de Privacidad. Les rogamos que visiten ocasionalmente la versi\u00f3n actual para verificar eventuales modificaciones.[\/vc_column_text][vc_empty_space][\/vc_column][vc_column width=\u00bb1\/6&#8243;][\/vc_column][\/vc_row]<\/p>\n<\/div>","protected":false},"excerpt":{"rendered":"<p>[vc_row][vc_column width=\u00bb1\/6&#8243;][\/vc_column][vc_column width=\u00bb2\/3&#8243;][vc_empty_space][vc_column_text] Privacy Policy [\/vc_column_text][vc_empty_space][vc_column_text] Esta p\u00e1gina web es administrada por \u00abItalfil snc di Guerra D. &amp; C\u00bb Italfil snc di Guerra D. &amp; Cpuede recoger los datos personales de los usuarios sea de forma directa (cuando se les solicita facilitar sus datos), sea de forma indirecta. De todas formas, Italfil snc di Guerra &hellip;<\/p>\n","protected":false},"author":1,"featured_media":0,"parent":0,"menu_order":0,"comment_status":"closed","ping_status":"open","template":"","meta":[],"yoast_head":"<!-- This site is optimized with the Yoast SEO plugin v18.2 - https:\/\/yoast.com\/wordpress\/plugins\/seo\/ -->\n<title>Privacy Policy | Italfil<\/title>\n<meta name=\"description\" content=\"Privacy Policy Esta p\u00e1gina web es administrada por &quot;Italfil snc di Guerra D. &amp; C&quot; Italfil snc di Guerra D. &amp; Cpuede recoger los datos personales\" \/>\n<meta name=\"robots\" content=\"index, follow, max-snippet:-1, max-image-preview:large, max-video-preview:-1\" \/>\n<link rel=\"canonical\" href=\"https:\/\/www.italfil.it\/es\/privacy-policy\/\" \/>\n<meta property=\"og:locale\" content=\"es_ES\" \/>\n<meta property=\"og:type\" content=\"article\" \/>\n<meta property=\"og:title\" content=\"Privacy Policy | Italfil\" \/>\n<meta property=\"og:description\" content=\"Privacy Policy Esta p\u00e1gina web es administrada por &quot;Italfil snc di Guerra D. &amp; C&quot; Italfil snc di Guerra D. &amp; Cpuede recoger los datos personales\" \/>\n<meta property=\"og:url\" content=\"https:\/\/www.italfil.it\/es\/privacy-policy\/\" \/>\n<meta property=\"og:site_name\" content=\"Italfil\" \/>\n<meta property=\"article:publisher\" content=\"https:\/\/www.facebook.com\/italfil\/\" \/>\n<meta property=\"article:modified_time\" content=\"2019-03-15T14:06:57+00:00\" \/>\n<meta property=\"og:image\" content=\"https:\/\/www.italfil.it\/wp-content\/uploads\/2019\/04\/Schermata-2019-04-13-alle-14.53.40.png\" \/>\n\t<meta property=\"og:image:width\" content=\"3350\" \/>\n\t<meta property=\"og:image:height\" content=\"1606\" \/>\n\t<meta property=\"og:image:type\" content=\"image\/png\" \/>\n<meta name=\"twitter:card\" content=\"summary_large_image\" \/>\n<meta name=\"twitter:label1\" content=\"Tiempo de lectura\" \/>\n\t<meta name=\"twitter:data1\" content=\"4 minutos\" \/>\n<script type=\"application\/ld+json\" class=\"yoast-schema-graph\">{\"@context\":\"https:\/\/schema.org\",\"@graph\":[{\"@type\":\"Organization\",\"@id\":\"https:\/\/www.italfil.it\/de\/#organization\",\"name\":\"Italfil\",\"url\":\"https:\/\/www.italfil.it\/de\/\",\"sameAs\":[\"https:\/\/www.facebook.com\/italfil\/\",\"https:\/\/www.instagram.com\/italfil_italia\/\"],\"logo\":{\"@type\":\"ImageObject\",\"@id\":\"https:\/\/www.italfil.it\/de\/#logo\",\"inLanguage\":\"es\",\"url\":\"https:\/\/www.italfil.it\/wp-content\/uploads\/2018\/06\/italfil-marchio-bandiera.png\",\"contentUrl\":\"https:\/\/www.italfil.it\/wp-content\/uploads\/2018\/06\/italfil-marchio-bandiera.png\",\"width\":1036,\"height\":1010,\"caption\":\"Italfil\"},\"image\":{\"@id\":\"https:\/\/www.italfil.it\/de\/#logo\"}},{\"@type\":\"WebSite\",\"@id\":\"https:\/\/www.italfil.it\/de\/#website\",\"url\":\"https:\/\/www.italfil.it\/de\/\",\"name\":\"Italfil\",\"description\":\"Realt\u00e0 in movimento\",\"publisher\":{\"@id\":\"https:\/\/www.italfil.it\/de\/#organization\"},\"potentialAction\":[{\"@type\":\"SearchAction\",\"target\":{\"@type\":\"EntryPoint\",\"urlTemplate\":\"https:\/\/www.italfil.it\/de\/?s={search_term_string}\"},\"query-input\":\"required name=search_term_string\"}],\"inLanguage\":\"es\"},{\"@type\":\"WebPage\",\"@id\":\"https:\/\/www.italfil.it\/es\/privacy-policy\/#webpage\",\"url\":\"https:\/\/www.italfil.it\/es\/privacy-policy\/\",\"name\":\"Privacy Policy | Italfil\",\"isPartOf\":{\"@id\":\"https:\/\/www.italfil.it\/de\/#website\"},\"datePublished\":\"2019-03-15T10:30:34+00:00\",\"dateModified\":\"2019-03-15T14:06:57+00:00\",\"description\":\"Privacy Policy Esta p\u00e1gina web es administrada por \\\"Italfil snc di Guerra D. &amp; C\\\" Italfil snc di Guerra D. &amp; Cpuede recoger los datos personales\",\"breadcrumb\":{\"@id\":\"https:\/\/www.italfil.it\/es\/privacy-policy\/#breadcrumb\"},\"inLanguage\":\"es\",\"potentialAction\":[{\"@type\":\"ReadAction\",\"target\":[\"https:\/\/www.italfil.it\/es\/privacy-policy\/\"]}]},{\"@type\":\"BreadcrumbList\",\"@id\":\"https:\/\/www.italfil.it\/es\/privacy-policy\/#breadcrumb\",\"itemListElement\":[{\"@type\":\"ListItem\",\"position\":1,\"name\":\"Home\",\"item\":\"https:\/\/www.italfil.it\/es\/\"},{\"@type\":\"ListItem\",\"position\":2,\"name\":\"Privacy Policy\"}]}]}<\/script>\n<!-- \/ Yoast SEO plugin. -->","yoast_head_json":{"title":"Privacy Policy | Italfil","description":"Privacy Policy Esta p\u00e1gina web es administrada por \"Italfil snc di Guerra D. &amp; C\" Italfil snc di Guerra D. &amp; Cpuede recoger los datos personales","robots":{"index":"index","follow":"follow","max-snippet":"max-snippet:-1","max-image-preview":"max-image-preview:large","max-video-preview":"max-video-preview:-1"},"canonical":"https:\/\/www.italfil.it\/es\/privacy-policy\/","og_locale":"es_ES","og_type":"article","og_title":"Privacy Policy | Italfil","og_description":"Privacy Policy Esta p\u00e1gina web es administrada por \"Italfil snc di Guerra D. &amp; C\" Italfil snc di Guerra D. &amp; Cpuede recoger los datos personales","og_url":"https:\/\/www.italfil.it\/es\/privacy-policy\/","og_site_name":"Italfil","article_publisher":"https:\/\/www.facebook.com\/italfil\/","article_modified_time":"2019-03-15T14:06:57+00:00","og_image":[{"width":3350,"height":1606,"url":"https:\/\/www.italfil.it\/wp-content\/uploads\/2019\/04\/Schermata-2019-04-13-alle-14.53.40.png","type":"image\/png"}],"twitter_card":"summary_large_image","twitter_misc":{"Tiempo de lectura":"4 minutos"},"schema":{"@context":"https:\/\/schema.org","@graph":[{"@type":"Organization","@id":"https:\/\/www.italfil.it\/de\/#organization","name":"Italfil","url":"https:\/\/www.italfil.it\/de\/","sameAs":["https:\/\/www.facebook.com\/italfil\/","https:\/\/www.instagram.com\/italfil_italia\/"],"logo":{"@type":"ImageObject","@id":"https:\/\/www.italfil.it\/de\/#logo","inLanguage":"es","url":"https:\/\/www.italfil.it\/wp-content\/uploads\/2018\/06\/italfil-marchio-bandiera.png","contentUrl":"https:\/\/www.italfil.it\/wp-content\/uploads\/2018\/06\/italfil-marchio-bandiera.png","width":1036,"height":1010,"caption":"Italfil"},"image":{"@id":"https:\/\/www.italfil.it\/de\/#logo"}},{"@type":"WebSite","@id":"https:\/\/www.italfil.it\/de\/#website","url":"https:\/\/www.italfil.it\/de\/","name":"Italfil","description":"Realt\u00e0 in movimento","publisher":{"@id":"https:\/\/www.italfil.it\/de\/#organization"},"potentialAction":[{"@type":"SearchAction","target":{"@type":"EntryPoint","urlTemplate":"https:\/\/www.italfil.it\/de\/?s={search_term_string}"},"query-input":"required name=search_term_string"}],"inLanguage":"es"},{"@type":"WebPage","@id":"https:\/\/www.italfil.it\/es\/privacy-policy\/#webpage","url":"https:\/\/www.italfil.it\/es\/privacy-policy\/","name":"Privacy Policy | Italfil","isPartOf":{"@id":"https:\/\/www.italfil.it\/de\/#website"},"datePublished":"2019-03-15T10:30:34+00:00","dateModified":"2019-03-15T14:06:57+00:00","description":"Privacy Policy Esta p\u00e1gina web es administrada por \"Italfil snc di Guerra D. &amp; C\" Italfil snc di Guerra D. &amp; Cpuede recoger los datos personales","breadcrumb":{"@id":"https:\/\/www.italfil.it\/es\/privacy-policy\/#breadcrumb"},"inLanguage":"es","potentialAction":[{"@type":"ReadAction","target":["https:\/\/www.italfil.it\/es\/privacy-policy\/"]}]},{"@type":"BreadcrumbList","@id":"https:\/\/www.italfil.it\/es\/privacy-policy\/#breadcrumb","itemListElement":[{"@type":"ListItem","position":1,"name":"Home","item":"https:\/\/www.italfil.it\/es\/"},{"@type":"ListItem","position":2,"name":"Privacy Policy"}]}]}},"_links":{"self":[{"href":"https:\/\/www.italfil.it\/es\/wp-json\/wp\/v2\/pages\/3788"}],"collection":[{"href":"https:\/\/www.italfil.it\/es\/wp-json\/wp\/v2\/pages"}],"about":[{"href":"https:\/\/www.italfil.it\/es\/wp-json\/wp\/v2\/types\/page"}],"author":[{"embeddable":true,"href":"https:\/\/www.italfil.it\/es\/wp-json\/wp\/v2\/users\/1"}],"replies":[{"embeddable":true,"href":"https:\/\/www.italfil.it\/es\/wp-json\/wp\/v2\/comments?post=3788"}],"version-history":[{"count":2,"href":"https:\/\/www.italfil.it\/es\/wp-json\/wp\/v2\/pages\/3788\/revisions"}],"predecessor-version":[{"id":3832,"href":"https:\/\/www.italfil.it\/es\/wp-json\/wp\/v2\/pages\/3788\/revisions\/3832"}],"wp:attachment":[{"href":"https:\/\/www.italfil.it\/es\/wp-json\/wp\/v2\/media?parent=3788"}],"curies":[{"name":"wp","href":"https:\/\/api.w.org\/{rel}","templated":true}]}}