{"id":3483,"date":"2018-09-18T14:38:12","date_gmt":"2018-09-18T12:38:12","guid":{"rendered":"http:\/\/www.italfil.it\/tabella-sinottica\/"},"modified":"2018-09-20T10:26:31","modified_gmt":"2018-09-20T08:26:31","slug":"tabla-sinoptica","status":"publish","type":"page","link":"https:\/\/www.italfil.it\/es\/tabla-sinoptica\/","title":{"rendered":"Tabla SIN\u00d3PTICA"},"content":{"rendered":"<div class=\"wpb-content-wrapper\"><p>[vc_row][vc_column][vc_empty_space height=\u00bb47px\u00bb][vc_column_text]<\/p>\n<h1>Tabla SIN\u00d3PTICA<\/h1>\n<p>[\/vc_column_text][vc_empty_space height=\u00bb20px\u00bb][vc_column_text]Tabla SIN\u00d3PTICA con datos t\u00e9cnicos y soluciones para el transporte. Dimensiones \u00fatiles del espacio de carga 13600&#215;2400 H2700mm[\/vc_column_text][vc_empty_space height=\u00bb47px\u00bb][vc_column_text]<\/p>\n<table class=\"border\" width=\"100%\">\n<tbody>\n<tr>\n<td><\/td>\n<td>\n<div><strong>G 800<\/strong><\/div>\n<\/td>\n<td>\n<div><strong>G1200<\/strong><\/div>\n<\/td>\n<td>\n<div><strong>TF<\/strong><\/div>\n<\/td>\n<td>\n<div><strong>Bordeaux<\/strong><\/div>\n<\/td>\n<td>\n<div><strong>G8<\/strong><\/div>\n<\/td>\n<td>\n<div><strong>\u00bd M<\/strong><\/div>\n<\/td>\n<td><\/td>\n<\/tr>\n<tr>\n<td>\u00a0<img decoding=\"async\" loading=\"lazy\" class=\"alignnone size-full wp-image-3435\" src=\"\/\/www.italfil.it\/wp-content\/uploads\/2018\/09\/tab-sinottica_01.gif\" alt=\"\" width=\"72\" height=\"81\" \/><\/td>\n<td>\n<div>10<\/div>\n<\/td>\n<td>\n<div>10<\/div>\n<\/td>\n<td>\n<div>10<\/div>\n<\/td>\n<td>\n<div>10<\/div>\n<\/td>\n<td>\n<div>40<\/div>\n<\/td>\n<td>\n<div>10<\/div>\n<\/td>\n<td>N\u00b0 contenedores plegados apilados en una columna<\/td>\n<\/tr>\n<tr>\n<td><img decoding=\"async\" loading=\"lazy\" class=\"alignnone size-full wp-image-3433\" src=\"\/\/www.italfil.it\/wp-content\/uploads\/2018\/09\/tab-sinottica_02.gif\" alt=\"\" width=\"72\" height=\"81\" \/><\/td>\n<td>\n<div>330<\/div>\n<\/td>\n<td>\n<div>253<\/div>\n<\/td>\n<td>\n<div>363<\/div>\n<\/td>\n<td>\n<div>330<\/div>\n<\/td>\n<td>\n<div>520<\/div>\n<\/td>\n<td>\n<div>660<\/div>\n<\/td>\n<td>N\u00b0 contenedores plegados en una carga<\/td>\n<\/tr>\n<tr>\n<td height=\"22\"><img decoding=\"async\" loading=\"lazy\" class=\"alignnone size-full wp-image-3435\" src=\"\/\/www.italfil.it\/wp-content\/uploads\/2018\/09\/tab-sinottica_03.gif\" alt=\"\" width=\"72\" height=\"81\" \/><\/td>\n<td>\n<div>60<\/div>\n<\/td>\n<td>\n<div>46<\/div>\n<\/td>\n<td>\n<div>99<\/div>\n<\/td>\n<td>\n<div>60<\/div>\n<\/td>\n<td>\n<div>66<\/div>\n<\/td>\n<td>\n<div>198<\/div>\n<\/td>\n<td>N\u00b0 contenedores abiertos en una carga<\/td>\n<\/tr>\n<tr>\n<td><img decoding=\"async\" loading=\"lazy\" class=\"alignnone size-full wp-image-3435\" src=\"\/\/www.italfil.it\/wp-content\/uploads\/2018\/09\/tab-sinottica_04.gif\" alt=\"\" width=\"72\" height=\"81\" \/><\/td>\n<td>\n<div>0,84<\/div>\n<\/td>\n<td>\n<div>0,94<\/div>\n<\/td>\n<td>\n<div>0,63<\/div>\n<\/td>\n<td>\n<div>0,82<\/div>\n<\/td>\n<td>\n<div>0,74<\/div>\n<\/td>\n<td>\n<div>0,21<\/div>\n<\/td>\n<td>Capacidad en m\u00b3 de cada contenedor<\/td>\n<\/tr>\n<tr>\n<td><img decoding=\"async\" loading=\"lazy\" class=\"alignnone size-full wp-image-3435\" src=\"\/\/www.italfil.it\/wp-content\/uploads\/2018\/09\/tab-sinottica_05.gif\" alt=\"\" width=\"72\" height=\"81\" \/><\/td>\n<td>\n<div>50,04<\/div>\n<\/td>\n<td>\n<div>43,24<\/div>\n<\/td>\n<td>\n<div>62,37<\/div>\n<\/td>\n<td>\n<div>49,20<\/div>\n<\/td>\n<td>\n<div>48,84<\/div>\n<\/td>\n<td>\n<div>41,58<\/div>\n<\/td>\n<td>Capacidad en m\u00b3 de cada carga<\/td>\n<\/tr>\n<tr>\n<td><\/td>\n<td><img decoding=\"async\" src=\"\/\/www.italfil.it\/wp-content\/uploads\/2018\/09\/tab-sinottica_001.gif\" alt=\"\" \/><\/td>\n<td><img decoding=\"async\" src=\"\/\/www.italfil.it\/wp-content\/uploads\/2018\/09\/tab-sinottica_002.gif\" alt=\"\" \/><\/td>\n<td><img decoding=\"async\" src=\"\/\/www.italfil.it\/wp-content\/uploads\/2018\/09\/tab-sinottica_003.gif\" \/><\/td>\n<td><img decoding=\"async\" src=\"\/\/www.italfil.it\/wp-content\/uploads\/2018\/09\/tab-sinottica_004.gif\" \/><\/td>\n<td><img decoding=\"async\" src=\"\/\/www.italfil.it\/wp-content\/uploads\/2018\/09\/tab-sinottica_005.gif\" \/><\/td>\n<td><img decoding=\"async\" src=\"\/\/www.italfil.it\/wp-content\/uploads\/2018\/09\/tab-sinottica_006.gif\" \/><\/td>\n<td>Orientaci\u00f3n de carga en remolque<\/td>\n<\/tr>\n<\/tbody>\n<\/table>\n<p>[\/vc_column_text][vc_empty_space height=\u00bb47px\u00bb][\/vc_column][\/vc_row]<\/p>\n<\/div>","protected":false},"excerpt":{"rendered":"<p>[vc_row][vc_column][vc_empty_space height=\u00bb47px\u00bb][vc_column_text] Tabla SIN\u00d3PTICA [\/vc_column_text][vc_empty_space height=\u00bb20px\u00bb][vc_column_text]Tabla SIN\u00d3PTICA con datos t\u00e9cnicos y soluciones para el transporte. Dimensiones \u00fatiles del espacio de carga 13600&#215;2400 H2700mm[\/vc_column_text][vc_empty_space height=\u00bb47px\u00bb][vc_column_text] G 800 G1200 TF Bordeaux G8 \u00bd M \u00a0 10 10 10 10 40 10 N\u00b0 contenedores plegados apilados en una columna 330 253 363 330 520 660 N\u00b0 contenedores plegados &hellip;<\/p>\n","protected":false},"author":1,"featured_media":0,"parent":0,"menu_order":0,"comment_status":"closed","ping_status":"closed","template":"","meta":[],"yoast_head":"<!-- This site is optimized with the Yoast SEO plugin v18.2 - https:\/\/yoast.com\/wordpress\/plugins\/seo\/ -->\n<title>Tabla SIN\u00d3PTICA | Italfil<\/title>\n<meta name=\"description\" content=\"Tabla SIN\u00d3PTICA Tabla SIN\u00d3PTICA con datos t\u00e9cnicos y soluciones para el transporte. Dimensiones \u00fatiles del espacio de carga 13600x2400 H2700mm G 800 G1200\" \/>\n<meta name=\"robots\" content=\"index, follow, max-snippet:-1, max-image-preview:large, max-video-preview:-1\" \/>\n<link rel=\"canonical\" href=\"https:\/\/www.italfil.it\/es\/tabla-sinoptica\/\" \/>\n<meta property=\"og:locale\" content=\"es_ES\" \/>\n<meta property=\"og:type\" content=\"article\" \/>\n<meta property=\"og:title\" content=\"Tabla SIN\u00d3PTICA | Italfil\" \/>\n<meta property=\"og:description\" content=\"Tabla SIN\u00d3PTICA Tabla SIN\u00d3PTICA con datos t\u00e9cnicos y soluciones para el transporte. Dimensiones \u00fatiles del espacio de carga 13600x2400 H2700mm G 800 G1200\" \/>\n<meta property=\"og:url\" content=\"https:\/\/www.italfil.it\/es\/tabla-sinoptica\/\" \/>\n<meta property=\"og:site_name\" content=\"Italfil\" \/>\n<meta property=\"article:publisher\" content=\"https:\/\/www.facebook.com\/italfil\/\" \/>\n<meta property=\"article:modified_time\" content=\"2018-09-20T08:26:31+00:00\" \/>\n<meta property=\"og:image\" content=\"\/\/www.italfil.it\/wp-content\/uploads\/2018\/09\/tab-sinottica_01.gif\" \/>\n<meta name=\"twitter:card\" content=\"summary_large_image\" \/>\n<meta name=\"twitter:label1\" content=\"Tiempo de lectura\" \/>\n\t<meta name=\"twitter:data1\" content=\"1 minuto\" \/>\n<script type=\"application\/ld+json\" class=\"yoast-schema-graph\">{\"@context\":\"https:\/\/schema.org\",\"@graph\":[{\"@type\":\"Organization\",\"@id\":\"https:\/\/www.italfil.it\/de\/#organization\",\"name\":\"Italfil\",\"url\":\"https:\/\/www.italfil.it\/de\/\",\"sameAs\":[\"https:\/\/www.facebook.com\/italfil\/\",\"https:\/\/www.instagram.com\/italfil_italia\/\"],\"logo\":{\"@type\":\"ImageObject\",\"@id\":\"https:\/\/www.italfil.it\/de\/#logo\",\"inLanguage\":\"es\",\"url\":\"https:\/\/www.italfil.it\/wp-content\/uploads\/2018\/06\/italfil-marchio-bandiera.png\",\"contentUrl\":\"https:\/\/www.italfil.it\/wp-content\/uploads\/2018\/06\/italfil-marchio-bandiera.png\",\"width\":1036,\"height\":1010,\"caption\":\"Italfil\"},\"image\":{\"@id\":\"https:\/\/www.italfil.it\/de\/#logo\"}},{\"@type\":\"WebSite\",\"@id\":\"https:\/\/www.italfil.it\/de\/#website\",\"url\":\"https:\/\/www.italfil.it\/de\/\",\"name\":\"Italfil\",\"description\":\"Realt\u00e0 in movimento\",\"publisher\":{\"@id\":\"https:\/\/www.italfil.it\/de\/#organization\"},\"potentialAction\":[{\"@type\":\"SearchAction\",\"target\":{\"@type\":\"EntryPoint\",\"urlTemplate\":\"https:\/\/www.italfil.it\/de\/?s={search_term_string}\"},\"query-input\":\"required name=search_term_string\"}],\"inLanguage\":\"es\"},{\"@type\":\"ImageObject\",\"@id\":\"https:\/\/www.italfil.it\/es\/tabla-sinoptica\/#primaryimage\",\"inLanguage\":\"es\",\"url\":\"\/\/www.italfil.it\/wp-content\/uploads\/2018\/09\/tab-sinottica_01.gif\",\"contentUrl\":\"\/\/www.italfil.it\/wp-content\/uploads\/2018\/09\/tab-sinottica_01.gif\"},{\"@type\":\"WebPage\",\"@id\":\"https:\/\/www.italfil.it\/es\/tabla-sinoptica\/#webpage\",\"url\":\"https:\/\/www.italfil.it\/es\/tabla-sinoptica\/\",\"name\":\"Tabla SIN\u00d3PTICA | Italfil\",\"isPartOf\":{\"@id\":\"https:\/\/www.italfil.it\/de\/#website\"},\"primaryImageOfPage\":{\"@id\":\"https:\/\/www.italfil.it\/es\/tabla-sinoptica\/#primaryimage\"},\"datePublished\":\"2018-09-18T12:38:12+00:00\",\"dateModified\":\"2018-09-20T08:26:31+00:00\",\"description\":\"Tabla SIN\u00d3PTICA Tabla SIN\u00d3PTICA con datos t\u00e9cnicos y soluciones para el transporte. Dimensiones \u00fatiles del espacio de carga 13600x2400 H2700mm G 800 G1200\",\"breadcrumb\":{\"@id\":\"https:\/\/www.italfil.it\/es\/tabla-sinoptica\/#breadcrumb\"},\"inLanguage\":\"es\",\"potentialAction\":[{\"@type\":\"ReadAction\",\"target\":[\"https:\/\/www.italfil.it\/es\/tabla-sinoptica\/\"]}]},{\"@type\":\"BreadcrumbList\",\"@id\":\"https:\/\/www.italfil.it\/es\/tabla-sinoptica\/#breadcrumb\",\"itemListElement\":[{\"@type\":\"ListItem\",\"position\":1,\"name\":\"Home\",\"item\":\"https:\/\/www.italfil.it\/es\/\"},{\"@type\":\"ListItem\",\"position\":2,\"name\":\"Tabla SIN\u00d3PTICA\"}]}]}<\/script>\n<!-- \/ Yoast SEO plugin. -->","yoast_head_json":{"title":"Tabla SIN\u00d3PTICA | Italfil","description":"Tabla SIN\u00d3PTICA Tabla SIN\u00d3PTICA con datos t\u00e9cnicos y soluciones para el transporte. Dimensiones \u00fatiles del espacio de carga 13600x2400 H2700mm G 800 G1200","robots":{"index":"index","follow":"follow","max-snippet":"max-snippet:-1","max-image-preview":"max-image-preview:large","max-video-preview":"max-video-preview:-1"},"canonical":"https:\/\/www.italfil.it\/es\/tabla-sinoptica\/","og_locale":"es_ES","og_type":"article","og_title":"Tabla SIN\u00d3PTICA | Italfil","og_description":"Tabla SIN\u00d3PTICA Tabla SIN\u00d3PTICA con datos t\u00e9cnicos y soluciones para el transporte. Dimensiones \u00fatiles del espacio de carga 13600x2400 H2700mm G 800 G1200","og_url":"https:\/\/www.italfil.it\/es\/tabla-sinoptica\/","og_site_name":"Italfil","article_publisher":"https:\/\/www.facebook.com\/italfil\/","article_modified_time":"2018-09-20T08:26:31+00:00","og_image":[{"url":"\/\/www.italfil.it\/wp-content\/uploads\/2018\/09\/tab-sinottica_01.gif"}],"twitter_card":"summary_large_image","twitter_misc":{"Tiempo de lectura":"1 minuto"},"schema":{"@context":"https:\/\/schema.org","@graph":[{"@type":"Organization","@id":"https:\/\/www.italfil.it\/de\/#organization","name":"Italfil","url":"https:\/\/www.italfil.it\/de\/","sameAs":["https:\/\/www.facebook.com\/italfil\/","https:\/\/www.instagram.com\/italfil_italia\/"],"logo":{"@type":"ImageObject","@id":"https:\/\/www.italfil.it\/de\/#logo","inLanguage":"es","url":"https:\/\/www.italfil.it\/wp-content\/uploads\/2018\/06\/italfil-marchio-bandiera.png","contentUrl":"https:\/\/www.italfil.it\/wp-content\/uploads\/2018\/06\/italfil-marchio-bandiera.png","width":1036,"height":1010,"caption":"Italfil"},"image":{"@id":"https:\/\/www.italfil.it\/de\/#logo"}},{"@type":"WebSite","@id":"https:\/\/www.italfil.it\/de\/#website","url":"https:\/\/www.italfil.it\/de\/","name":"Italfil","description":"Realt\u00e0 in movimento","publisher":{"@id":"https:\/\/www.italfil.it\/de\/#organization"},"potentialAction":[{"@type":"SearchAction","target":{"@type":"EntryPoint","urlTemplate":"https:\/\/www.italfil.it\/de\/?s={search_term_string}"},"query-input":"required name=search_term_string"}],"inLanguage":"es"},{"@type":"ImageObject","@id":"https:\/\/www.italfil.it\/es\/tabla-sinoptica\/#primaryimage","inLanguage":"es","url":"\/\/www.italfil.it\/wp-content\/uploads\/2018\/09\/tab-sinottica_01.gif","contentUrl":"\/\/www.italfil.it\/wp-content\/uploads\/2018\/09\/tab-sinottica_01.gif"},{"@type":"WebPage","@id":"https:\/\/www.italfil.it\/es\/tabla-sinoptica\/#webpage","url":"https:\/\/www.italfil.it\/es\/tabla-sinoptica\/","name":"Tabla SIN\u00d3PTICA | Italfil","isPartOf":{"@id":"https:\/\/www.italfil.it\/de\/#website"},"primaryImageOfPage":{"@id":"https:\/\/www.italfil.it\/es\/tabla-sinoptica\/#primaryimage"},"datePublished":"2018-09-18T12:38:12+00:00","dateModified":"2018-09-20T08:26:31+00:00","description":"Tabla SIN\u00d3PTICA Tabla SIN\u00d3PTICA con datos t\u00e9cnicos y soluciones para el transporte. Dimensiones \u00fatiles del espacio de carga 13600x2400 H2700mm G 800 G1200","breadcrumb":{"@id":"https:\/\/www.italfil.it\/es\/tabla-sinoptica\/#breadcrumb"},"inLanguage":"es","potentialAction":[{"@type":"ReadAction","target":["https:\/\/www.italfil.it\/es\/tabla-sinoptica\/"]}]},{"@type":"BreadcrumbList","@id":"https:\/\/www.italfil.it\/es\/tabla-sinoptica\/#breadcrumb","itemListElement":[{"@type":"ListItem","position":1,"name":"Home","item":"https:\/\/www.italfil.it\/es\/"},{"@type":"ListItem","position":2,"name":"Tabla SIN\u00d3PTICA"}]}]}},"_links":{"self":[{"href":"https:\/\/www.italfil.it\/es\/wp-json\/wp\/v2\/pages\/3483"}],"collection":[{"href":"https:\/\/www.italfil.it\/es\/wp-json\/wp\/v2\/pages"}],"about":[{"href":"https:\/\/www.italfil.it\/es\/wp-json\/wp\/v2\/types\/page"}],"author":[{"embeddable":true,"href":"https:\/\/www.italfil.it\/es\/wp-json\/wp\/v2\/users\/1"}],"replies":[{"embeddable":true,"href":"https:\/\/www.italfil.it\/es\/wp-json\/wp\/v2\/comments?post=3483"}],"version-history":[{"count":4,"href":"https:\/\/www.italfil.it\/es\/wp-json\/wp\/v2\/pages\/3483\/revisions"}],"predecessor-version":[{"id":3491,"href":"https:\/\/www.italfil.it\/es\/wp-json\/wp\/v2\/pages\/3483\/revisions\/3491"}],"wp:attachment":[{"href":"https:\/\/www.italfil.it\/es\/wp-json\/wp\/v2\/media?parent=3483"}],"curies":[{"name":"wp","href":"https:\/\/api.w.org\/{rel}","templated":true}]}}