{"id":2454,"date":"2015-08-12T12:27:19","date_gmt":"2015-08-12T10:27:19","guid":{"rendered":"http:\/\/www.italfil.it\/lazienda\/"},"modified":"2020-10-19T22:22:53","modified_gmt":"2020-10-19T20:22:53","slug":"la-compania","status":"publish","type":"page","link":"https:\/\/www.italfil.it\/es\/la-compania\/","title":{"rendered":"La compa\u00f1\u00eda"},"content":{"rendered":"<div class=\"wpb-content-wrapper\"><p>[vc_row type=\u00bbboxed\u00bb][vc_column][vc_empty_space height=\u00bb47px\u00bb][vc_column_text]<\/p>\n<h1>La compa\u00f1\u00eda<\/h1>\n<p>[\/vc_column_text][\/vc_column][\/vc_row][vc_row type=\u00bbboxed\u00bb][vc_column][vc_empty_space height=\u00bb43px\u00bb]\n\t\t\t<div class=\"nm-banner content-full image-type-fluid text-color-dark\" style=\"\"><img src=\"https:\/\/www.italfil.it\/wp-content\/uploads\/2019\/05\/capannone-4-scaled.jpg\" alt=\"capannone\" \/>\n\t\t\t<\/div>[vc_empty_space height=\u00bb47px\u00bb][\/vc_column][\/vc_row][vc_row type=\u00bbboxed\u00bb][vc_column width=\u00bb1\/4\u2033 offset=\u00bbvc_col-sm-offset-1\u2033][vc_column_text]<\/p>\n<h4>Quienes somos<\/h4>\n<p>[\/vc_column_text][vc_empty_space height=\u00bb17px\u00bb][\/vc_column][vc_column width=\u00bb7\/12\u2033][vc_column_text]Italfil naci\u00f3 en 1981 y durante los a\u00f1os ha llegado a ser el l\u00edder en el mercado en la producci\u00f3n de contenedores en fil de acero plegables y apilables para el almacenamiento, el transporte y la log\u00edstica, la movimentaci\u00f3n de mercanc\u00eda industrial, para el sector enol\u00f3gico, los revendedores y al final para la exposici\u00f3n de productos comerciales.<br>\nEn nuestra actividad de 30 a\u00f1os hemos desarrollado centenas de nuevos productos , escuchando las exigencias del mercado, concentrando nuestra actividad en la flexibilidad y en la capacidad de contestar adecuadamente a todas las demandas y las necesidades de nuestros clientes.<\/p>\n<p>Nuestras plantas de producci\u00f3n modernas y completamente automatizadas est\u00e1n en el norte de Italia en Travagliato, cerca de la ciudad de Brescia, y se extenden sobre una superficie de 7000 mc. La automaci\u00f3n eficiente de nuestras l\u00edneas nos garantiza una grande capacidad productiva a niveles cualitativos muy elevados, que nos permite de ofrecer a nuestros clientes entregas muy r\u00e1pidas a precios extremamente competitivos. 40 personas forman parte de nuestro equipo que se ocupa de producci\u00f3n, an\u00e1lisis y desarrollo.[\/vc_column_text][\/vc_column][\/vc_row][vc_row][vc_column][vc_empty_space height=\u00bb100px\u00bb][\/vc_column][\/vc_row][vc_row type=\u00bbfull-nopad\u00bb css=\u00bb.vc_custom_1528555197454{background-color: #c1dfc4 !important;}\u00bb][vc_column][vc_empty_space height=\u00bb100\u2033][vc_row_inner type=\u00bbboxed\u00bb content_placement=\u00bbmiddle\u00bb][vc_column_inner width=\u00bb1\/12\u2033][\/vc_column_inner][vc_column_inner width=\u00bb2\/12\u2033][vc_single_image image=\u00bb994\u2033 img_size=\u00bb193\u00d7100\u2033 alignment=\u00bbcenter\u00bb][\/vc_column_inner][vc_column_inner width=\u00bb1\/12\u2033][\/vc_column_inner][vc_column_inner width=\u00bb7\/12\u2033][vc_column_text]<\/p>\n<h3 style=\"text-align: left;\">Empresa asociada a Confindustria<\/h3>\n<p>[\/vc_column_text][vc_empty_space height=\u00bb47px\u00bb][vc_column_text]<\/p>\n<p style=\"text-align: left;\">La carta confederal de los principios para la sostenibilidad ambiental, representa para las empresas y para las asociaciones que adieren a Confindustria, el punto de referencia hacia un desarrollo sostenible.<\/p>\n<p>[\/vc_column_text][\/vc_column_inner][vc_column_inner width=\u00bb1\/12\u2033][\/vc_column_inner][\/vc_row_inner][vc_empty_space height=\u00bb100\u2033][\/vc_column][\/vc_row][vc_row][vc_column][vc_empty_space height=\u00bb100px\u00bb][\/vc_column][\/vc_row][vc_row type=\u00bbboxed\u00bb][vc_column width=\u00bb1\/4\u2033 offset=\u00bbvc_col-sm-offset-1\u2033][vc_pie value=\u00bb60\u2033 label_value=\u00bb60\u2033 color=\u00bbcustom\u00bb custom_color=\u00bb#c7dec6\u2033 units=\u00bb%\u00bb title=\u00bbProducci\u00f3n exportada al extranjero\u00bb][vc_empty_space height=\u00bb17px\u00bb][\/vc_column][vc_column width=\u00bb7\/12\u2033][vc_column_text]El sistema de venta y de distribuci\u00f3n de Italfil se constituye por agentes directos que trabajan en Italia y en toda Europa. Nuestra pol\u00edtica de tratar con agentes dirigidos directamente por nuestro centro laboral, nos permite ser el partner perfecto para nuestros clientes y nos permite ofrecer en cualquier momento un servicio r\u00e1pido y muy profesional. Gracias a nuestra gesti\u00f3n flexible y gracias a la capacidad de producci\u00f3n, durante estos a\u00f1os hemos constantemente augmentado nuestro facturado, desarrollando as\u00ed nuevos productos para muchos clientes. Todos nuestros productos est\u00e1n proyectados, desarrollados y al final realizados por Italfil. Nosotros garantimos el adecuado acabado de todos nuestros productos a trav\u00e9s de los sectores t\u00e9cnicos y productivos con el objectivo de respectar las reglas m\u00e1s estrictas. Actualmente exportamos el 60% de nuestra producci\u00f3n al extranjero y en todo el mundo.[\/vc_column_text][\/vc_column][\/vc_row][vc_row][vc_column][vc_empty_space height=\u00bb100px\u00bb][\/vc_column][\/vc_row][vc_row type=\u00bbboxed\u00bb][vc_column][vc_empty_space height=\u00bb43px\u00bb]\n\t\t\t<div class=\"nm-banner content-full image-type-fluid text-color-dark\" style=\"\"><img src=\"https:\/\/www.italfil.it\/wp-content\/uploads\/2018\/09\/30073581_1901109329913171_9048365817728260328_o-1.jpg\" alt=\"contenitori metallici\" \/>\n\t\t\t<\/div>[vc_empty_space height=\u00bb47px\u00bb][\/vc_column][\/vc_row][vc_row type=\u00bbboxed\u00bb][vc_column width=\u00bb1\/4\u2033 offset=\u00bbvc_col-sm-offset-1\u2033][vc_column_text]<\/p>\n<h4>Be4 S.r.l.<\/h4>\n<p>[\/vc_column_text][vc_empty_space height=\u00bb17px\u00bb][\/vc_column][vc_column width=\u00bb7\/12\u2033][vc_column_text]En Septiembre 2000, con el objectivo de optimizar las sinergias internas, Italfil ha creado una sucursal llamada Be4, con el fin de ofrecer servicios y productos dedicados al mercado del retail organizado.[\/vc_column_text][\/vc_column][\/vc_row][vc_row][vc_column][vc_empty_space height=\u00bb100px\u00bb][\/vc_column][\/vc_row][vc_row type=\u00bbboxed\u00bb][vc_column width=\u00bb1\/4\u2033 offset=\u00bbvc_col-sm-offset-1\u2033][vc_column_text]<\/p>\n<h4>Eco-sostenible con el fotovoltaico<\/h4>\n<p>[\/vc_column_text][vc_empty_space height=\u00bb17px\u00bb][\/vc_column][vc_column width=\u00bb7\/12\u2033][vc_column_text]En 2011 Italfil ha decidido invertir en el fotovoltaico: por eso hoy tenemos un sistema fotovoltaico de 3000 mc que nos garantiza una \u00f3ptica de eco-sostenibilidad con zero emisiones en el territorio. Nuestros objectivos son: sostenibilidad ambiental, \u00e9tico-social y econ\u00f3mica.[\/vc_column_text][\/vc_column][\/vc_row][vc_row][vc_column][vc_empty_space height=\u00bb100px\u00bb][\/vc_column][\/vc_row]<\/p>\n<\/div>","protected":false},"excerpt":{"rendered":"<p>[vc_row type=\u00bbboxed\u00bb][vc_column][vc_empty_space height=\u00bb47px\u00bb][vc_column_text] La compa\u00f1\u00eda [\/vc_column_text][\/vc_column][\/vc_row][vc_row type=\u00bbboxed\u00bb][vc_column][vc_empty_space height=\u00bb43px\u00bb][vc_empty_space height=\u00bb47px\u00bb][\/vc_column][\/vc_row][vc_row type=\u00bbboxed\u00bb][vc_column width=\u00bb1\/4\u2033 offset=\u00bbvc_col-sm-offset-1\u2033][vc_column_text] Quienes somos [\/vc_column_text][vc_empty_space height=\u00bb17px\u00bb][\/vc_column][vc_column width=\u00bb7\/12\u2033][vc_column_text]Italfil naci\u00f3 en 1981 y durante los a\u00f1os ha llegado a ser el l\u00edder en el mercado en la producci\u00f3n de contenedores en fil de acero plegables y apilables para el almacenamiento, el transporte y la log\u00edstica, la movimentaci\u00f3n &hellip;<\/p>\n","protected":false},"author":1,"featured_media":0,"parent":0,"menu_order":0,"comment_status":"closed","ping_status":"closed","template":"","meta":[],"yoast_head":"<!-- This site is optimized with the Yoast SEO plugin v18.2 - https:\/\/yoast.com\/wordpress\/plugins\/seo\/ -->\n<title>La compa\u00f1\u00eda | Italfil<\/title>\n<meta name=\"description\" content=\"La compa\u00f1\u00eda Quienes somos Italfil naci\u00f3 en 1981 y durante los a\u00f1os ha llegado a ser el l\u00edder en el mercado en la producci\u00f3n de contenedores en fil de\" \/>\n<meta name=\"robots\" content=\"index, follow, max-snippet:-1, max-image-preview:large, max-video-preview:-1\" \/>\n<link rel=\"canonical\" href=\"https:\/\/www.italfil.it\/es\/la-compania\/\" \/>\n<meta property=\"og:locale\" content=\"es_ES\" \/>\n<meta property=\"og:type\" content=\"article\" \/>\n<meta property=\"og:title\" content=\"La compa\u00f1\u00eda | Italfil\" \/>\n<meta property=\"og:description\" content=\"La compa\u00f1\u00eda Quienes somos Italfil naci\u00f3 en 1981 y durante los a\u00f1os ha llegado a ser el l\u00edder en el mercado en la producci\u00f3n de contenedores en fil de\" \/>\n<meta property=\"og:url\" content=\"https:\/\/www.italfil.it\/es\/la-compania\/\" \/>\n<meta property=\"og:site_name\" content=\"Italfil\" \/>\n<meta property=\"article:publisher\" content=\"https:\/\/www.facebook.com\/italfil\/\" \/>\n<meta property=\"article:modified_time\" content=\"2020-10-19T20:22:53+00:00\" \/>\n<meta property=\"og:image\" content=\"https:\/\/www.italfil.it\/wp-content\/uploads\/2019\/04\/Schermata-2019-04-13-alle-14.53.40.png\" \/>\n\t<meta property=\"og:image:width\" content=\"3350\" \/>\n\t<meta property=\"og:image:height\" content=\"1606\" \/>\n\t<meta property=\"og:image:type\" content=\"image\/png\" \/>\n<meta name=\"twitter:card\" content=\"summary_large_image\" \/>\n<meta name=\"twitter:label1\" content=\"Tiempo de lectura\" \/>\n\t<meta name=\"twitter:data1\" content=\"4 minutos\" \/>\n<script type=\"application\/ld+json\" class=\"yoast-schema-graph\">{\"@context\":\"https:\/\/schema.org\",\"@graph\":[{\"@type\":\"Organization\",\"@id\":\"https:\/\/www.italfil.it\/fr\/#organization\",\"name\":\"Italfil\",\"url\":\"https:\/\/www.italfil.it\/fr\/\",\"sameAs\":[\"https:\/\/www.facebook.com\/italfil\/\",\"https:\/\/www.instagram.com\/italfil_italia\/\"],\"logo\":{\"@type\":\"ImageObject\",\"@id\":\"https:\/\/www.italfil.it\/fr\/#logo\",\"inLanguage\":\"es\",\"url\":\"https:\/\/www.italfil.it\/wp-content\/uploads\/2018\/06\/italfil-marchio-bandiera.png\",\"contentUrl\":\"https:\/\/www.italfil.it\/wp-content\/uploads\/2018\/06\/italfil-marchio-bandiera.png\",\"width\":1036,\"height\":1010,\"caption\":\"Italfil\"},\"image\":{\"@id\":\"https:\/\/www.italfil.it\/fr\/#logo\"}},{\"@type\":\"WebSite\",\"@id\":\"https:\/\/www.italfil.it\/fr\/#website\",\"url\":\"https:\/\/www.italfil.it\/fr\/\",\"name\":\"Italfil\",\"description\":\"Realt\u00e0 in movimento\",\"publisher\":{\"@id\":\"https:\/\/www.italfil.it\/fr\/#organization\"},\"potentialAction\":[{\"@type\":\"SearchAction\",\"target\":{\"@type\":\"EntryPoint\",\"urlTemplate\":\"https:\/\/www.italfil.it\/fr\/?s={search_term_string}\"},\"query-input\":\"required name=search_term_string\"}],\"inLanguage\":\"es\"},{\"@type\":\"WebPage\",\"@id\":\"https:\/\/www.italfil.it\/es\/la-compania\/#webpage\",\"url\":\"https:\/\/www.italfil.it\/es\/la-compania\/\",\"name\":\"La compa\u00f1\u00eda | Italfil\",\"isPartOf\":{\"@id\":\"https:\/\/www.italfil.it\/fr\/#website\"},\"datePublished\":\"2015-08-12T10:27:19+00:00\",\"dateModified\":\"2020-10-19T20:22:53+00:00\",\"description\":\"La compa\u00f1\u00eda Quienes somos Italfil naci\u00f3 en 1981 y durante los a\u00f1os ha llegado a ser el l\u00edder en el mercado en la producci\u00f3n de contenedores en fil de\",\"breadcrumb\":{\"@id\":\"https:\/\/www.italfil.it\/es\/la-compania\/#breadcrumb\"},\"inLanguage\":\"es\",\"potentialAction\":[{\"@type\":\"ReadAction\",\"target\":[\"https:\/\/www.italfil.it\/es\/la-compania\/\"]}]},{\"@type\":\"BreadcrumbList\",\"@id\":\"https:\/\/www.italfil.it\/es\/la-compania\/#breadcrumb\",\"itemListElement\":[{\"@type\":\"ListItem\",\"position\":1,\"name\":\"Home\",\"item\":\"https:\/\/www.italfil.it\/es\/\"},{\"@type\":\"ListItem\",\"position\":2,\"name\":\"La compa\u00f1\u00eda\"}]}]}<\/script>\n<!-- \/ Yoast SEO plugin. -->","yoast_head_json":{"title":"La compa\u00f1\u00eda | Italfil","description":"La compa\u00f1\u00eda Quienes somos Italfil naci\u00f3 en 1981 y durante los a\u00f1os ha llegado a ser el l\u00edder en el mercado en la producci\u00f3n de contenedores en fil de","robots":{"index":"index","follow":"follow","max-snippet":"max-snippet:-1","max-image-preview":"max-image-preview:large","max-video-preview":"max-video-preview:-1"},"canonical":"https:\/\/www.italfil.it\/es\/la-compania\/","og_locale":"es_ES","og_type":"article","og_title":"La compa\u00f1\u00eda | Italfil","og_description":"La compa\u00f1\u00eda Quienes somos Italfil naci\u00f3 en 1981 y durante los a\u00f1os ha llegado a ser el l\u00edder en el mercado en la producci\u00f3n de contenedores en fil de","og_url":"https:\/\/www.italfil.it\/es\/la-compania\/","og_site_name":"Italfil","article_publisher":"https:\/\/www.facebook.com\/italfil\/","article_modified_time":"2020-10-19T20:22:53+00:00","og_image":[{"width":3350,"height":1606,"url":"https:\/\/www.italfil.it\/wp-content\/uploads\/2019\/04\/Schermata-2019-04-13-alle-14.53.40.png","type":"image\/png"}],"twitter_card":"summary_large_image","twitter_misc":{"Tiempo de lectura":"4 minutos"},"schema":{"@context":"https:\/\/schema.org","@graph":[{"@type":"Organization","@id":"https:\/\/www.italfil.it\/fr\/#organization","name":"Italfil","url":"https:\/\/www.italfil.it\/fr\/","sameAs":["https:\/\/www.facebook.com\/italfil\/","https:\/\/www.instagram.com\/italfil_italia\/"],"logo":{"@type":"ImageObject","@id":"https:\/\/www.italfil.it\/fr\/#logo","inLanguage":"es","url":"https:\/\/www.italfil.it\/wp-content\/uploads\/2018\/06\/italfil-marchio-bandiera.png","contentUrl":"https:\/\/www.italfil.it\/wp-content\/uploads\/2018\/06\/italfil-marchio-bandiera.png","width":1036,"height":1010,"caption":"Italfil"},"image":{"@id":"https:\/\/www.italfil.it\/fr\/#logo"}},{"@type":"WebSite","@id":"https:\/\/www.italfil.it\/fr\/#website","url":"https:\/\/www.italfil.it\/fr\/","name":"Italfil","description":"Realt\u00e0 in movimento","publisher":{"@id":"https:\/\/www.italfil.it\/fr\/#organization"},"potentialAction":[{"@type":"SearchAction","target":{"@type":"EntryPoint","urlTemplate":"https:\/\/www.italfil.it\/fr\/?s={search_term_string}"},"query-input":"required name=search_term_string"}],"inLanguage":"es"},{"@type":"WebPage","@id":"https:\/\/www.italfil.it\/es\/la-compania\/#webpage","url":"https:\/\/www.italfil.it\/es\/la-compania\/","name":"La compa\u00f1\u00eda | Italfil","isPartOf":{"@id":"https:\/\/www.italfil.it\/fr\/#website"},"datePublished":"2015-08-12T10:27:19+00:00","dateModified":"2020-10-19T20:22:53+00:00","description":"La compa\u00f1\u00eda Quienes somos Italfil naci\u00f3 en 1981 y durante los a\u00f1os ha llegado a ser el l\u00edder en el mercado en la producci\u00f3n de contenedores en fil de","breadcrumb":{"@id":"https:\/\/www.italfil.it\/es\/la-compania\/#breadcrumb"},"inLanguage":"es","potentialAction":[{"@type":"ReadAction","target":["https:\/\/www.italfil.it\/es\/la-compania\/"]}]},{"@type":"BreadcrumbList","@id":"https:\/\/www.italfil.it\/es\/la-compania\/#breadcrumb","itemListElement":[{"@type":"ListItem","position":1,"name":"Home","item":"https:\/\/www.italfil.it\/es\/"},{"@type":"ListItem","position":2,"name":"La compa\u00f1\u00eda"}]}]}},"_links":{"self":[{"href":"https:\/\/www.italfil.it\/es\/wp-json\/wp\/v2\/pages\/2454"}],"collection":[{"href":"https:\/\/www.italfil.it\/es\/wp-json\/wp\/v2\/pages"}],"about":[{"href":"https:\/\/www.italfil.it\/es\/wp-json\/wp\/v2\/types\/page"}],"author":[{"embeddable":true,"href":"https:\/\/www.italfil.it\/es\/wp-json\/wp\/v2\/users\/1"}],"replies":[{"embeddable":true,"href":"https:\/\/www.italfil.it\/es\/wp-json\/wp\/v2\/comments?post=2454"}],"version-history":[{"count":6,"href":"https:\/\/www.italfil.it\/es\/wp-json\/wp\/v2\/pages\/2454\/revisions"}],"predecessor-version":[{"id":4488,"href":"https:\/\/www.italfil.it\/es\/wp-json\/wp\/v2\/pages\/2454\/revisions\/4488"}],"wp:attachment":[{"href":"https:\/\/www.italfil.it\/es\/wp-json\/wp\/v2\/media?parent=2454"}],"curies":[{"name":"wp","href":"https:\/\/api.w.org\/{rel}","templated":true}]}}