{"id":3523,"date":"2018-08-09T17:38:28","date_gmt":"2018-08-09T15:38:28","guid":{"rendered":"http:\/\/www.italfil.it\/prodotto\/paniers-superposables-repliables\/"},"modified":"2018-09-21T15:55:31","modified_gmt":"2018-09-21T13:55:31","slug":"stapelbare-koerbe","status":"publish","type":"product","link":"https:\/\/www.italfil.it\/de\/prodotto\/stapelbare-koerbe\/","title":{"rendered":"Stapelbare K\u00f6rbe"},"content":{"rendered":"<div class=\"col-md-6\">\n<table class=\"table-cesti\">\n<tbody>\n<tr>\n<td colspan=\"4\"><strong>Abmessungen stapelbare K\u00f6rbe<\/strong><\/td>\n<\/tr>\n<tr>\n<td><strong>Artikel-Nr.<\/strong><\/td>\n<td><b>L<\/b><\/td>\n<td><strong>D<\/strong><\/td>\n<td><strong>H<\/strong><\/td>\n<\/tr>\n<tr>\n<td>B60.01.10<\/td>\n<td>48<\/td>\n<td>40<\/td>\n<td>30<\/td>\n<\/tr>\n<tr>\n<td>B60.02.10<\/td>\n<td>48<\/td>\n<td>50<\/td>\n<td>30<\/td>\n<\/tr>\n<tr>\n<td>B60.03.10<\/td>\n<td>48<\/td>\n<td>60<\/td>\n<td>30<\/td>\n<\/tr>\n<tr>\n<td>B60.04.10<\/td>\n<td>64<\/td>\n<td>40<\/td>\n<td>30<\/td>\n<\/tr>\n<tr>\n<td>B60.05.10<\/td>\n<td>64<\/td>\n<td>50<\/td>\n<td>30<\/td>\n<\/tr>\n<tr>\n<td>B60.06.10<\/td>\n<td>64<\/td>\n<td>60<\/td>\n<td>30<\/td>\n<\/tr>\n<tr>\n<td>B60.07.10<\/td>\n<td>96<\/td>\n<td>40<\/td>\n<td>30<\/td>\n<\/tr>\n<tr>\n<td>B60.08.10<\/td>\n<td>96<\/td>\n<td>50<\/td>\n<td>30<\/td>\n<\/tr>\n<tr>\n<td>B60.09.10<\/td>\n<td>96<\/td>\n<td>60<\/td>\n<td>30<\/td>\n<\/tr>\n<tr>\n<td>B60.10.10<\/td>\n<td>128<\/td>\n<td>40<\/td>\n<td>30<\/td>\n<\/tr>\n<tr>\n<td>B60.11.10<\/td>\n<td>128<\/td>\n<td>50<\/td>\n<td>30<\/td>\n<\/tr>\n<tr>\n<td>B60.12.10<\/td>\n<td>128<\/td>\n<td>60<\/td>\n<td>30<\/td>\n<\/tr>\n<tr>\n<td>B60.01.20<\/td>\n<td>48<\/td>\n<td>40<\/td>\n<td>35<\/td>\n<\/tr>\n<tr>\n<td>B60.02.20<\/td>\n<td>48<\/td>\n<td>50<\/td>\n<td>35<\/td>\n<\/tr>\n<tr>\n<td>B60.03.20<\/td>\n<td>48<\/td>\n<td>60<\/td>\n<td>35<\/td>\n<\/tr>\n<tr>\n<td>B60.04.20<\/td>\n<td>64<\/td>\n<td>40<\/td>\n<td>35<\/td>\n<\/tr>\n<tr>\n<td>B60.05.20<\/td>\n<td>64<\/td>\n<td>50<\/td>\n<td>35<\/td>\n<\/tr>\n<tr>\n<td>B60.06.20<\/td>\n<td>64<\/td>\n<td>60<\/td>\n<td>35<\/td>\n<\/tr>\n<tr>\n<td>B60.07.20<\/td>\n<td>96<\/td>\n<td>40<\/td>\n<td>35<\/td>\n<\/tr>\n<tr>\n<td>B60.08.20<\/td>\n<td>96<\/td>\n<td>50<\/td>\n<td>35<\/td>\n<\/tr>\n<tr>\n<td>B60.09.20<\/td>\n<td>96<\/td>\n<td>60<\/td>\n<td>35<\/td>\n<\/tr>\n<tr>\n<td>B60.10.20<\/td>\n<td>128<\/td>\n<td>40<\/td>\n<td>35<\/td>\n<\/tr>\n<tr>\n<td>B60.11.20<\/td>\n<td>128<\/td>\n<td>50<\/td>\n<td>35<\/td>\n<\/tr>\n<tr>\n<td>B60.12.20<\/td>\n<td>128<\/td>\n<td>60<\/td>\n<td>35<\/td>\n<\/tr>\n<\/tbody>\n<\/table>\n<p>&nbsp;<\/p>\n<\/div>\n<div class=\"col-md-6\">\n<table class=\"table-cesti\">\n<tbody>\n<tr>\n<td colspan=\"3\"><strong>Abmessungen Basis mit Rollen<\/strong><\/td>\n<\/tr>\n<tr>\n<td width=\"135\"><strong>Artikel-Nr.<\/strong><\/td>\n<td valign=\"bottom\" width=\"37\"><strong>L<\/strong><\/td>\n<td valign=\"bottom\" width=\"38\"><strong>D<\/strong><\/td>\n<\/tr>\n<tr>\n<td>B65.01.14<\/td>\n<td>48<\/td>\n<td>40<\/td>\n<\/tr>\n<tr>\n<td>B65.02.15<\/td>\n<td>48<\/td>\n<td>50<\/td>\n<\/tr>\n<tr>\n<td>B65.03.16<\/td>\n<td>48<\/td>\n<td>60<\/td>\n<\/tr>\n<tr>\n<td>B65.04.14<\/td>\n<td>64<\/td>\n<td>40<\/td>\n<\/tr>\n<tr>\n<td>B65.05.15<\/td>\n<td>64<\/td>\n<td>50<\/td>\n<\/tr>\n<tr>\n<td>B65.06.16<\/td>\n<td>64<\/td>\n<td>60<\/td>\n<\/tr>\n<tr>\n<td>B65.07.14<\/td>\n<td>96<\/td>\n<td>40<\/td>\n<\/tr>\n<tr>\n<td>B65.08.15<\/td>\n<td>96<\/td>\n<td>50<\/td>\n<\/tr>\n<tr>\n<td>B65.09.16<\/td>\n<td>96<\/td>\n<td>60<\/td>\n<\/tr>\n<tr>\n<td>B65.10.14<\/td>\n<td>128<\/td>\n<td>40<\/td>\n<\/tr>\n<tr>\n<td>B65.11.15<\/td>\n<td>128<\/td>\n<td>50<\/td>\n<\/tr>\n<tr>\n<td>B65.12.16<\/td>\n<td>128<\/td>\n<td>60<\/td>\n<\/tr>\n<\/tbody>\n<\/table>\n<\/div>\n<div class=\"col-md-6\">\n<table class=\"table-cesti\">\n<tbody>\n<tr>\n<td colspan=\"3\"><strong>Abmessungen feste Basis<\/strong><\/td>\n<\/tr>\n<tr>\n<td width=\"128\"><strong>Artikel-Nr.<\/strong><\/td>\n<td valign=\"bottom\" width=\"34\"><strong>L<\/strong><\/td>\n<td valign=\"bottom\" width=\"40\"><strong>D<\/strong><\/td>\n<\/tr>\n<tr>\n<td>B66.01.14<\/td>\n<td>48<\/td>\n<td>40<\/td>\n<\/tr>\n<tr>\n<td>B66.02.15<\/td>\n<td>48<\/td>\n<td>50<\/td>\n<\/tr>\n<tr>\n<td>B66.03.16<\/td>\n<td>48<\/td>\n<td>60<\/td>\n<\/tr>\n<tr>\n<td>B66.04.14<\/td>\n<td>64<\/td>\n<td>40<\/td>\n<\/tr>\n<tr>\n<td>B66.05.15<\/td>\n<td>64<\/td>\n<td>50<\/td>\n<\/tr>\n<tr>\n<td>B66.06.16<\/td>\n<td>64<\/td>\n<td>60<\/td>\n<\/tr>\n<tr>\n<td>B66.07.14<\/td>\n<td>96<\/td>\n<td>40<\/td>\n<\/tr>\n<tr>\n<td>B66.08.15<\/td>\n<td>96<\/td>\n<td>50<\/td>\n<\/tr>\n<tr>\n<td>B66.09.16<\/td>\n<td>96<\/td>\n<td>60<\/td>\n<\/tr>\n<tr>\n<td>B66.10.14<\/td>\n<td>128<\/td>\n<td>40<\/td>\n<\/tr>\n<tr>\n<td>B66.11.15<\/td>\n<td>128<\/td>\n<td>50<\/td>\n<\/tr>\n<tr>\n<td>\n<div style=\"text-align: left;\" align=\"center\">B66.12.16<\/div>\n<\/td>\n<td>128<\/td>\n<td>60<\/td>\n<\/tr>\n<\/tbody>\n<\/table>\n<\/div>\n<p>&nbsp;<\/p>\n<table class=\"table-cesti\">\n<tbody>\n<tr>\n<td colspan=\"2\"><strong>Abmssungen Trennw\u00e4nde f\u00fcr K\u00f6rbe<\/strong><\/td>\n<td width=\"90\"><strong>D<\/strong><\/td>\n<\/tr>\n<tr>\n<td rowspan=\"3\" width=\"144\"><img decoding=\"async\" loading=\"lazy\" class=\"aligncenter\" src=\"\/\/www.italfil.it\/wp-content\/uploads\/2018\/08\/cesti03-acc_small.jpg\" alt=\"divisori\" width=\"129\" height=\"59\" \/><\/td>\n<td width=\"223\"><b><strong>B68.00.40<\/strong><\/b><\/td>\n<td>40<\/td>\n<\/tr>\n<tr>\n<td><b><strong>B68.00.50<\/strong><\/b><\/td>\n<td>50<\/td>\n<\/tr>\n<tr>\n<td><b><strong>B68.00.60<\/strong><\/b><\/td>\n<td>60<\/td>\n<\/tr>\n<\/tbody>\n<\/table>\n","protected":false},"excerpt":{"rendered":"<p><strong>Artikel-Nr.<\/strong><\/p>\n<p><strong>B60.X.X<\/strong><br \/>\n<strong>B65.X.X<\/strong><br \/>\n<strong>B66.X.X<\/strong><br \/>\n<strong>B68.X.X<\/strong><\/p>\n","protected":false},"featured_media":3524,"template":"","meta":[],"product_cat":[190,182],"product_tag":[],"yoast_head":"<!-- This site is optimized with the Yoast SEO plugin v18.2 - https:\/\/yoast.com\/wordpress\/plugins\/seo\/ -->\n<title>Stapelbare K\u00f6rbe | Italfil<\/title>\n<meta name=\"robots\" content=\"index, follow, max-snippet:-1, max-image-preview:large, max-video-preview:-1\" \/>\n<link rel=\"canonical\" href=\"https:\/\/www.italfil.it\/de\/prodotto\/stapelbare-koerbe\/\" \/>\n<meta property=\"og:locale\" content=\"de_DE\" \/>\n<meta property=\"og:type\" content=\"article\" \/>\n<meta property=\"og:title\" content=\"Stapelbare K\u00f6rbe | Italfil\" \/>\n<meta property=\"og:url\" content=\"https:\/\/www.italfil.it\/de\/prodotto\/stapelbare-koerbe\/\" \/>\n<meta property=\"og:site_name\" content=\"Italfil\" \/>\n<meta property=\"article:publisher\" content=\"https:\/\/www.facebook.com\/italfil\/\" \/>\n<meta property=\"article:modified_time\" content=\"2018-09-21T13:55:31+00:00\" \/>\n<meta property=\"og:image\" content=\"https:\/\/www.italfil.it\/wp-content\/uploads\/2018\/08\/carrelli_cesti01.jpg\" \/>\n\t<meta property=\"og:image:width\" content=\"750\" \/>\n\t<meta property=\"og:image:height\" content=\"645\" \/>\n\t<meta property=\"og:image:type\" content=\"image\/jpeg\" \/>\n<meta name=\"twitter:card\" content=\"summary_large_image\" \/>\n<script type=\"application\/ld+json\" class=\"yoast-schema-graph\">{\"@context\":\"https:\/\/schema.org\",\"@graph\":[{\"@type\":\"Organization\",\"@id\":\"https:\/\/www.italfil.it\/it\/#organization\",\"name\":\"Italfil\",\"url\":\"https:\/\/www.italfil.it\/it\/\",\"sameAs\":[\"https:\/\/www.facebook.com\/italfil\/\",\"https:\/\/www.instagram.com\/italfil_italia\/\"],\"logo\":{\"@type\":\"ImageObject\",\"@id\":\"https:\/\/www.italfil.it\/it\/#logo\",\"inLanguage\":\"de\",\"url\":\"https:\/\/www.italfil.it\/wp-content\/uploads\/2018\/06\/italfil-marchio-bandiera.png\",\"contentUrl\":\"https:\/\/www.italfil.it\/wp-content\/uploads\/2018\/06\/italfil-marchio-bandiera.png\",\"width\":1036,\"height\":1010,\"caption\":\"Italfil\"},\"image\":{\"@id\":\"https:\/\/www.italfil.it\/it\/#logo\"}},{\"@type\":\"WebSite\",\"@id\":\"https:\/\/www.italfil.it\/it\/#website\",\"url\":\"https:\/\/www.italfil.it\/it\/\",\"name\":\"Italfil\",\"description\":\"Realt\u00e0 in movimento\",\"publisher\":{\"@id\":\"https:\/\/www.italfil.it\/it\/#organization\"},\"potentialAction\":[{\"@type\":\"SearchAction\",\"target\":{\"@type\":\"EntryPoint\",\"urlTemplate\":\"https:\/\/www.italfil.it\/it\/?s={search_term_string}\"},\"query-input\":\"required name=search_term_string\"}],\"inLanguage\":\"de\"},{\"@type\":\"ImageObject\",\"@id\":\"https:\/\/www.italfil.it\/de\/prodotto\/stapelbare-koerbe\/#primaryimage\",\"inLanguage\":\"de\",\"url\":\"https:\/\/www.italfil.it\/wp-content\/uploads\/2018\/08\/carrelli_cesti01.jpg\",\"contentUrl\":\"https:\/\/www.italfil.it\/wp-content\/uploads\/2018\/08\/carrelli_cesti01.jpg\",\"width\":750,\"height\":645},{\"@type\":\"WebPage\",\"@id\":\"https:\/\/www.italfil.it\/de\/prodotto\/stapelbare-koerbe\/#webpage\",\"url\":\"https:\/\/www.italfil.it\/de\/prodotto\/stapelbare-koerbe\/\",\"name\":\"Stapelbare K\u00f6rbe | Italfil\",\"isPartOf\":{\"@id\":\"https:\/\/www.italfil.it\/it\/#website\"},\"primaryImageOfPage\":{\"@id\":\"https:\/\/www.italfil.it\/de\/prodotto\/stapelbare-koerbe\/#primaryimage\"},\"datePublished\":\"2018-08-09T15:38:28+00:00\",\"dateModified\":\"2018-09-21T13:55:31+00:00\",\"breadcrumb\":{\"@id\":\"https:\/\/www.italfil.it\/de\/prodotto\/stapelbare-koerbe\/#breadcrumb\"},\"inLanguage\":\"de\",\"potentialAction\":[{\"@type\":\"ReadAction\",\"target\":[\"https:\/\/www.italfil.it\/de\/prodotto\/stapelbare-koerbe\/\"]}]},{\"@type\":\"BreadcrumbList\",\"@id\":\"https:\/\/www.italfil.it\/de\/prodotto\/stapelbare-koerbe\/#breadcrumb\",\"itemListElement\":[{\"@type\":\"ListItem\",\"position\":1,\"name\":\"Home\",\"item\":\"https:\/\/www.italfil.it\/de\/\"},{\"@type\":\"ListItem\",\"position\":2,\"name\":\"Produkte\",\"item\":\"https:\/\/www.italfil.it\/de\/produkte\/\"},{\"@type\":\"ListItem\",\"position\":3,\"name\":\"Stapelbare K\u00f6rbe\"}]}]}<\/script>\n<!-- \/ Yoast SEO plugin. -->","yoast_head_json":{"title":"Stapelbare K\u00f6rbe | Italfil","robots":{"index":"index","follow":"follow","max-snippet":"max-snippet:-1","max-image-preview":"max-image-preview:large","max-video-preview":"max-video-preview:-1"},"canonical":"https:\/\/www.italfil.it\/de\/prodotto\/stapelbare-koerbe\/","og_locale":"de_DE","og_type":"article","og_title":"Stapelbare K\u00f6rbe | Italfil","og_url":"https:\/\/www.italfil.it\/de\/prodotto\/stapelbare-koerbe\/","og_site_name":"Italfil","article_publisher":"https:\/\/www.facebook.com\/italfil\/","article_modified_time":"2018-09-21T13:55:31+00:00","og_image":[{"width":750,"height":645,"url":"https:\/\/www.italfil.it\/wp-content\/uploads\/2018\/08\/carrelli_cesti01.jpg","type":"image\/jpeg"}],"twitter_card":"summary_large_image","schema":{"@context":"https:\/\/schema.org","@graph":[{"@type":"Organization","@id":"https:\/\/www.italfil.it\/it\/#organization","name":"Italfil","url":"https:\/\/www.italfil.it\/it\/","sameAs":["https:\/\/www.facebook.com\/italfil\/","https:\/\/www.instagram.com\/italfil_italia\/"],"logo":{"@type":"ImageObject","@id":"https:\/\/www.italfil.it\/it\/#logo","inLanguage":"de","url":"https:\/\/www.italfil.it\/wp-content\/uploads\/2018\/06\/italfil-marchio-bandiera.png","contentUrl":"https:\/\/www.italfil.it\/wp-content\/uploads\/2018\/06\/italfil-marchio-bandiera.png","width":1036,"height":1010,"caption":"Italfil"},"image":{"@id":"https:\/\/www.italfil.it\/it\/#logo"}},{"@type":"WebSite","@id":"https:\/\/www.italfil.it\/it\/#website","url":"https:\/\/www.italfil.it\/it\/","name":"Italfil","description":"Realt\u00e0 in movimento","publisher":{"@id":"https:\/\/www.italfil.it\/it\/#organization"},"potentialAction":[{"@type":"SearchAction","target":{"@type":"EntryPoint","urlTemplate":"https:\/\/www.italfil.it\/it\/?s={search_term_string}"},"query-input":"required name=search_term_string"}],"inLanguage":"de"},{"@type":"ImageObject","@id":"https:\/\/www.italfil.it\/de\/prodotto\/stapelbare-koerbe\/#primaryimage","inLanguage":"de","url":"https:\/\/www.italfil.it\/wp-content\/uploads\/2018\/08\/carrelli_cesti01.jpg","contentUrl":"https:\/\/www.italfil.it\/wp-content\/uploads\/2018\/08\/carrelli_cesti01.jpg","width":750,"height":645},{"@type":"WebPage","@id":"https:\/\/www.italfil.it\/de\/prodotto\/stapelbare-koerbe\/#webpage","url":"https:\/\/www.italfil.it\/de\/prodotto\/stapelbare-koerbe\/","name":"Stapelbare K\u00f6rbe | Italfil","isPartOf":{"@id":"https:\/\/www.italfil.it\/it\/#website"},"primaryImageOfPage":{"@id":"https:\/\/www.italfil.it\/de\/prodotto\/stapelbare-koerbe\/#primaryimage"},"datePublished":"2018-08-09T15:38:28+00:00","dateModified":"2018-09-21T13:55:31+00:00","breadcrumb":{"@id":"https:\/\/www.italfil.it\/de\/prodotto\/stapelbare-koerbe\/#breadcrumb"},"inLanguage":"de","potentialAction":[{"@type":"ReadAction","target":["https:\/\/www.italfil.it\/de\/prodotto\/stapelbare-koerbe\/"]}]},{"@type":"BreadcrumbList","@id":"https:\/\/www.italfil.it\/de\/prodotto\/stapelbare-koerbe\/#breadcrumb","itemListElement":[{"@type":"ListItem","position":1,"name":"Home","item":"https:\/\/www.italfil.it\/de\/"},{"@type":"ListItem","position":2,"name":"Produkte","item":"https:\/\/www.italfil.it\/de\/produkte\/"},{"@type":"ListItem","position":3,"name":"Stapelbare K\u00f6rbe"}]}]}},"_links":{"self":[{"href":"https:\/\/www.italfil.it\/de\/wp-json\/wp\/v2\/product\/3523"}],"collection":[{"href":"https:\/\/www.italfil.it\/de\/wp-json\/wp\/v2\/product"}],"about":[{"href":"https:\/\/www.italfil.it\/de\/wp-json\/wp\/v2\/types\/product"}],"wp:featuredmedia":[{"embeddable":true,"href":"https:\/\/www.italfil.it\/de\/wp-json\/wp\/v2\/media\/3524"}],"wp:attachment":[{"href":"https:\/\/www.italfil.it\/de\/wp-json\/wp\/v2\/media?parent=3523"}],"wp:term":[{"taxonomy":"product_cat","embeddable":true,"href":"https:\/\/www.italfil.it\/de\/wp-json\/wp\/v2\/product_cat?post=3523"},{"taxonomy":"product_tag","embeddable":true,"href":"https:\/\/www.italfil.it\/de\/wp-json\/wp\/v2\/product_tag?post=3523"}],"curies":[{"name":"wp","href":"https:\/\/api.w.org\/{rel}","templated":true}]}}