{"id":3242,"date":"2018-06-11T16:59:02","date_gmt":"2018-06-11T14:59:02","guid":{"rendered":"http:\/\/www.italfil.it\/prodotto\/carrello-portacesti-stefy\/"},"modified":"2019-06-08T15:08:42","modified_gmt":"2019-06-08T13:08:42","slug":"stefy-rollwagen-mit-koerben","status":"publish","type":"product","link":"https:\/\/www.italfil.it\/de\/prodotto\/stefy-rollwagen-mit-koerben\/","title":{"rendered":"&#8222;STEFY&#8220; Rollwagen mit K\u00f6rben"},"content":{"rendered":"<p class=\"p1\"><span class=\"s1\">Der Einkaufswagen \u201cSTEFY\u201d mit K\u00f6rben ist ein Rollwagen, der speziell f\u00fcr die Anforderungen von platzbegrenzten Verkaufsstellen konzipiert wurde und somit unsere Angebotspalette f\u00fcr die Beweglichkeit in Super- und Hyperm\u00e4rkten vervollst\u00e4ndigt.<\/span><\/p>\n<p class=\"p1\"><span class=\"s1\">Jeder Korb hat 33l Fassungsverm\u00f6gen, dadurch ist dieser Rollwagen vergleichbar mit einem kleinen Supermarkt-Einkaufswagen, aber deutlich wendiger. Die Kunststoffk\u00f6rbe k\u00f6nnen m\u00fchelos vom Metallwagen abgenommen bzw. erneut auf diesem platziert werden, und die vier Lenkrollen sorgen f\u00fcr eine au\u00dfergew\u00f6hnlich gute Lenkbarkeit und eine hohe Stabilit\u00e4t. Nach Abnahme der K\u00f6rbe k\u00f6nnen die Rollwagen in der Verkaufsstelle einfach platzsparend ineinandergeschoben werden.<\/span><\/p>\n","protected":false},"excerpt":{"rendered":"<p><strong>Artikel-Nr. B69.10.41<\/strong><\/p>\n<p>Traglast in kg: 100<br \/>\nGewicht in kg: 7<br \/>\nOberfl\u00e4chenbehandlung: Lackierung<br \/>\nAu\u00dfenabmessungen in mm: W 520 x D 600 x H 1060<br \/>\nRollen-Durchmesser in mm: Gummirollen 80<\/p>\n<p>Optionen<\/p>\n<ul>\n<li>Rollen mit Radfeststeller<\/li>\n<li>Kunststoff-Korb<\/li>\n<\/ul>\n","protected":false},"featured_media":3245,"template":"","meta":[],"product_cat":[152,180],"product_tag":[],"yoast_head":"<!-- This site is optimized with the Yoast SEO plugin v18.2 - https:\/\/yoast.com\/wordpress\/plugins\/seo\/ -->\n<title>&quot;STEFY&quot; Rollwagen mit K\u00f6rben | Italfil<\/title>\n<meta name=\"robots\" content=\"index, follow, max-snippet:-1, max-image-preview:large, max-video-preview:-1\" \/>\n<link rel=\"canonical\" href=\"https:\/\/www.italfil.it\/de\/prodotto\/stefy-rollwagen-mit-koerben\/\" \/>\n<meta property=\"og:locale\" content=\"de_DE\" \/>\n<meta property=\"og:type\" content=\"article\" \/>\n<meta property=\"og:title\" content=\"&quot;STEFY&quot; Rollwagen mit K\u00f6rben | Italfil\" \/>\n<meta property=\"og:url\" content=\"https:\/\/www.italfil.it\/de\/prodotto\/stefy-rollwagen-mit-koerben\/\" \/>\n<meta property=\"og:site_name\" content=\"Italfil\" \/>\n<meta property=\"article:publisher\" content=\"https:\/\/www.facebook.com\/italfil\/\" \/>\n<meta property=\"article:modified_time\" content=\"2019-06-08T13:08:42+00:00\" \/>\n<meta property=\"og:image\" content=\"https:\/\/www.italfil.it\/wp-content\/uploads\/2018\/06\/Img0093-Carrello-Stefy-cod.B69-scaled.jpg\" \/>\n\t<meta property=\"og:image:width\" content=\"1709\" \/>\n\t<meta property=\"og:image:height\" content=\"2560\" \/>\n\t<meta property=\"og:image:type\" content=\"image\/jpeg\" \/>\n<meta name=\"twitter:card\" content=\"summary_large_image\" \/>\n<meta name=\"twitter:label1\" content=\"Gesch\u00e4tzte Lesezeit\" \/>\n\t<meta name=\"twitter:data1\" content=\"1\u00a0Minute\" \/>\n<script type=\"application\/ld+json\" class=\"yoast-schema-graph\">{\"@context\":\"https:\/\/schema.org\",\"@graph\":[{\"@type\":\"Organization\",\"@id\":\"https:\/\/www.italfil.it\/de\/#organization\",\"name\":\"Italfil\",\"url\":\"https:\/\/www.italfil.it\/de\/\",\"sameAs\":[\"https:\/\/www.facebook.com\/italfil\/\",\"https:\/\/www.instagram.com\/italfil_italia\/\"],\"logo\":{\"@type\":\"ImageObject\",\"@id\":\"https:\/\/www.italfil.it\/de\/#logo\",\"inLanguage\":\"de\",\"url\":\"https:\/\/www.italfil.it\/wp-content\/uploads\/2018\/06\/italfil-marchio-bandiera.png\",\"contentUrl\":\"https:\/\/www.italfil.it\/wp-content\/uploads\/2018\/06\/italfil-marchio-bandiera.png\",\"width\":1036,\"height\":1010,\"caption\":\"Italfil\"},\"image\":{\"@id\":\"https:\/\/www.italfil.it\/de\/#logo\"}},{\"@type\":\"WebSite\",\"@id\":\"https:\/\/www.italfil.it\/de\/#website\",\"url\":\"https:\/\/www.italfil.it\/de\/\",\"name\":\"Italfil\",\"description\":\"Realt\u00e0 in movimento\",\"publisher\":{\"@id\":\"https:\/\/www.italfil.it\/de\/#organization\"},\"potentialAction\":[{\"@type\":\"SearchAction\",\"target\":{\"@type\":\"EntryPoint\",\"urlTemplate\":\"https:\/\/www.italfil.it\/de\/?s={search_term_string}\"},\"query-input\":\"required name=search_term_string\"}],\"inLanguage\":\"de\"},{\"@type\":\"ImageObject\",\"@id\":\"https:\/\/www.italfil.it\/de\/prodotto\/stefy-rollwagen-mit-koerben\/#primaryimage\",\"inLanguage\":\"de\",\"url\":\"https:\/\/www.italfil.it\/wp-content\/uploads\/2018\/06\/Img0093-Carrello-Stefy-cod.B69-scaled.jpg\",\"contentUrl\":\"https:\/\/www.italfil.it\/wp-content\/uploads\/2018\/06\/Img0093-Carrello-Stefy-cod.B69-scaled.jpg\",\"width\":1709,\"height\":2560},{\"@type\":\"WebPage\",\"@id\":\"https:\/\/www.italfil.it\/de\/prodotto\/stefy-rollwagen-mit-koerben\/#webpage\",\"url\":\"https:\/\/www.italfil.it\/de\/prodotto\/stefy-rollwagen-mit-koerben\/\",\"name\":\"\\\"STEFY\\\" Rollwagen mit K\u00f6rben | Italfil\",\"isPartOf\":{\"@id\":\"https:\/\/www.italfil.it\/de\/#website\"},\"primaryImageOfPage\":{\"@id\":\"https:\/\/www.italfil.it\/de\/prodotto\/stefy-rollwagen-mit-koerben\/#primaryimage\"},\"datePublished\":\"2018-06-11T14:59:02+00:00\",\"dateModified\":\"2019-06-08T13:08:42+00:00\",\"breadcrumb\":{\"@id\":\"https:\/\/www.italfil.it\/de\/prodotto\/stefy-rollwagen-mit-koerben\/#breadcrumb\"},\"inLanguage\":\"de\",\"potentialAction\":[{\"@type\":\"ReadAction\",\"target\":[\"https:\/\/www.italfil.it\/de\/prodotto\/stefy-rollwagen-mit-koerben\/\"]}]},{\"@type\":\"BreadcrumbList\",\"@id\":\"https:\/\/www.italfil.it\/de\/prodotto\/stefy-rollwagen-mit-koerben\/#breadcrumb\",\"itemListElement\":[{\"@type\":\"ListItem\",\"position\":1,\"name\":\"Home\",\"item\":\"https:\/\/www.italfil.it\/de\/\"},{\"@type\":\"ListItem\",\"position\":2,\"name\":\"Produkte\",\"item\":\"https:\/\/www.italfil.it\/de\/produkte\/\"},{\"@type\":\"ListItem\",\"position\":3,\"name\":\"&#8222;STEFY&#8220; Rollwagen mit K\u00f6rben\"}]}]}<\/script>\n<!-- \/ Yoast SEO plugin. -->","yoast_head_json":{"title":"\"STEFY\" Rollwagen mit K\u00f6rben | Italfil","robots":{"index":"index","follow":"follow","max-snippet":"max-snippet:-1","max-image-preview":"max-image-preview:large","max-video-preview":"max-video-preview:-1"},"canonical":"https:\/\/www.italfil.it\/de\/prodotto\/stefy-rollwagen-mit-koerben\/","og_locale":"de_DE","og_type":"article","og_title":"\"STEFY\" Rollwagen mit K\u00f6rben | Italfil","og_url":"https:\/\/www.italfil.it\/de\/prodotto\/stefy-rollwagen-mit-koerben\/","og_site_name":"Italfil","article_publisher":"https:\/\/www.facebook.com\/italfil\/","article_modified_time":"2019-06-08T13:08:42+00:00","og_image":[{"width":1709,"height":2560,"url":"https:\/\/www.italfil.it\/wp-content\/uploads\/2018\/06\/Img0093-Carrello-Stefy-cod.B69-scaled.jpg","type":"image\/jpeg"}],"twitter_card":"summary_large_image","twitter_misc":{"Gesch\u00e4tzte Lesezeit":"1\u00a0Minute"},"schema":{"@context":"https:\/\/schema.org","@graph":[{"@type":"Organization","@id":"https:\/\/www.italfil.it\/de\/#organization","name":"Italfil","url":"https:\/\/www.italfil.it\/de\/","sameAs":["https:\/\/www.facebook.com\/italfil\/","https:\/\/www.instagram.com\/italfil_italia\/"],"logo":{"@type":"ImageObject","@id":"https:\/\/www.italfil.it\/de\/#logo","inLanguage":"de","url":"https:\/\/www.italfil.it\/wp-content\/uploads\/2018\/06\/italfil-marchio-bandiera.png","contentUrl":"https:\/\/www.italfil.it\/wp-content\/uploads\/2018\/06\/italfil-marchio-bandiera.png","width":1036,"height":1010,"caption":"Italfil"},"image":{"@id":"https:\/\/www.italfil.it\/de\/#logo"}},{"@type":"WebSite","@id":"https:\/\/www.italfil.it\/de\/#website","url":"https:\/\/www.italfil.it\/de\/","name":"Italfil","description":"Realt\u00e0 in movimento","publisher":{"@id":"https:\/\/www.italfil.it\/de\/#organization"},"potentialAction":[{"@type":"SearchAction","target":{"@type":"EntryPoint","urlTemplate":"https:\/\/www.italfil.it\/de\/?s={search_term_string}"},"query-input":"required name=search_term_string"}],"inLanguage":"de"},{"@type":"ImageObject","@id":"https:\/\/www.italfil.it\/de\/prodotto\/stefy-rollwagen-mit-koerben\/#primaryimage","inLanguage":"de","url":"https:\/\/www.italfil.it\/wp-content\/uploads\/2018\/06\/Img0093-Carrello-Stefy-cod.B69-scaled.jpg","contentUrl":"https:\/\/www.italfil.it\/wp-content\/uploads\/2018\/06\/Img0093-Carrello-Stefy-cod.B69-scaled.jpg","width":1709,"height":2560},{"@type":"WebPage","@id":"https:\/\/www.italfil.it\/de\/prodotto\/stefy-rollwagen-mit-koerben\/#webpage","url":"https:\/\/www.italfil.it\/de\/prodotto\/stefy-rollwagen-mit-koerben\/","name":"\"STEFY\" Rollwagen mit K\u00f6rben | Italfil","isPartOf":{"@id":"https:\/\/www.italfil.it\/de\/#website"},"primaryImageOfPage":{"@id":"https:\/\/www.italfil.it\/de\/prodotto\/stefy-rollwagen-mit-koerben\/#primaryimage"},"datePublished":"2018-06-11T14:59:02+00:00","dateModified":"2019-06-08T13:08:42+00:00","breadcrumb":{"@id":"https:\/\/www.italfil.it\/de\/prodotto\/stefy-rollwagen-mit-koerben\/#breadcrumb"},"inLanguage":"de","potentialAction":[{"@type":"ReadAction","target":["https:\/\/www.italfil.it\/de\/prodotto\/stefy-rollwagen-mit-koerben\/"]}]},{"@type":"BreadcrumbList","@id":"https:\/\/www.italfil.it\/de\/prodotto\/stefy-rollwagen-mit-koerben\/#breadcrumb","itemListElement":[{"@type":"ListItem","position":1,"name":"Home","item":"https:\/\/www.italfil.it\/de\/"},{"@type":"ListItem","position":2,"name":"Produkte","item":"https:\/\/www.italfil.it\/de\/produkte\/"},{"@type":"ListItem","position":3,"name":"&#8222;STEFY&#8220; Rollwagen mit K\u00f6rben"}]}]}},"_links":{"self":[{"href":"https:\/\/www.italfil.it\/de\/wp-json\/wp\/v2\/product\/3242"}],"collection":[{"href":"https:\/\/www.italfil.it\/de\/wp-json\/wp\/v2\/product"}],"about":[{"href":"https:\/\/www.italfil.it\/de\/wp-json\/wp\/v2\/types\/product"}],"wp:featuredmedia":[{"embeddable":true,"href":"https:\/\/www.italfil.it\/de\/wp-json\/wp\/v2\/media\/3245"}],"wp:attachment":[{"href":"https:\/\/www.italfil.it\/de\/wp-json\/wp\/v2\/media?parent=3242"}],"wp:term":[{"taxonomy":"product_cat","embeddable":true,"href":"https:\/\/www.italfil.it\/de\/wp-json\/wp\/v2\/product_cat?post=3242"},{"taxonomy":"product_tag","embeddable":true,"href":"https:\/\/www.italfil.it\/de\/wp-json\/wp\/v2\/product_tag?post=3242"}],"curies":[{"name":"wp","href":"https:\/\/api.w.org\/{rel}","templated":true}]}}