{"id":3789,"date":"2019-03-15T11:31:00","date_gmt":"2019-03-15T10:31:00","guid":{"rendered":"http:\/\/www.italfil.it\/privacy-policy\/"},"modified":"2019-03-15T15:05:59","modified_gmt":"2019-03-15T14:05:59","slug":"privacy-policy","status":"publish","type":"page","link":"https:\/\/www.italfil.it\/de\/privacy-policy\/","title":{"rendered":"Privacy Policy"},"content":{"rendered":"<div class=\"wpb-content-wrapper\"><p>[vc_row][vc_column width=&#8220;1\/6&#8243;][\/vc_column][vc_column width=&#8220;2\/3&#8243;][vc_empty_space][vc_column_text]<\/p>\n<h1 style=\"font-weight: 400;\"><strong>Privacy Policy<\/strong><\/h1>\n<p>[\/vc_column_text][vc_empty_space][vc_column_text]<\/p>\n<h1>Diese Webseite wird von &#8222;Italfil snc di Guerra D. &amp; C&#8220; verwaltet<\/h1>\n<p>W\u00e4hrend Ihres Besuchs unserer Website, kann Italfil snc di Guerra D. &amp; C Ihre personenbezogenen Daten sowohl umittelbar (falls die Eingabe der Benutzerdaten gefordert wird) als auch mittelbar sammeln. Jedenfalls wird Italfil snc di Guerra D. &amp; C die personenbezogenen Daten des Benutzers in voller Konformit\u00e4t mit den in der vorliegenden Datenschutzerkl\u00e4rung enthaltenen Bestimmungen behandeln. Au\u00dferdem setzt sie sich daf\u00fcr ein, dass die Vertraulichkeit der gesammelten personenbezogenen Informationen gesch\u00fctzt wird. Die vorliegende Datenschutzerkl\u00e4rung erkl\u00e4rt die Zwecke der Verarbeitung personenbezogener Daten seitens unseres Unternehmens bez\u00fcglich der auf oder mittels unserer Website durchgef\u00fchrten Verarbeitungen, sowie der Cookies-Anwendung und der Aus\u00fcbungsbedingungen der dem Benutzer anerkannten Rechte \u00fcber die eigenen personenbezogenen Daten.<\/p>\n<h1>Datenverarbeitungszwecke<\/h1>\n<p>Italfil snc di Guerra D. &amp; C erhebt und verarbeitet personenbezogene Daten von Kunden und Websitebenutzern, um die T\u00e4tigkeiten und Gesch\u00e4fte des Unternehmens auszuf\u00fchren, um Informationen, Produkte und Dienstleistungen zur Verf\u00fcgung zu stellen, die interessant sein k\u00f6nnen, und zu statistischen Zwecken bez\u00fcglich der Verwendung unserer Webseite. Die von dem Benutzer eingegebenen Informationen werden daf\u00fcr verwendet, um ihn eventuell zu kontaktieren, z.B. um ihm Ver\u00e4nderungen bez\u00fcglich der Funktionsf\u00e4higkeit der Webseite bekannt zu geben oder diejenige Serviceangebote (nach seiner Zustimmung) mitzuteilen, die ihn interessieren k\u00f6nnten. Zwecke und Bedingungen der durch diese Webseite oder anderweitig erfolgten Verarbeitung werden trotzdem den Bestimmungen des gesetzesvertretenden Gesetz vom 30. Juni 2003, Nr. 196 (Datenschutz) entsprechen, dessen vollst\u00e4ndiger Text (sowie die im Artikel 7 vorgesehenen Rechte des Interessenten) unter www.garanteprivacy.it aufgerufen werden kann.<\/p>\n<h1>\nSensible Daten<\/h1>\n<p>Durch diese Webseite werden keine personenbezogenen Daten (darunter besondere Datenkategorien, die rassische oder ethnische Herkunft, politische Meinung, religi\u00f6se oder philosophische \u00dcberzeugung, sexuelle Ausrichtung oder Gesundheit betreffen), von Italfil snc di Guerra D. &amp; C weder gefordert noch gesammelt. Anderenfalls wird der Benutzer vorher nach seiner Datenschutzerkl\u00e4rung oder einer entsprechenden vorherigen Zustimmung gefragt worden sein.<\/p>\n<h1>\nCookies<\/h1>\n<p>Italfil snc di Guerra D. &amp; C k\u00f6nnte die sich auf die Verwendung dieser Webseite beziehenden Informationen, inklusive Dom\u00e4nnamen, Zugangsanzahl, vorher oder nachher besuchte Webseiten und Dauer der Verbindungssitzungen, sammeln, behandeln und analysieren. Diese Informationen k\u00f6nnen durch den Gebrauch von Cookies gesammelt werden. Cookies sind Textdateien, die durch die Webseite unseres Servers auf Ihre Festplatte abgelegt werden. Der Benutzer hat jederzeit die M\u00f6glichkeit, die Cookies zu aktivieren oder zu deaktivieren, indem er die Einstellungen seines Browsers ver\u00e4ndert. Normalerweise erlaubt die Cookies-Anwendung einer schnelleren und einfacheren Benutzung der Webseite.<\/p>\n<h1>\nWebseiten von Dritten<\/h1>\n<p>Der Kunde ist dar\u00fcber informiert, dass die vorliegende Datenschutzerkl\u00e4rung nicht die Vertraulichkeitspolitiken betrifft, die von verlinkten Webseiten von Dritten ergriffen sind.<\/p>\n<h1>Aus\u00fcbung der Benutzerrechte<\/h1>\n<p>So k\u00f6nnen Sie Italfil snc di Guerra D. &amp; C kontaktieren. Wenn der Benutzer ein Kunde ist, wird die Verarbeitung der personenbezogenen Daten zu erwerbswirtschaftlichen Zwecken bzw. Marketingzwecken nur nach der Erwerbung der vorherigen speziellen Zustimmung erfolgen.<br \/>\nWenn der Benutzer in der Branche berufst\u00e4tig ist und keine Werbung seitens unseres Unternehmens erhalten m\u00f6chte, kann er uns gerne an folgender Adresse kontaktieren: Italfil snc di Guerra D. &amp; C Via dell&#8217;Artigianato,45 &#8211; 25039 Travagliato (BS) ITALY. Tel. +39 030 6864006-4655 &#8211; FAX +39 030 6864764. E-mail:\u00a0<a href=\"mailto:italfil@italfil.it\">italfil@italfil.it<\/a>\u00a0.Falls Sie Fragen bzw. Anfragen bez\u00fcglich der vorliegenden Datenschutzerkl\u00e4rung oder Ihres Besuches unserer Webseite haben sollten, kontaktieren Sie uns gerne.<\/p>\n<h1>\nVer\u00e4nderungen<\/h1>\n<p>Italfil snc di Guerra D. &amp; C behielt das Recht vor, die vorliegende Datenschutzerkl\u00e4rung jederzeit ganz oder teilweise zu ver\u00e4ndern. Wir laden Sie ein, die jeweils geltende Fassung zu lesen, um m\u00f6gliche Ver\u00e4nderungen festzustellen.[\/vc_column_text][vc_empty_space][\/vc_column][vc_column width=&#8220;1\/6&#8243;][\/vc_column][\/vc_row]<\/p>\n<\/div>","protected":false},"excerpt":{"rendered":"<p>[vc_row][vc_column width=&#8220;1\/6&#8243;][\/vc_column][vc_column width=&#8220;2\/3&#8243;][vc_empty_space][vc_column_text] Privacy Policy [\/vc_column_text][vc_empty_space][vc_column_text] Diese Webseite wird von &#8222;Italfil snc di Guerra D. &amp; C&#8220; verwaltet W\u00e4hrend Ihres Besuchs unserer Website, kann Italfil snc di Guerra D. &amp; C Ihre personenbezogenen Daten sowohl umittelbar (falls die Eingabe der Benutzerdaten gefordert wird) als auch mittelbar sammeln. Jedenfalls wird Italfil snc di Guerra D. &amp; &hellip;<\/p>\n","protected":false},"author":1,"featured_media":0,"parent":0,"menu_order":0,"comment_status":"closed","ping_status":"open","template":"","meta":[],"yoast_head":"<!-- This site is optimized with the Yoast SEO plugin v18.2 - https:\/\/yoast.com\/wordpress\/plugins\/seo\/ -->\n<title>Privacy Policy | Italfil<\/title>\n<meta name=\"description\" content=\"Privacy Policy Diese Webseite wird von &quot;Italfil snc di Guerra D. &amp; C&quot; verwaltet W\u00e4hrend Ihres Besuchs unserer Website, kann Italfil snc di Guerra\" \/>\n<meta name=\"robots\" content=\"index, follow, max-snippet:-1, max-image-preview:large, max-video-preview:-1\" \/>\n<link rel=\"canonical\" href=\"https:\/\/www.italfil.it\/de\/privacy-policy\/\" \/>\n<meta property=\"og:locale\" content=\"de_DE\" \/>\n<meta property=\"og:type\" content=\"article\" \/>\n<meta property=\"og:title\" content=\"Privacy Policy | Italfil\" \/>\n<meta property=\"og:description\" content=\"Privacy Policy Diese Webseite wird von &quot;Italfil snc di Guerra D. &amp; C&quot; verwaltet W\u00e4hrend Ihres Besuchs unserer Website, kann Italfil snc di Guerra\" \/>\n<meta property=\"og:url\" content=\"https:\/\/www.italfil.it\/de\/privacy-policy\/\" \/>\n<meta property=\"og:site_name\" content=\"Italfil\" \/>\n<meta property=\"article:publisher\" content=\"https:\/\/www.facebook.com\/italfil\/\" \/>\n<meta property=\"article:modified_time\" content=\"2019-03-15T14:05:59+00:00\" \/>\n<meta property=\"og:image\" content=\"https:\/\/www.italfil.it\/wp-content\/uploads\/2019\/04\/Schermata-2019-04-13-alle-14.53.40.png\" \/>\n\t<meta property=\"og:image:width\" content=\"3350\" \/>\n\t<meta property=\"og:image:height\" content=\"1606\" \/>\n\t<meta property=\"og:image:type\" content=\"image\/png\" \/>\n<meta name=\"twitter:card\" content=\"summary_large_image\" \/>\n<meta name=\"twitter:label1\" content=\"Gesch\u00e4tzte Lesezeit\" \/>\n\t<meta name=\"twitter:data1\" content=\"3\u00a0Minuten\" \/>\n<script type=\"application\/ld+json\" class=\"yoast-schema-graph\">{\"@context\":\"https:\/\/schema.org\",\"@graph\":[{\"@type\":\"Organization\",\"@id\":\"https:\/\/www.italfil.it\/#organization\",\"name\":\"Italfil\",\"url\":\"https:\/\/www.italfil.it\/\",\"sameAs\":[\"https:\/\/www.facebook.com\/italfil\/\",\"https:\/\/www.instagram.com\/italfil_italia\/\"],\"logo\":{\"@type\":\"ImageObject\",\"@id\":\"https:\/\/www.italfil.it\/#logo\",\"inLanguage\":\"de\",\"url\":\"https:\/\/www.italfil.it\/wp-content\/uploads\/2018\/06\/italfil-marchio-bandiera.png\",\"contentUrl\":\"https:\/\/www.italfil.it\/wp-content\/uploads\/2018\/06\/italfil-marchio-bandiera.png\",\"width\":1036,\"height\":1010,\"caption\":\"Italfil\"},\"image\":{\"@id\":\"https:\/\/www.italfil.it\/#logo\"}},{\"@type\":\"WebSite\",\"@id\":\"https:\/\/www.italfil.it\/#website\",\"url\":\"https:\/\/www.italfil.it\/\",\"name\":\"Italfil\",\"description\":\"Realt\u00e0 in movimento\",\"publisher\":{\"@id\":\"https:\/\/www.italfil.it\/#organization\"},\"potentialAction\":[{\"@type\":\"SearchAction\",\"target\":{\"@type\":\"EntryPoint\",\"urlTemplate\":\"https:\/\/www.italfil.it\/?s={search_term_string}\"},\"query-input\":\"required name=search_term_string\"}],\"inLanguage\":\"de\"},{\"@type\":\"WebPage\",\"@id\":\"https:\/\/www.italfil.it\/de\/privacy-policy\/#webpage\",\"url\":\"https:\/\/www.italfil.it\/de\/privacy-policy\/\",\"name\":\"Privacy Policy | Italfil\",\"isPartOf\":{\"@id\":\"https:\/\/www.italfil.it\/#website\"},\"datePublished\":\"2019-03-15T10:31:00+00:00\",\"dateModified\":\"2019-03-15T14:05:59+00:00\",\"description\":\"Privacy Policy Diese Webseite wird von \\\"Italfil snc di Guerra D. &amp; C\\\" verwaltet W\u00e4hrend Ihres Besuchs unserer Website, kann Italfil snc di Guerra\",\"breadcrumb\":{\"@id\":\"https:\/\/www.italfil.it\/de\/privacy-policy\/#breadcrumb\"},\"inLanguage\":\"de\",\"potentialAction\":[{\"@type\":\"ReadAction\",\"target\":[\"https:\/\/www.italfil.it\/de\/privacy-policy\/\"]}]},{\"@type\":\"BreadcrumbList\",\"@id\":\"https:\/\/www.italfil.it\/de\/privacy-policy\/#breadcrumb\",\"itemListElement\":[{\"@type\":\"ListItem\",\"position\":1,\"name\":\"Home\",\"item\":\"https:\/\/www.italfil.it\/de\/\"},{\"@type\":\"ListItem\",\"position\":2,\"name\":\"Privacy Policy\"}]}]}<\/script>\n<!-- \/ Yoast SEO plugin. -->","yoast_head_json":{"title":"Privacy Policy | Italfil","description":"Privacy Policy Diese Webseite wird von \"Italfil snc di Guerra D. &amp; C\" verwaltet W\u00e4hrend Ihres Besuchs unserer Website, kann Italfil snc di Guerra","robots":{"index":"index","follow":"follow","max-snippet":"max-snippet:-1","max-image-preview":"max-image-preview:large","max-video-preview":"max-video-preview:-1"},"canonical":"https:\/\/www.italfil.it\/de\/privacy-policy\/","og_locale":"de_DE","og_type":"article","og_title":"Privacy Policy | Italfil","og_description":"Privacy Policy Diese Webseite wird von \"Italfil snc di Guerra D. &amp; C\" verwaltet W\u00e4hrend Ihres Besuchs unserer Website, kann Italfil snc di Guerra","og_url":"https:\/\/www.italfil.it\/de\/privacy-policy\/","og_site_name":"Italfil","article_publisher":"https:\/\/www.facebook.com\/italfil\/","article_modified_time":"2019-03-15T14:05:59+00:00","og_image":[{"width":3350,"height":1606,"url":"https:\/\/www.italfil.it\/wp-content\/uploads\/2019\/04\/Schermata-2019-04-13-alle-14.53.40.png","type":"image\/png"}],"twitter_card":"summary_large_image","twitter_misc":{"Gesch\u00e4tzte Lesezeit":"3\u00a0Minuten"},"schema":{"@context":"https:\/\/schema.org","@graph":[{"@type":"Organization","@id":"https:\/\/www.italfil.it\/#organization","name":"Italfil","url":"https:\/\/www.italfil.it\/","sameAs":["https:\/\/www.facebook.com\/italfil\/","https:\/\/www.instagram.com\/italfil_italia\/"],"logo":{"@type":"ImageObject","@id":"https:\/\/www.italfil.it\/#logo","inLanguage":"de","url":"https:\/\/www.italfil.it\/wp-content\/uploads\/2018\/06\/italfil-marchio-bandiera.png","contentUrl":"https:\/\/www.italfil.it\/wp-content\/uploads\/2018\/06\/italfil-marchio-bandiera.png","width":1036,"height":1010,"caption":"Italfil"},"image":{"@id":"https:\/\/www.italfil.it\/#logo"}},{"@type":"WebSite","@id":"https:\/\/www.italfil.it\/#website","url":"https:\/\/www.italfil.it\/","name":"Italfil","description":"Realt\u00e0 in movimento","publisher":{"@id":"https:\/\/www.italfil.it\/#organization"},"potentialAction":[{"@type":"SearchAction","target":{"@type":"EntryPoint","urlTemplate":"https:\/\/www.italfil.it\/?s={search_term_string}"},"query-input":"required name=search_term_string"}],"inLanguage":"de"},{"@type":"WebPage","@id":"https:\/\/www.italfil.it\/de\/privacy-policy\/#webpage","url":"https:\/\/www.italfil.it\/de\/privacy-policy\/","name":"Privacy Policy | Italfil","isPartOf":{"@id":"https:\/\/www.italfil.it\/#website"},"datePublished":"2019-03-15T10:31:00+00:00","dateModified":"2019-03-15T14:05:59+00:00","description":"Privacy Policy Diese Webseite wird von \"Italfil snc di Guerra D. &amp; C\" verwaltet W\u00e4hrend Ihres Besuchs unserer Website, kann Italfil snc di Guerra","breadcrumb":{"@id":"https:\/\/www.italfil.it\/de\/privacy-policy\/#breadcrumb"},"inLanguage":"de","potentialAction":[{"@type":"ReadAction","target":["https:\/\/www.italfil.it\/de\/privacy-policy\/"]}]},{"@type":"BreadcrumbList","@id":"https:\/\/www.italfil.it\/de\/privacy-policy\/#breadcrumb","itemListElement":[{"@type":"ListItem","position":1,"name":"Home","item":"https:\/\/www.italfil.it\/de\/"},{"@type":"ListItem","position":2,"name":"Privacy Policy"}]}]}},"_links":{"self":[{"href":"https:\/\/www.italfil.it\/de\/wp-json\/wp\/v2\/pages\/3789"}],"collection":[{"href":"https:\/\/www.italfil.it\/de\/wp-json\/wp\/v2\/pages"}],"about":[{"href":"https:\/\/www.italfil.it\/de\/wp-json\/wp\/v2\/types\/page"}],"author":[{"embeddable":true,"href":"https:\/\/www.italfil.it\/de\/wp-json\/wp\/v2\/users\/1"}],"replies":[{"embeddable":true,"href":"https:\/\/www.italfil.it\/de\/wp-json\/wp\/v2\/comments?post=3789"}],"version-history":[{"count":2,"href":"https:\/\/www.italfil.it\/de\/wp-json\/wp\/v2\/pages\/3789\/revisions"}],"predecessor-version":[{"id":3830,"href":"https:\/\/www.italfil.it\/de\/wp-json\/wp\/v2\/pages\/3789\/revisions\/3830"}],"wp:attachment":[{"href":"https:\/\/www.italfil.it\/de\/wp-json\/wp\/v2\/media?parent=3789"}],"curies":[{"name":"wp","href":"https:\/\/api.w.org\/{rel}","templated":true}]}}