{"id":2936,"date":"2015-08-12T12:27:19","date_gmt":"2015-08-12T10:27:19","guid":{"rendered":"http:\/\/www.italfil.it\/lazienda\/"},"modified":"2020-10-19T22:24:27","modified_gmt":"2020-10-19T20:24:27","slug":"unternehmen","status":"publish","type":"page","link":"https:\/\/www.italfil.it\/de\/unternehmen\/","title":{"rendered":"Unternehmen"},"content":{"rendered":"<div class=\"wpb-content-wrapper\"><p>[vc_row type=&#8220;boxed&#8220;][vc_column][vc_empty_space height=&#8220;47px&#8220;][vc_column_text]<\/p>\n<h1>Unternehmen<\/h1>\n<p>[\/vc_column_text][\/vc_column][\/vc_row][vc_row type=&#8220;boxed&#8220;][vc_column][vc_empty_space height=&#8220;43px&#8220;]\n\t\t\t<div class=\"nm-banner content-full image-type-fluid text-color-dark\" style=\"\"><img src=\"https:\/\/www.italfil.it\/wp-content\/uploads\/2019\/05\/capannone-3-scaled.jpg\" alt=\"capannone\" \/>\n\t\t\t<\/div>[vc_empty_space height=&#8220;47px&#8220;][\/vc_column][\/vc_row][vc_row type=&#8220;boxed&#8220;][vc_column width=&#8220;1\/4&#8243; offset=&#8220;vc_col-sm-offset-1&#8243;][vc_column_text]<\/p>\n<h4>Unternehmensgeschichte<\/h4>\n<p>[\/vc_column_text][vc_empty_space height=&#8220;17px&#8220;][\/vc_column][vc_column width=&#8220;7\/12&#8243;][vc_column_text]<\/p>\n<p class=\"p1\"><span class=\"s1\">ITALFIL wurde 1981 gegr\u00fcndet und hat sich im Laufe der Jahre zu einer Referenz und einem marktf\u00fchrenden Hersteller von falt- und stapelbaren Beh\u00e4ltern aus Stahldraht entwickelt, u.a. f\u00fcr Lagerhaltung, Transport &amp; Logistik, Industrietransporte, Kellereien, H\u00e4ndler sowie die Pr\u00e4sentation von Handelsprodukten<\/span><span class=\"s2\">.<\/span><\/p>\n<p class=\"p1\"><span class=\"s1\">In unserer 30j\u00e4hrigen Geschichte haben wir hunderte neuer Produkte entwickelt. Wir haben die\u00a0<\/span><span class=\"s1\">Marktanforderungen aufgegriffen und uns darauf konzentriert, flexibel und in der Lage zu sein, f\u00fcr alle Fragen und Bed\u00fcrfnisse unserer Kunden eine passende L\u00f6sung zu bieten.<\/span><\/p>\n<p class=\"p1\"><span class=\"s1\">Unsere modernen und vollautomatischen Produktionsanlagen befinden sich in Nord-Italien, in Travagliato in der Provinz Brescia, und erstrecken sich \u00fcber eine \u00fcberdachte Fl\u00e4che von 7.000 m2. Durch die effiziente Automatisierung unsere Produktionslinien gew\u00e4hrleisten wir eine umfangreiche Produktionsf\u00e4higkeit nach h\u00f6chsten Qualit\u00e4tsanspr\u00fcchen. Dadurch k\u00f6nnen wir unseren Kunden schnelle Lieferzeiten und \u00e4u\u00dferst konkurrenzf\u00e4hige Preise bieten. Unsere 40 Besch\u00e4ftigten k\u00fcmmern sich um die Produktion sowie auch um Forschung und Entwicklung. <\/span><\/p>\n<p>[\/vc_column_text][\/vc_column][\/vc_row][vc_row][vc_column][vc_empty_space height=&#8220;100px&#8220;][\/vc_column][\/vc_row][vc_row type=&#8220;full-nopad&#8220; css=&#8220;.vc_custom_1528555197454{background-color: #c1dfc4 !important;}&#8220;][vc_column][vc_empty_space height=&#8220;100&#8243;][vc_row_inner type=&#8220;boxed&#8220; content_placement=&#8220;middle&#8220;][vc_column_inner width=&#8220;1\/12&#8243;][\/vc_column_inner][vc_column_inner width=&#8220;2\/12&#8243;][vc_single_image image=&#8220;994&#8243; img_size=&#8220;193&#215;100&#8243; alignment=&#8220;center&#8220;][\/vc_column_inner][vc_column_inner width=&#8220;1\/12&#8243;][\/vc_column_inner][vc_column_inner width=&#8220;7\/12&#8243;][vc_column_text]<\/p>\n<h3 style=\"text-align: left;\">ITALFIL ist der italienischen Confindustria angeschlossen<\/h3>\n<p>[\/vc_column_text][vc_empty_space height=&#8220;47px&#8220;][vc_column_text]<\/p>\n<p style=\"text-align: left;\">F\u00fcr die der Confindustria (vergleichbar mit dem deutschen BDI) angeschlossenen Unternehmen und Verb\u00e4nde gilt das Prinzip der Umweltvertr\u00e4glichkeit als Wegweiser\u2028 mit Referenzwerten f\u00fcr eine nachhaltige Entwicklung.[\/vc_column_text][\/vc_column_inner][vc_column_inner width=&#8220;1\/12&#8243;][\/vc_column_inner][\/vc_row_inner][vc_empty_space height=&#8220;100&#8243;][\/vc_column][\/vc_row][vc_row][vc_column][vc_empty_space height=&#8220;100px&#8220;][\/vc_column][\/vc_row][vc_row type=&#8220;boxed&#8220;][vc_column width=&#8220;1\/4&#8243; offset=&#8220;vc_col-sm-offset-1&#8243;][vc_pie value=&#8220;60&#8243; label_value=&#8220;60&#8243; color=&#8220;custom&#8220; custom_color=&#8220;#c7dec6&#8243; units=&#8220;%&#8220; title=&#8220;Export weltweit&#8220;][vc_empty_space height=&#8220;17px&#8220;][\/vc_column][vc_column width=&#8220;7\/12&#8243;][vc_column_text]Das Verkaufs- und Vertriebsnetz von ITALFIL besteht aus Direktvertretern, die sowohl in Italien als auch in verschiedenen europ\u00e4ischen L\u00e4ndern t\u00e4tig sind. Unsere firmenpolitische Entscheidung, nur mit Vertretern zu arbeiten, die direkt von unserem Firmensitz geleitet werden, erlaubt es uns, der perfekte Partner f\u00fcr unsere Kunden zu sein und ihnen jederzeit einen professionellen und schnellen Service zu bieten. Unser flexibles Management und unsere Produktionskapazit\u00e4t gepaart mit der Entwicklung neuer und innovativer Produkte f\u00fcr unz\u00e4hlige Kunden haben im Laufe der Jahre zu einem konstanten Umsatzanstieg gef\u00fchrt. Alle Produkte werden direkt von ITALFIL konzipiert, entwickelt und umgesetzt und f\u00fcr die ad\u00e4quate Endbearbeitung unserer Produkte garantieren wir durch unsere firmeninterne Technik und Produktion sowie durch die Einhaltung strengster Standards und Leitlinien. Derzeit sind 60% unserer Produktion f\u00fcr den weltweiten Export bestimmt.[\/vc_column_text][\/vc_column][\/vc_row][vc_row][vc_column][vc_empty_space height=&#8220;100px&#8220;][\/vc_column][\/vc_row][vc_row type=&#8220;boxed&#8220;][vc_column][vc_empty_space height=&#8220;43px&#8220;]\n\t\t\t<div class=\"nm-banner content-full image-type-fluid text-color-dark\" style=\"\"><img src=\"https:\/\/www.italfil.it\/wp-content\/uploads\/2018\/09\/30073581_1901109329913171_9048365817728260328_o-1.jpg\" alt=\"contenitori metallici\" \/>\n\t\t\t<\/div>[vc_empty_space height=&#8220;47px&#8220;][\/vc_column][\/vc_row][vc_row type=&#8220;boxed&#8220;][vc_column width=&#8220;1\/4&#8243; offset=&#8220;vc_col-sm-offset-1&#8243;][vc_column_text]<\/p>\n<h4>Be4 S.r.l.<\/h4>\n<p>[\/vc_column_text][vc_empty_space height=&#8220;17px&#8220;][\/vc_column][vc_column width=&#8220;7\/12&#8243;][vc_column_text]Zur Optimierung interner Synergien hat ITALFIL im September 2000 die Filiale Be4 gegr\u00fcndet, die darauf ausgerichtet ist, spezielle Dienstleistungen und Produkte f\u00fcr den organisierten Gro\u00df- und Einzelhandel anzubieten.[\/vc_column_text][\/vc_column][\/vc_row][vc_row][vc_column][vc_empty_space height=&#8220;100px&#8220;][\/vc_column][\/vc_row][vc_row type=&#8220;boxed&#8220;][vc_column width=&#8220;1\/4&#8243; offset=&#8220;vc_col-sm-offset-1&#8243;][vc_column_text]<\/p>\n<h4>Nachhaltigkeit durch eigene Solaranlage<\/h4>\n<p>[\/vc_column_text][vc_empty_space height=&#8220;17px&#8220;][\/vc_column][vc_column width=&#8220;7\/12&#8243;][vc_column_text]Im Jahr 2011 hat sich ITALFIL entschlossen, in die Solarenergie zu investieren. Wir besitzen aktuell eine eigene 3.000m2-Solaranlage, die unserem Unternehmen einerseits ein umweltfreundliches Gesicht verleiht und gleichzeitig 0% Umweltbelastung darstellt.<br \/>\nUnsere Ziele: Umweltbewusstsein, Sozialethik und Wirtschaftlichkeit.[\/vc_column_text][\/vc_column][\/vc_row][vc_row][vc_column][vc_empty_space height=&#8220;100px&#8220;][\/vc_column][\/vc_row]<\/p>\n<\/div>","protected":false},"excerpt":{"rendered":"<p>[vc_row type=&#8220;boxed&#8220;][vc_column][vc_empty_space height=&#8220;47px&#8220;][vc_column_text] Unternehmen [\/vc_column_text][\/vc_column][\/vc_row][vc_row type=&#8220;boxed&#8220;][vc_column][vc_empty_space height=&#8220;43px&#8220;][vc_empty_space height=&#8220;47px&#8220;][\/vc_column][\/vc_row][vc_row type=&#8220;boxed&#8220;][vc_column width=&#8220;1\/4&#8243; offset=&#8220;vc_col-sm-offset-1&#8243;][vc_column_text] Unternehmensgeschichte [\/vc_column_text][vc_empty_space height=&#8220;17px&#8220;][\/vc_column][vc_column width=&#8220;7\/12&#8243;][vc_column_text] ITALFIL wurde 1981 gegr\u00fcndet und hat sich im Laufe der Jahre zu einer Referenz und einem marktf\u00fchrenden Hersteller von falt- und stapelbaren Beh\u00e4ltern aus Stahldraht entwickelt, u.a. f\u00fcr Lagerhaltung, Transport &amp; Logistik, Industrietransporte, Kellereien, H\u00e4ndler sowie die Pr\u00e4sentation von Handelsprodukten. &hellip;<\/p>\n","protected":false},"author":1,"featured_media":0,"parent":0,"menu_order":0,"comment_status":"closed","ping_status":"closed","template":"","meta":[],"yoast_head":"<!-- This site is optimized with the Yoast SEO plugin v18.2 - https:\/\/yoast.com\/wordpress\/plugins\/seo\/ -->\n<title>Unternehmen | Italfil<\/title>\n<meta name=\"description\" content=\"Unternehmen Unternehmensgeschichte ITALFIL wurde 1981 gegr\u00fcndet und hat sich im Laufe der Jahre zu einer Referenz und einem marktf\u00fchrenden Hersteller von\" \/>\n<meta name=\"robots\" content=\"index, follow, max-snippet:-1, max-image-preview:large, max-video-preview:-1\" \/>\n<link rel=\"canonical\" href=\"https:\/\/www.italfil.it\/de\/unternehmen\/\" \/>\n<meta property=\"og:locale\" content=\"de_DE\" \/>\n<meta property=\"og:type\" content=\"article\" \/>\n<meta property=\"og:title\" content=\"Unternehmen | Italfil\" \/>\n<meta property=\"og:description\" content=\"Unternehmen Unternehmensgeschichte ITALFIL wurde 1981 gegr\u00fcndet und hat sich im Laufe der Jahre zu einer Referenz und einem marktf\u00fchrenden Hersteller von\" \/>\n<meta property=\"og:url\" content=\"https:\/\/www.italfil.it\/de\/unternehmen\/\" \/>\n<meta property=\"og:site_name\" content=\"Italfil\" \/>\n<meta property=\"article:publisher\" content=\"https:\/\/www.facebook.com\/italfil\/\" \/>\n<meta property=\"article:modified_time\" content=\"2020-10-19T20:24:27+00:00\" \/>\n<meta property=\"og:image\" content=\"https:\/\/www.italfil.it\/wp-content\/uploads\/2019\/04\/Schermata-2019-04-13-alle-14.53.40.png\" \/>\n\t<meta property=\"og:image:width\" content=\"3350\" \/>\n\t<meta property=\"og:image:height\" content=\"1606\" \/>\n\t<meta property=\"og:image:type\" content=\"image\/png\" \/>\n<meta name=\"twitter:card\" content=\"summary_large_image\" \/>\n<meta name=\"twitter:label1\" content=\"Gesch\u00e4tzte Lesezeit\" \/>\n\t<meta name=\"twitter:data1\" content=\"4\u00a0Minuten\" \/>\n<script type=\"application\/ld+json\" class=\"yoast-schema-graph\">{\"@context\":\"https:\/\/schema.org\",\"@graph\":[{\"@type\":\"Organization\",\"@id\":\"https:\/\/www.italfil.it\/de\/#organization\",\"name\":\"Italfil\",\"url\":\"https:\/\/www.italfil.it\/de\/\",\"sameAs\":[\"https:\/\/www.facebook.com\/italfil\/\",\"https:\/\/www.instagram.com\/italfil_italia\/\"],\"logo\":{\"@type\":\"ImageObject\",\"@id\":\"https:\/\/www.italfil.it\/de\/#logo\",\"inLanguage\":\"de\",\"url\":\"https:\/\/www.italfil.it\/wp-content\/uploads\/2018\/06\/italfil-marchio-bandiera.png\",\"contentUrl\":\"https:\/\/www.italfil.it\/wp-content\/uploads\/2018\/06\/italfil-marchio-bandiera.png\",\"width\":1036,\"height\":1010,\"caption\":\"Italfil\"},\"image\":{\"@id\":\"https:\/\/www.italfil.it\/de\/#logo\"}},{\"@type\":\"WebSite\",\"@id\":\"https:\/\/www.italfil.it\/de\/#website\",\"url\":\"https:\/\/www.italfil.it\/de\/\",\"name\":\"Italfil\",\"description\":\"Realt\u00e0 in movimento\",\"publisher\":{\"@id\":\"https:\/\/www.italfil.it\/de\/#organization\"},\"potentialAction\":[{\"@type\":\"SearchAction\",\"target\":{\"@type\":\"EntryPoint\",\"urlTemplate\":\"https:\/\/www.italfil.it\/de\/?s={search_term_string}\"},\"query-input\":\"required name=search_term_string\"}],\"inLanguage\":\"de\"},{\"@type\":\"WebPage\",\"@id\":\"https:\/\/www.italfil.it\/de\/unternehmen\/#webpage\",\"url\":\"https:\/\/www.italfil.it\/de\/unternehmen\/\",\"name\":\"Unternehmen | Italfil\",\"isPartOf\":{\"@id\":\"https:\/\/www.italfil.it\/de\/#website\"},\"datePublished\":\"2015-08-12T10:27:19+00:00\",\"dateModified\":\"2020-10-19T20:24:27+00:00\",\"description\":\"Unternehmen Unternehmensgeschichte ITALFIL wurde 1981 gegr\u00fcndet und hat sich im Laufe der Jahre zu einer Referenz und einem marktf\u00fchrenden Hersteller von\",\"breadcrumb\":{\"@id\":\"https:\/\/www.italfil.it\/de\/unternehmen\/#breadcrumb\"},\"inLanguage\":\"de\",\"potentialAction\":[{\"@type\":\"ReadAction\",\"target\":[\"https:\/\/www.italfil.it\/de\/unternehmen\/\"]}]},{\"@type\":\"BreadcrumbList\",\"@id\":\"https:\/\/www.italfil.it\/de\/unternehmen\/#breadcrumb\",\"itemListElement\":[{\"@type\":\"ListItem\",\"position\":1,\"name\":\"Home\",\"item\":\"https:\/\/www.italfil.it\/de\/\"},{\"@type\":\"ListItem\",\"position\":2,\"name\":\"Unternehmen\"}]}]}<\/script>\n<!-- \/ Yoast SEO plugin. -->","yoast_head_json":{"title":"Unternehmen | Italfil","description":"Unternehmen Unternehmensgeschichte ITALFIL wurde 1981 gegr\u00fcndet und hat sich im Laufe der Jahre zu einer Referenz und einem marktf\u00fchrenden Hersteller von","robots":{"index":"index","follow":"follow","max-snippet":"max-snippet:-1","max-image-preview":"max-image-preview:large","max-video-preview":"max-video-preview:-1"},"canonical":"https:\/\/www.italfil.it\/de\/unternehmen\/","og_locale":"de_DE","og_type":"article","og_title":"Unternehmen | Italfil","og_description":"Unternehmen Unternehmensgeschichte ITALFIL wurde 1981 gegr\u00fcndet und hat sich im Laufe der Jahre zu einer Referenz und einem marktf\u00fchrenden Hersteller von","og_url":"https:\/\/www.italfil.it\/de\/unternehmen\/","og_site_name":"Italfil","article_publisher":"https:\/\/www.facebook.com\/italfil\/","article_modified_time":"2020-10-19T20:24:27+00:00","og_image":[{"width":3350,"height":1606,"url":"https:\/\/www.italfil.it\/wp-content\/uploads\/2019\/04\/Schermata-2019-04-13-alle-14.53.40.png","type":"image\/png"}],"twitter_card":"summary_large_image","twitter_misc":{"Gesch\u00e4tzte Lesezeit":"4\u00a0Minuten"},"schema":{"@context":"https:\/\/schema.org","@graph":[{"@type":"Organization","@id":"https:\/\/www.italfil.it\/de\/#organization","name":"Italfil","url":"https:\/\/www.italfil.it\/de\/","sameAs":["https:\/\/www.facebook.com\/italfil\/","https:\/\/www.instagram.com\/italfil_italia\/"],"logo":{"@type":"ImageObject","@id":"https:\/\/www.italfil.it\/de\/#logo","inLanguage":"de","url":"https:\/\/www.italfil.it\/wp-content\/uploads\/2018\/06\/italfil-marchio-bandiera.png","contentUrl":"https:\/\/www.italfil.it\/wp-content\/uploads\/2018\/06\/italfil-marchio-bandiera.png","width":1036,"height":1010,"caption":"Italfil"},"image":{"@id":"https:\/\/www.italfil.it\/de\/#logo"}},{"@type":"WebSite","@id":"https:\/\/www.italfil.it\/de\/#website","url":"https:\/\/www.italfil.it\/de\/","name":"Italfil","description":"Realt\u00e0 in movimento","publisher":{"@id":"https:\/\/www.italfil.it\/de\/#organization"},"potentialAction":[{"@type":"SearchAction","target":{"@type":"EntryPoint","urlTemplate":"https:\/\/www.italfil.it\/de\/?s={search_term_string}"},"query-input":"required name=search_term_string"}],"inLanguage":"de"},{"@type":"WebPage","@id":"https:\/\/www.italfil.it\/de\/unternehmen\/#webpage","url":"https:\/\/www.italfil.it\/de\/unternehmen\/","name":"Unternehmen | Italfil","isPartOf":{"@id":"https:\/\/www.italfil.it\/de\/#website"},"datePublished":"2015-08-12T10:27:19+00:00","dateModified":"2020-10-19T20:24:27+00:00","description":"Unternehmen Unternehmensgeschichte ITALFIL wurde 1981 gegr\u00fcndet und hat sich im Laufe der Jahre zu einer Referenz und einem marktf\u00fchrenden Hersteller von","breadcrumb":{"@id":"https:\/\/www.italfil.it\/de\/unternehmen\/#breadcrumb"},"inLanguage":"de","potentialAction":[{"@type":"ReadAction","target":["https:\/\/www.italfil.it\/de\/unternehmen\/"]}]},{"@type":"BreadcrumbList","@id":"https:\/\/www.italfil.it\/de\/unternehmen\/#breadcrumb","itemListElement":[{"@type":"ListItem","position":1,"name":"Home","item":"https:\/\/www.italfil.it\/de\/"},{"@type":"ListItem","position":2,"name":"Unternehmen"}]}]}},"_links":{"self":[{"href":"https:\/\/www.italfil.it\/de\/wp-json\/wp\/v2\/pages\/2936"}],"collection":[{"href":"https:\/\/www.italfil.it\/de\/wp-json\/wp\/v2\/pages"}],"about":[{"href":"https:\/\/www.italfil.it\/de\/wp-json\/wp\/v2\/types\/page"}],"author":[{"embeddable":true,"href":"https:\/\/www.italfil.it\/de\/wp-json\/wp\/v2\/users\/1"}],"replies":[{"embeddable":true,"href":"https:\/\/www.italfil.it\/de\/wp-json\/wp\/v2\/comments?post=2936"}],"version-history":[{"count":16,"href":"https:\/\/www.italfil.it\/de\/wp-json\/wp\/v2\/pages\/2936\/revisions"}],"predecessor-version":[{"id":4492,"href":"https:\/\/www.italfil.it\/de\/wp-json\/wp\/v2\/pages\/2936\/revisions\/4492"}],"wp:attachment":[{"href":"https:\/\/www.italfil.it\/de\/wp-json\/wp\/v2\/media?parent=2936"}],"curies":[{"name":"wp","href":"https:\/\/api.w.org\/{rel}","templated":true}]}}